{"id":16353,"date":"2020-01-31T00:32:23","date_gmt":"2020-01-30T21:32:23","guid":{"rendered":"https:\/\/www.draamateater.ee\/education\/arvustus\/"},"modified":"2023-04-10T16:14:33","modified_gmt":"2023-04-10T13:14:33","slug":"arvustus","status":"publish","type":"page","link":"https:\/\/www.draamateater.ee\/en\/koolinoortele\/arvustus\/","title":{"rendered":"Theatre review competition"},"content":{"rendered":"\n<p>Since the 1999\/2000 season, the Estonian Drama Theater has held an annual review competition. Throughout the years, the competition has attracted high school students from all over Estonia, who have written reviews on a variety of topics, including analyses of performances they have seen.<\/p>\n\n\n\n<p>Each year, a panel of theater employees serves as the jury, selecting the most outstanding reviews. The winners are recognized and rewarded for their achievements.<\/p>\n\n\n\n<p>It is worth noting that many participants of the review competition have gone on to become successful professionals in fields such as theater criticism, writing, humanities, and playwriting.<\/p>\n\n\n\n<p>We extend our gratitude to all the participants and their supervisors for their contributions to the competition&#8217;s success over the years<\/p>\n\n\n\n<p><\/p>\n","protected":false},"excerpt":{"rendered":"<p>Since the 1999\/2000 season, the Estonian Drama Theater has held an annual review competition. Throughout the years, the competition has attracted high school students from all over Estonia, who have written reviews on a variety of topics, including analyses of performances they have seen. Each year, a panel of theater employees serves as the jury, [&hellip;]<\/p>\n","protected":false},"author":7,"featured_media":0,"parent":15384,"menu_order":51,"comment_status":"closed","ping_status":"closed","template":"","meta":{"_acf_changed":false,"footnotes":""},"class_list":["post-16353","page","type-page","status-publish","hentry"],"acf":[],"yoast_head":"<!-- This site is optimized with the Yoast SEO plugin v27.5 - https:\/\/yoast.com\/product\/yoast-seo-wordpress\/ -->\n<title>Theatre review competition - Draamateater<\/title>\n<meta name=\"description\" content=\"Since the 1999\/2000 season, the Estonian Drama Theater has held an annual review competition. Throughout the years, the competition has attracted high school students from all over Estonia.\" \/>\n<meta name=\"robots\" content=\"index, follow, max-snippet:-1, max-image-preview:large, max-video-preview:-1\" \/>\n<link rel=\"canonical\" href=\"https:\/\/www.draamateater.ee\/en\/koolinoortele\/arvustus\/\" \/>\n<meta property=\"og:locale\" content=\"en_US\" \/>\n<meta property=\"og:type\" content=\"article\" \/>\n<meta property=\"og:title\" content=\"Kirjuta teatrist! - Arvustuste v\u00f5istlus\" \/>\n<meta property=\"og:description\" content=\"27. m\u00e4rtsini 2022 ootame koolinoorte m\u00f5tteid Draamateatri lavastuste kohta!\" \/>\n<meta property=\"og:url\" content=\"https:\/\/www.draamateater.ee\/en\/koolinoortele\/arvustus\/\" \/>\n<meta property=\"og:site_name\" content=\"Draamateater\" \/>\n<meta property=\"article:publisher\" content=\"https:\/\/www.facebook.com\/draamateater\/\" \/>\n<meta property=\"article:modified_time\" content=\"2023-04-10T13:14:33+00:00\" \/>\n<meta property=\"og:image\" content=\"https:\/\/www.draamateater.ee\/wp-content\/uploads\/2022\/03\/Arvustuste-voistlus_2022_Eesti-Draamateater.jpg\" \/>\n<meta name=\"twitter:card\" content=\"summary_large_image\" \/>\n<meta name=\"twitter:title\" content=\"Arvustuste v\u00f5istlus - Draamateater\" \/>\n<meta name=\"twitter:description\" content=\"27. m\u00e4rtsini 2022 ootame koolinoorte m\u00f5tteid Draamateatri lavastuste kohta!\" \/>\n<meta name=\"twitter:image\" content=\"https:\/\/www.draamateater.ee\/wp-content\/uploads\/2022\/03\/Arvustuste-voistlus_2022_Eesti-Draamateater.jpg\" \/>\n<meta name=\"twitter:label1\" content=\"Est. reading time\" \/>\n\t<meta name=\"twitter:data1\" content=\"1 minute\" \/>\n<script type=\"application\/ld+json\" class=\"yoast-schema-graph\">{\"@context\":\"https:\\\/\\\/schema.org\",\"@graph\":[{\"@type\":\"WebPage\",\"@id\":\"https:\\\/\\\/www.draamateater.ee\\\/en\\\/koolinoortele\\\/arvustus\\\/\",\"url\":\"https:\\\/\\\/www.draamateater.ee\\\/en\\\/koolinoortele\\\/arvustus\\\/\",\"name\":\"Theatre review competition - Draamateater\",\"isPartOf\":{\"@id\":\"https:\\\/\\\/www.draamateater.ee\\\/en\\\/#website\"},\"datePublished\":\"2020-01-30T21:32:23+00:00\",\"dateModified\":\"2023-04-10T13:14:33+00:00\",\"description\":\"Since the 1999\\\/2000 season, the Estonian Drama Theater has held an annual review competition. Throughout the years, the competition has attracted high school students from all over Estonia.\",\"breadcrumb\":{\"@id\":\"https:\\\/\\\/www.draamateater.ee\\\/en\\\/koolinoortele\\\/arvustus\\\/#breadcrumb\"},\"inLanguage\":\"en-US\",\"potentialAction\":[{\"@type\":\"ReadAction\",\"target\":[\"https:\\\/\\\/www.draamateater.ee\\\/en\\\/koolinoortele\\\/arvustus\\\/\"]}]},{\"@type\":\"BreadcrumbList\",\"@id\":\"https:\\\/\\\/www.draamateater.ee\\\/en\\\/koolinoortele\\\/arvustus\\\/#breadcrumb\",\"itemListElement\":[{\"@type\":\"ListItem\",\"position\":1,\"name\":\"Home\",\"item\":\"https:\\\/\\\/www.draamateater.ee\\\/en\\\/avaleht\\\/?lang=en\"},{\"@type\":\"ListItem\",\"position\":2,\"name\":\"Education\",\"item\":\"https:\\\/\\\/www.draamateater.ee\\\/en\\\/koolinoortele\\\/?lang=en\"},{\"@type\":\"ListItem\",\"position\":3,\"name\":\"Theatre review competition\"}]},{\"@type\":\"WebSite\",\"@id\":\"https:\\\/\\\/www.draamateater.ee\\\/en\\\/#website\",\"url\":\"https:\\\/\\\/www.draamateater.ee\\\/en\\\/\",\"name\":\"Draamateater\",\"description\":\"\",\"potentialAction\":[{\"@type\":\"SearchAction\",\"target\":{\"@type\":\"EntryPoint\",\"urlTemplate\":\"https:\\\/\\\/www.draamateater.ee\\\/en\\\/?s={search_term_string}\"},\"query-input\":{\"@type\":\"PropertyValueSpecification\",\"valueRequired\":true,\"valueName\":\"search_term_string\"}}],\"inLanguage\":\"en-US\"}]}<\/script>\n<!-- \/ Yoast SEO plugin. -->","yoast_head_json":{"title":"Theatre review competition - Draamateater","description":"Since the 1999\/2000 season, the Estonian Drama Theater has held an annual review competition. Throughout the years, the competition has attracted high school students from all over Estonia.","robots":{"index":"index","follow":"follow","max-snippet":"max-snippet:-1","max-image-preview":"max-image-preview:large","max-video-preview":"max-video-preview:-1"},"canonical":"https:\/\/www.draamateater.ee\/en\/koolinoortele\/arvustus\/","og_locale":"en_US","og_type":"article","og_title":"Kirjuta teatrist! - Arvustuste v\u00f5istlus","og_description":"27. m\u00e4rtsini 2022 ootame koolinoorte m\u00f5tteid Draamateatri lavastuste kohta!","og_url":"https:\/\/www.draamateater.ee\/en\/koolinoortele\/arvustus\/","og_site_name":"Draamateater","article_publisher":"https:\/\/www.facebook.com\/draamateater\/","article_modified_time":"2023-04-10T13:14:33+00:00","og_image":[{"url":"https:\/\/www.draamateater.ee\/wp-content\/uploads\/2022\/03\/Arvustuste-voistlus_2022_Eesti-Draamateater.jpg","type":"","width":"","height":""}],"twitter_card":"summary_large_image","twitter_title":"Arvustuste v\u00f5istlus - Draamateater","twitter_description":"27. m\u00e4rtsini 2022 ootame koolinoorte m\u00f5tteid Draamateatri lavastuste kohta!","twitter_image":"https:\/\/www.draamateater.ee\/wp-content\/uploads\/2022\/03\/Arvustuste-voistlus_2022_Eesti-Draamateater.jpg","twitter_misc":{"Est. reading time":"1 minute"},"schema":{"@context":"https:\/\/schema.org","@graph":[{"@type":"WebPage","@id":"https:\/\/www.draamateater.ee\/en\/koolinoortele\/arvustus\/","url":"https:\/\/www.draamateater.ee\/en\/koolinoortele\/arvustus\/","name":"Theatre review competition - Draamateater","isPartOf":{"@id":"https:\/\/www.draamateater.ee\/en\/#website"},"datePublished":"2020-01-30T21:32:23+00:00","dateModified":"2023-04-10T13:14:33+00:00","description":"Since the 1999\/2000 season, the Estonian Drama Theater has held an annual review competition. Throughout the years, the competition has attracted high school students from all over Estonia.","breadcrumb":{"@id":"https:\/\/www.draamateater.ee\/en\/koolinoortele\/arvustus\/#breadcrumb"},"inLanguage":"en-US","potentialAction":[{"@type":"ReadAction","target":["https:\/\/www.draamateater.ee\/en\/koolinoortele\/arvustus\/"]}]},{"@type":"BreadcrumbList","@id":"https:\/\/www.draamateater.ee\/en\/koolinoortele\/arvustus\/#breadcrumb","itemListElement":[{"@type":"ListItem","position":1,"name":"Home","item":"https:\/\/www.draamateater.ee\/en\/avaleht\/?lang=en"},{"@type":"ListItem","position":2,"name":"Education","item":"https:\/\/www.draamateater.ee\/en\/koolinoortele\/?lang=en"},{"@type":"ListItem","position":3,"name":"Theatre review competition"}]},{"@type":"WebSite","@id":"https:\/\/www.draamateater.ee\/en\/#website","url":"https:\/\/www.draamateater.ee\/en\/","name":"Draamateater","description":"","potentialAction":[{"@type":"SearchAction","target":{"@type":"EntryPoint","urlTemplate":"https:\/\/www.draamateater.ee\/en\/?s={search_term_string}"},"query-input":{"@type":"PropertyValueSpecification","valueRequired":true,"valueName":"search_term_string"}}],"inLanguage":"en-US"}]}},"_links":{"self":[{"href":"https:\/\/www.draamateater.ee\/en\/wp-json\/wp\/v2\/pages\/16353","targetHints":{"allow":["GET"]}}],"collection":[{"href":"https:\/\/www.draamateater.ee\/en\/wp-json\/wp\/v2\/pages"}],"about":[{"href":"https:\/\/www.draamateater.ee\/en\/wp-json\/wp\/v2\/types\/page"}],"author":[{"embeddable":true,"href":"https:\/\/www.draamateater.ee\/en\/wp-json\/wp\/v2\/users\/7"}],"replies":[{"embeddable":true,"href":"https:\/\/www.draamateater.ee\/en\/wp-json\/wp\/v2\/comments?post=16353"}],"version-history":[{"count":10,"href":"https:\/\/www.draamateater.ee\/en\/wp-json\/wp\/v2\/pages\/16353\/revisions"}],"predecessor-version":[{"id":26249,"href":"https:\/\/www.draamateater.ee\/en\/wp-json\/wp\/v2\/pages\/16353\/revisions\/26249"}],"up":[{"embeddable":true,"href":"https:\/\/www.draamateater.ee\/en\/wp-json\/wp\/v2\/pages\/15384"}],"wp:attachment":[{"href":"https:\/\/www.draamateater.ee\/en\/wp-json\/wp\/v2\/media?parent=16353"}],"curies":[{"name":"wp","href":"https:\/\/api.w.org\/{rel}","templated":true}]}}