{"id":16355,"date":"2020-12-08T16:01:48","date_gmt":"2020-12-08T13:01:48","guid":{"rendered":"https:\/\/www.draamateater.ee\/education\/ule-rambi-laboratoorium\/"},"modified":"2023-04-05T11:32:28","modified_gmt":"2023-04-05T08:32:28","slug":"ule-rambi-laboratoorium","status":"publish","type":"page","link":"https:\/\/www.draamateater.ee\/en\/koolinoortele\/ule-rambi-laboratoorium\/","title":{"rendered":"\u00dcle Rambi laboratoorium"},"content":{"rendered":"\n<p><em>\u00dcle Rambi laboratoorium oli g\u00fcmnaasiumi ajal hea v\u00f5imalus end teatriga siduda, olles vaatajana tegijatega mingis m\u00f5ttes dialoogis. Vestlused juhendajate, lavastajate ja teatriteadlastega andsid esmased t\u00f6\u00f6riistad etenduse anal\u00fc\u00fcsimiseks ning lavastusprotsessi m\u00f5istmiseks. Samuti tekkis mu \u00fcmber grupp noori, kellega etendustel k\u00e4ia, teatripileteid ja lugemismaterjali vahetada. Ning k\u00f5ik oli m\u00f5nusalt vabas vormis, asjalikkus \u00fcleliigse formaalsuseta. (Heneliis Notton, I lennu liige)<\/em><\/p>\n\n\n\n<p><em>\u00dcle Rambi laboratooriumist j\u00e4id mulle eelk\u00f5ige meelde p\u00f5nevad arutelud lavastajate, teatriuurijate ning teiste teatrihuviliste noortega. \u00dcheskoos vaatasime erinevaid lavastusi ning hiljem anal\u00fc\u00fcsisime neid. Arvustuste kirjutamine oli tore proovikivi, millele oli alati ootamas konstruktiivne ning mitmek\u00fclge tagasiside. Soovitan kindlasti liituda, sest \u00dcle Rambi annab teatris\u00f5brale tulevikuks kaasa \u00e4\u00e4rmiselt suure ja p\u00f5neva pagasi! (Carolin Simona Laurits, I lennu liige<\/em>)<\/p>\n\n\n\n<p>Noorte kriitikalaboratoorium koondab g\u00fcmnasiste, kellele meeldib teatris k\u00e4ia, teatri \u00fcle arutleda ja oma m\u00f5tteid kirjas\u00f5nas v\u00e4ljendada. Laboratooriumis saab teadmisi teatri toimimisest, etenduse anal\u00fc\u00fcsi ja arvustuse kirjutamise p\u00f5hit\u00f5dedest. Kohtumistel arutletakse n\u00e4htud lavastusi, oma n\u00e4gemust teatrist ja kriitikast tutvustavad nii n\u00e4itlejad ja lavastajad kui kriitikud.<br><\/p>\n\n\n\n<h2 class=\"wp-block-heading\">II lend<br><\/h2>\n\n\n\n<p>Osalejad: Ann-Sophie Sarapuu, Karl Marten Kristenprun, Elisabeth Kass, Stella REinum\u00e4gi, Elis Listra, Heli Piht, Eliise Tuulem\u00e4e, Marta Mia Lepland, Lotta Lizbeth Hirv, Grete Lepp.<br><br>II lend kogunes 2021. aasta oktoobrist kuni 2022. aasta maini paar korda kuus esmasp\u00e4eviti kell 17.00\u201319.00. \u00dchiselt vaadati lavastusi \u201e<a href=\"https:\/\/www.draamateater.ee\/lavastus\/rahvavaenlane\/?lang=en\" class=\"ek-link\">Rahvavaenlane<\/a>\u201c (Henrik Ibsen, lav. Kertu Moppel), \u201e<a href=\"https:\/\/www.draamateater.ee\/lavastus\/mefisto\/?lang=en\" class=\"ek-link\">Mefisto<\/a>\u201c (Klaus Mann, lav. Kertu Moppel), \u201e<a href=\"https:\/\/www.draamateater.ee\/lavastus\/samad-sonad-teine-viis\/?lang=en\" class=\"ek-link\">Samad s\u00f5nad, teine viis<\/a>\u201c (Piret Jaaks, lav. Mari-Liis Lill), \u201e<a href=\"https:\/\/www.draamateater.ee\/lavastus\/katsed-elu-kallal\/?lang=en\" class=\"ek-link\">Katsed elu kallal<\/a> (Martin Crimp, lav. Priit V\u00f5igemast), \u201e<a href=\"https:\/\/www.draamateater.ee\/lavastus\/amadeus\/?lang=en\" class=\"ek-link\">Amadeus<\/a>\u201c (Peter Shaffer, lav. Karl Laumets), \u201e<a href=\"https:\/\/saal.ee\/performance\/eden-detail-1598\/\" class=\"ek-link\">Eden Detail<\/a>\u201c (Jette Loona Hermanis, Johhan Rosenberg, Kanuti Gildi SAAL). Kohtusime Ott Karulini, Mari-Liis Lille, Inga Saluranna, Karin Alliku, Karl Laumetsa, Heneliis Nottoni ja Priit Rauaga. Laboratooriumit juhendas Kairi Kruus (Draamateatri kirjandustoimetaja).<\/p>\n\n\n\n<h2 class=\"wp-block-heading\">I lend<\/h2>\n\n\n\n<p>Osalejad: Meeri Paltmann, Hanna-Ita Kask, Laura Rein, Carolin Simona Laurits, Karl Robert Kristenprun, Elizabeth Teng, Liis Liivand, Alice Jaanus, Jacqueline L\u00e4\u00e4ne, Karl Mattias Arulepp, Eva Maria Aru, Elisabeth Kass, Christofer Kivipalu, Heneliis Notton, Pauliine P\u00f5ldmaa.<\/p>\n\n\n\n<p>\u00dcle Rambi I lend k\u00e4is koos 2019. aasta oktoobrist kuni 2020. aasta maini. Vaatluse all olid lavastused \u201eIvanov&#8221;, \u201eNoored hinged\u201c, \u201eRahvavaenlane\u201c, \u201eT\u00f5rksa taltsutus\u201c, \u201eNukumaja, osa 2\u201c. Kohtusime Uku Uusbergi, Mirko Rajase, Kertu Moppeli, Leino Rei, Madli Pesti ja legendaarse teatriuurija, laboratooriumile nime andnud Lea Tormisega. Laboratooriumit vedasid Kairi Kruus (Eesti Draamateater), Marie Pullerits ja Priit P\u00f5ldma (Eesti Noorsooteater).<\/p>\n\n\n\n<p><\/p>\n","protected":false},"excerpt":{"rendered":"<p>\u00dcle Rambi laboratoorium oli g\u00fcmnaasiumi ajal hea v\u00f5imalus end teatriga siduda, olles vaatajana tegijatega mingis m\u00f5ttes dialoogis. Vestlused juhendajate, lavastajate ja teatriteadlastega andsid esmased t\u00f6\u00f6riistad etenduse anal\u00fc\u00fcsimiseks ning lavastusprotsessi m\u00f5istmiseks. Samuti tekkis mu \u00fcmber grupp noori, kellega etendustel k\u00e4ia, teatripileteid ja lugemismaterjali vahetada. Ning k\u00f5ik oli m\u00f5nusalt vabas vormis, asjalikkus \u00fcleliigse formaalsuseta. (Heneliis Notton, I [&hellip;]<\/p>\n","protected":false},"author":7,"featured_media":0,"parent":15384,"menu_order":55,"comment_status":"closed","ping_status":"closed","template":"","meta":{"_acf_changed":false,"footnotes":""},"class_list":["post-16355","page","type-page","status-publish","hentry"],"acf":[],"yoast_head":"<!-- This site is optimized with the Yoast SEO plugin v27.5 - https:\/\/yoast.com\/product\/yoast-seo-wordpress\/ -->\n<title>\u00dcle Rambi laboratoorium - Draamateater<\/title>\n<meta name=\"description\" content=\"\u00dcle Rambi laboratoorium on noorte teatrihuviliste kriitikalaboratoorium. Eesti Draamateatri ja Eesti Noorsooteatri koost\u00f6\u00f6s s\u00fcndinud ettev\u00f5tmises k\u00e4iakse teatris, kohtutakse teatriteoreetikute ja -praktikutega ja arutletakse teatris toimuva \u00fcle.\" \/>\n<meta name=\"robots\" content=\"index, follow, max-snippet:-1, max-image-preview:large, max-video-preview:-1\" \/>\n<link rel=\"canonical\" href=\"https:\/\/www.draamateater.ee\/en\/koolinoortele\/ule-rambi-laboratoorium\/\" \/>\n<meta property=\"og:locale\" content=\"en_US\" \/>\n<meta property=\"og:type\" content=\"article\" \/>\n<meta property=\"og:title\" content=\"\u00dcle Rambi laboratoorium - noorte kriitikalaboratoorium\" \/>\n<meta property=\"og:description\" content=\"\u00dcle Rambi laboratoorium koguneb, et k\u00e4ia etendustel, lavastusi anal\u00fc\u00fcsida, kohtuda teatriteoreetikute ja -praktikutega.\" \/>\n<meta property=\"og:url\" content=\"https:\/\/www.draamateater.ee\/en\/koolinoortele\/ule-rambi-laboratoorium\/\" \/>\n<meta property=\"og:site_name\" content=\"Draamateater\" \/>\n<meta property=\"article:publisher\" content=\"https:\/\/www.facebook.com\/draamateater\/\" \/>\n<meta property=\"article:modified_time\" content=\"2023-04-05T08:32:28+00:00\" \/>\n<meta property=\"og:image\" content=\"https:\/\/www.draamateater.ee\/wp-content\/uploads\/2020\/10\/FB_logo_mv-01.jpg\" \/>\n<meta name=\"twitter:card\" content=\"summary_large_image\" \/>\n<meta name=\"twitter:title\" content=\"\u00dcle Rambi laboratoorium - noorte kriitikalaboratoorium\" \/>\n<meta name=\"twitter:description\" content=\"\u00dcle Rambi laboratoorium koguneb, et k\u00e4ia etendustel, lavastusi anal\u00fc\u00fcsida, kohtuda teatriteoreetikute ja -praktikutega.\" \/>\n<meta name=\"twitter:label1\" content=\"Est. reading time\" \/>\n\t<meta name=\"twitter:data1\" content=\"2 minutes\" \/>\n<script type=\"application\/ld+json\" class=\"yoast-schema-graph\">{\"@context\":\"https:\\\/\\\/schema.org\",\"@graph\":[{\"@type\":\"WebPage\",\"@id\":\"https:\\\/\\\/www.draamateater.ee\\\/en\\\/koolinoortele\\\/ule-rambi-laboratoorium\\\/\",\"url\":\"https:\\\/\\\/www.draamateater.ee\\\/en\\\/koolinoortele\\\/ule-rambi-laboratoorium\\\/\",\"name\":\"\u00dcle Rambi laboratoorium - Draamateater\",\"isPartOf\":{\"@id\":\"https:\\\/\\\/www.draamateater.ee\\\/en\\\/#website\"},\"datePublished\":\"2020-12-08T13:01:48+00:00\",\"dateModified\":\"2023-04-05T08:32:28+00:00\",\"description\":\"\u00dcle Rambi laboratoorium on noorte teatrihuviliste kriitikalaboratoorium. Eesti Draamateatri ja Eesti Noorsooteatri koost\u00f6\u00f6s s\u00fcndinud ettev\u00f5tmises k\u00e4iakse teatris, kohtutakse teatriteoreetikute ja -praktikutega ja arutletakse teatris toimuva \u00fcle.\",\"breadcrumb\":{\"@id\":\"https:\\\/\\\/www.draamateater.ee\\\/en\\\/koolinoortele\\\/ule-rambi-laboratoorium\\\/#breadcrumb\"},\"inLanguage\":\"en-US\",\"potentialAction\":[{\"@type\":\"ReadAction\",\"target\":[\"https:\\\/\\\/www.draamateater.ee\\\/en\\\/koolinoortele\\\/ule-rambi-laboratoorium\\\/\"]}]},{\"@type\":\"BreadcrumbList\",\"@id\":\"https:\\\/\\\/www.draamateater.ee\\\/en\\\/koolinoortele\\\/ule-rambi-laboratoorium\\\/#breadcrumb\",\"itemListElement\":[{\"@type\":\"ListItem\",\"position\":1,\"name\":\"Home\",\"item\":\"https:\\\/\\\/www.draamateater.ee\\\/en\\\/avaleht\\\/?lang=en\"},{\"@type\":\"ListItem\",\"position\":2,\"name\":\"Education\",\"item\":\"https:\\\/\\\/www.draamateater.ee\\\/en\\\/koolinoortele\\\/?lang=en\"},{\"@type\":\"ListItem\",\"position\":3,\"name\":\"\u00dcle Rambi laboratoorium\"}]},{\"@type\":\"WebSite\",\"@id\":\"https:\\\/\\\/www.draamateater.ee\\\/en\\\/#website\",\"url\":\"https:\\\/\\\/www.draamateater.ee\\\/en\\\/\",\"name\":\"Draamateater\",\"description\":\"\",\"potentialAction\":[{\"@type\":\"SearchAction\",\"target\":{\"@type\":\"EntryPoint\",\"urlTemplate\":\"https:\\\/\\\/www.draamateater.ee\\\/en\\\/?s={search_term_string}\"},\"query-input\":{\"@type\":\"PropertyValueSpecification\",\"valueRequired\":true,\"valueName\":\"search_term_string\"}}],\"inLanguage\":\"en-US\"}]}<\/script>\n<!-- \/ Yoast SEO plugin. -->","yoast_head_json":{"title":"\u00dcle Rambi laboratoorium - Draamateater","description":"\u00dcle Rambi laboratoorium on noorte teatrihuviliste kriitikalaboratoorium. Eesti Draamateatri ja Eesti Noorsooteatri koost\u00f6\u00f6s s\u00fcndinud ettev\u00f5tmises k\u00e4iakse teatris, kohtutakse teatriteoreetikute ja -praktikutega ja arutletakse teatris toimuva \u00fcle.","robots":{"index":"index","follow":"follow","max-snippet":"max-snippet:-1","max-image-preview":"max-image-preview:large","max-video-preview":"max-video-preview:-1"},"canonical":"https:\/\/www.draamateater.ee\/en\/koolinoortele\/ule-rambi-laboratoorium\/","og_locale":"en_US","og_type":"article","og_title":"\u00dcle Rambi laboratoorium - noorte kriitikalaboratoorium","og_description":"\u00dcle Rambi laboratoorium koguneb, et k\u00e4ia etendustel, lavastusi anal\u00fc\u00fcsida, kohtuda teatriteoreetikute ja -praktikutega.","og_url":"https:\/\/www.draamateater.ee\/en\/koolinoortele\/ule-rambi-laboratoorium\/","og_site_name":"Draamateater","article_publisher":"https:\/\/www.facebook.com\/draamateater\/","article_modified_time":"2023-04-05T08:32:28+00:00","og_image":[{"url":"https:\/\/www.draamateater.ee\/wp-content\/uploads\/2020\/10\/FB_logo_mv-01.jpg","type":"","width":"","height":""}],"twitter_card":"summary_large_image","twitter_title":"\u00dcle Rambi laboratoorium - noorte kriitikalaboratoorium","twitter_description":"\u00dcle Rambi laboratoorium koguneb, et k\u00e4ia etendustel, lavastusi anal\u00fc\u00fcsida, kohtuda teatriteoreetikute ja -praktikutega.","twitter_misc":{"Est. reading time":"2 minutes"},"schema":{"@context":"https:\/\/schema.org","@graph":[{"@type":"WebPage","@id":"https:\/\/www.draamateater.ee\/en\/koolinoortele\/ule-rambi-laboratoorium\/","url":"https:\/\/www.draamateater.ee\/en\/koolinoortele\/ule-rambi-laboratoorium\/","name":"\u00dcle Rambi laboratoorium - Draamateater","isPartOf":{"@id":"https:\/\/www.draamateater.ee\/en\/#website"},"datePublished":"2020-12-08T13:01:48+00:00","dateModified":"2023-04-05T08:32:28+00:00","description":"\u00dcle Rambi laboratoorium on noorte teatrihuviliste kriitikalaboratoorium. Eesti Draamateatri ja Eesti Noorsooteatri koost\u00f6\u00f6s s\u00fcndinud ettev\u00f5tmises k\u00e4iakse teatris, kohtutakse teatriteoreetikute ja -praktikutega ja arutletakse teatris toimuva \u00fcle.","breadcrumb":{"@id":"https:\/\/www.draamateater.ee\/en\/koolinoortele\/ule-rambi-laboratoorium\/#breadcrumb"},"inLanguage":"en-US","potentialAction":[{"@type":"ReadAction","target":["https:\/\/www.draamateater.ee\/en\/koolinoortele\/ule-rambi-laboratoorium\/"]}]},{"@type":"BreadcrumbList","@id":"https:\/\/www.draamateater.ee\/en\/koolinoortele\/ule-rambi-laboratoorium\/#breadcrumb","itemListElement":[{"@type":"ListItem","position":1,"name":"Home","item":"https:\/\/www.draamateater.ee\/en\/avaleht\/?lang=en"},{"@type":"ListItem","position":2,"name":"Education","item":"https:\/\/www.draamateater.ee\/en\/koolinoortele\/?lang=en"},{"@type":"ListItem","position":3,"name":"\u00dcle Rambi laboratoorium"}]},{"@type":"WebSite","@id":"https:\/\/www.draamateater.ee\/en\/#website","url":"https:\/\/www.draamateater.ee\/en\/","name":"Draamateater","description":"","potentialAction":[{"@type":"SearchAction","target":{"@type":"EntryPoint","urlTemplate":"https:\/\/www.draamateater.ee\/en\/?s={search_term_string}"},"query-input":{"@type":"PropertyValueSpecification","valueRequired":true,"valueName":"search_term_string"}}],"inLanguage":"en-US"}]}},"_links":{"self":[{"href":"https:\/\/www.draamateater.ee\/en\/wp-json\/wp\/v2\/pages\/16355","targetHints":{"allow":["GET"]}}],"collection":[{"href":"https:\/\/www.draamateater.ee\/en\/wp-json\/wp\/v2\/pages"}],"about":[{"href":"https:\/\/www.draamateater.ee\/en\/wp-json\/wp\/v2\/types\/page"}],"author":[{"embeddable":true,"href":"https:\/\/www.draamateater.ee\/en\/wp-json\/wp\/v2\/users\/7"}],"replies":[{"embeddable":true,"href":"https:\/\/www.draamateater.ee\/en\/wp-json\/wp\/v2\/comments?post=16355"}],"version-history":[{"count":8,"href":"https:\/\/www.draamateater.ee\/en\/wp-json\/wp\/v2\/pages\/16355\/revisions"}],"predecessor-version":[{"id":26169,"href":"https:\/\/www.draamateater.ee\/en\/wp-json\/wp\/v2\/pages\/16355\/revisions\/26169"}],"up":[{"embeddable":true,"href":"https:\/\/www.draamateater.ee\/en\/wp-json\/wp\/v2\/pages\/15384"}],"wp:attachment":[{"href":"https:\/\/www.draamateater.ee\/en\/wp-json\/wp\/v2\/media?parent=16355"}],"curies":[{"name":"wp","href":"https:\/\/api.w.org\/{rel}","templated":true}]}}