{"id":19215,"date":"2021-12-14T16:45:22","date_gmt":"2021-12-14T13:45:22","guid":{"rendered":"https:\/\/www.draamateater.ee\/?page_id=19215"},"modified":"2025-11-12T16:31:12","modified_gmt":"2025-11-12T13:31:12","slug":"toetajad-ja-partnerid","status":"publish","type":"page","link":"https:\/\/www.draamateater.ee\/en\/toetajad-ja-partnerid\/","title":{"rendered":"Toetajad ja partnerid"},"content":{"rendered":"\n<p>Kunstiline \u00f5nnestumine teatris s\u00fcnnib koost\u00f6\u00f6st, partnerlusest k\u00f5igi trupi liikmete vahel, tegutsegu nad siis laval v\u00f5i lava taga. Selle aluseks on avatud meel ning t\u00f6\u00f6 \u00fchise tulemuse nimel. Teades koost\u00f6\u00f6 v\u00e4\u00e4rtust, hindame k\u00f5rgelt h\u00e4id partnersuhteid ettev\u00f5tete ja organisatsioonidega, kes meie loomingulisi taotlusi jagavad ja toetavad.<\/p>\n\n\n\n<p><\/p>\n\n\n\n<h2 class=\"wp-block-heading\">Peatoetaja<\/h2>\n\n\n\n<div class=\"wp-block-media-text alignwide is-stacked-on-mobile sponsor\" style=\"grid-template-columns:28% auto\"><figure class=\"wp-block-media-text__media\"><a href=\"https:\/\/ugi.ee\"><img loading=\"lazy\" decoding=\"async\" width=\"1216\" height=\"716\" src=\"https:\/\/www.draamateater.ee\/wp-content\/uploads\/2022\/09\/UG-Invest_logo_v5.png\" alt=\"\" class=\"wp-image-22709 size-full\" srcset=\"https:\/\/www.draamateater.ee\/wp-content\/uploads\/2022\/09\/UG-Invest_logo_v5.png 1216w, https:\/\/www.draamateater.ee\/wp-content\/uploads\/2022\/09\/UG-Invest_logo_v5-640x377.png 640w, https:\/\/www.draamateater.ee\/wp-content\/uploads\/2022\/09\/UG-Invest_logo_v5-768x452.png 768w\" sizes=\"auto, (max-width: 1216px) 100vw, 1216px\" \/><\/a><\/figure><div class=\"wp-block-media-text__content\">\n<p class=\"has-large-font-size\"><\/p>\n<\/div><\/div>\n\n\n\n<h2 class=\"wp-block-heading\">Toetajad<\/h2>\n\n\n\n<div class=\"wp-block-media-text is-stacked-on-mobile sponsor\" style=\"grid-template-columns:23% auto\"><figure class=\"wp-block-media-text__media\"><a href=\"https:\/\/www.prike.ee\"><img loading=\"lazy\" decoding=\"async\" width=\"275\" height=\"132\" src=\"https:\/\/www.draamateater.ee\/wp-content\/uploads\/2021\/12\/prike2-01.png\" alt=\"\" class=\"wp-image-19262 size-full\"\/><\/a><\/figure><div class=\"wp-block-media-text__content\">\n<p class=\"has-large-font-size\"><\/p>\n\n\n\n<p><\/p>\n\n\n\n<p><\/p>\n<\/div><\/div>\n\n\n\n<figure class=\"wp-block-image size-full is-resized\"><a href=\"https:\/\/coffeepeople.ee\/\"><img loading=\"lazy\" decoding=\"async\" width=\"280\" height=\"98\" src=\"https:\/\/www.draamateater.ee\/wp-content\/uploads\/2024\/08\/CoffeePeople-2.png\" alt=\"\" class=\"wp-image-31442\" style=\"width:200px;height:auto\"\/><\/a><\/figure>\n\n\n\n<p><\/p>\n\n\n\n<figure class=\"wp-block-image size-full is-resized\"><a href=\"https:\/\/www.scanweld.ee\/\"><img loading=\"lazy\" decoding=\"async\" width=\"814\" height=\"213\" src=\"https:\/\/www.draamateater.ee\/wp-content\/uploads\/2025\/11\/Scanweld-logo-3.png\" alt=\"\" class=\"wp-image-34634\" style=\"width:170px;height:auto\" srcset=\"https:\/\/www.draamateater.ee\/wp-content\/uploads\/2025\/11\/Scanweld-logo-3.png 814w, https:\/\/www.draamateater.ee\/wp-content\/uploads\/2025\/11\/Scanweld-logo-3-640x167.png 640w, https:\/\/www.draamateater.ee\/wp-content\/uploads\/2025\/11\/Scanweld-logo-3-768x201.png 768w\" sizes=\"auto, (max-width: 814px) 100vw, 814px\" \/><\/a><\/figure>\n\n\n\n<p><\/p>\n\n\n\n<h2 class=\"wp-block-heading\">Partnerid<\/h2>\n\n\n\n<p><\/p>\n\n\n\n<div class=\"wp-block-media-text alignwide is-stacked-on-mobile sponsor\" style=\"grid-template-columns:23% auto\"><figure class=\"wp-block-media-text__media\"><a href=\"https:\/\/www.myfitness.ee\"><img loading=\"lazy\" decoding=\"async\" width=\"324\" height=\"98\" src=\"https:\/\/www.draamateater.ee\/wp-content\/uploads\/2021\/12\/myfitness-01.png\" alt=\"\" class=\"wp-image-19238 size-full\"\/><\/a><\/figure><div class=\"wp-block-media-text__content\">\n<p class=\"has-large-font-size\"><\/p>\n<\/div><\/div>\n\n\n\n<div class=\"wp-block-media-text alignwide is-stacked-on-mobile sponsor\" style=\"grid-template-columns:23% auto\"><figure class=\"wp-block-media-text__media\"><a href=\"https:\/\/www.bioderma.ee\"><img loading=\"lazy\" decoding=\"async\" width=\"400\" height=\"163\" src=\"https:\/\/www.draamateater.ee\/wp-content\/uploads\/2022\/12\/bioderma-2.png\" alt=\"\" class=\"wp-image-24377 size-full\"\/><\/a><\/figure><div class=\"wp-block-media-text__content\">\n<p class=\"has-large-font-size\"><\/p>\n<\/div><\/div>\n\n\n\n<div class=\"wp-block-media-text alignwide is-stacked-on-mobile sponsor\" style=\"grid-template-columns:23% auto\"><figure class=\"wp-block-media-text__media\"><a href=\"https:\/\/probeaute.ee\"><img loading=\"lazy\" decoding=\"async\" width=\"1280\" height=\"390\" src=\"https:\/\/www.draamateater.ee\/wp-content\/uploads\/2023\/05\/pro_beaute-1.png\" alt=\"\" class=\"wp-image-26982 size-full\" srcset=\"https:\/\/www.draamateater.ee\/wp-content\/uploads\/2023\/05\/pro_beaute-1.png 1280w, https:\/\/www.draamateater.ee\/wp-content\/uploads\/2023\/05\/pro_beaute-1-1256x383.png 1256w, https:\/\/www.draamateater.ee\/wp-content\/uploads\/2023\/05\/pro_beaute-1-640x195.png 640w, https:\/\/www.draamateater.ee\/wp-content\/uploads\/2023\/05\/pro_beaute-1-768x234.png 768w\" sizes=\"auto, (max-width: 1280px) 100vw, 1280px\" \/><\/a><\/figure><div class=\"wp-block-media-text__content\">\n<p class=\"has-large-font-size\"><\/p>\n<\/div><\/div>\n\n\n\n<div class=\"wp-block-media-text alignwide is-stacked-on-mobile sponsor\" style=\"grid-template-columns:30% auto\"><figure class=\"wp-block-media-text__media\"><a href=\"https:\/\/pariisivesi.ee\"><img loading=\"lazy\" decoding=\"async\" width=\"371\" height=\"171\" src=\"https:\/\/www.draamateater.ee\/wp-content\/uploads\/2022\/09\/pariisi_vesi-1.png\" alt=\"\" class=\"wp-image-22721 size-full\"\/><\/a><\/figure><div class=\"wp-block-media-text__content\">\n<p class=\"has-large-font-size\"><\/p>\n<\/div><\/div>\n\n\n\n<p><\/p>\n\n\n\n<p><\/p>\n\n\n\n<div class=\"wp-block-media-text alignwide is-stacked-on-mobile sponsor\" style=\"grid-template-columns:19% auto\"><figure class=\"wp-block-media-text__media\"><a href=\"https:\/\/www.kalevspa.ee\"><img loading=\"lazy\" decoding=\"async\" width=\"324\" height=\"328\" src=\"https:\/\/www.draamateater.ee\/wp-content\/uploads\/2021\/12\/kalev-01.png\" alt=\"\" class=\"wp-image-19240 size-full\"\/><\/a><\/figure><div class=\"wp-block-media-text__content\">\n<p class=\"has-large-font-size\"><\/p>\n<\/div><\/div>\n\n\n\n<div class=\"wp-block-media-text alignwide is-stacked-on-mobile sponsor\" style=\"grid-template-columns:23% auto\"><figure class=\"wp-block-media-text__media\"><a href=\"https:\/\/www.piletimaailm.com\"><img loading=\"lazy\" decoding=\"async\" width=\"324\" height=\"98\" src=\"https:\/\/www.draamateater.ee\/wp-content\/uploads\/2021\/12\/PM-01.png\" alt=\"\" class=\"wp-image-19224 size-full\"\/><\/a><\/figure><div class=\"wp-block-media-text__content\">\n<p class=\"has-large-font-size\"><\/p>\n<\/div><\/div>\n\n\n\n<p><\/p>\n\n\n\n<p><\/p>\n\n\n\n<p><\/p>\n\n\n\n<p><\/p>\n","protected":false},"excerpt":{"rendered":"<p>Kunstiline \u00f5nnestumine teatris s\u00fcnnib koost\u00f6\u00f6st, partnerlusest k\u00f5igi trupi liikmete vahel, tegutsegu nad siis laval v\u00f5i lava taga. Selle aluseks on avatud meel ning t\u00f6\u00f6 \u00fchise tulemuse nimel. Teades koost\u00f6\u00f6 v\u00e4\u00e4rtust, hindame k\u00f5rgelt h\u00e4id partnersuhteid ettev\u00f5tete ja organisatsioonidega, kes meie loomingulisi taotlusi jagavad ja toetavad. Peatoetaja Toetajad Partnerid<\/p>\n","protected":false},"author":9,"featured_media":0,"parent":0,"menu_order":10,"comment_status":"closed","ping_status":"closed","template":"","meta":{"_acf_changed":false,"footnotes":""},"class_list":["post-19215","page","type-page","status-publish","hentry"],"acf":[],"yoast_head":"<!-- This site is optimized with the Yoast SEO plugin v27.5 - https:\/\/yoast.com\/product\/yoast-seo-wordpress\/ -->\n<title>Toetajad ja partnerid - Draamateater<\/title>\n<meta name=\"description\" content=\"Eesti Draamateatri toetajad ja partnerid\" \/>\n<meta name=\"robots\" content=\"index, follow, max-snippet:-1, max-image-preview:large, max-video-preview:-1\" \/>\n<link rel=\"canonical\" href=\"https:\/\/www.draamateater.ee\/en\/toetajad-ja-partnerid\/\" \/>\n<meta property=\"og:locale\" content=\"en_US\" \/>\n<meta property=\"og:type\" content=\"article\" \/>\n<meta property=\"og:title\" content=\"Draamateatri toetajad ja partnerid\" \/>\n<meta property=\"og:description\" content=\"Draamateatri toetajad ja partnerid\" \/>\n<meta property=\"og:url\" content=\"https:\/\/www.draamateater.ee\/en\/toetajad-ja-partnerid\/\" \/>\n<meta property=\"og:site_name\" content=\"Draamateater\" \/>\n<meta property=\"article:publisher\" content=\"https:\/\/www.facebook.com\/draamateater\/\" \/>\n<meta property=\"article:modified_time\" content=\"2025-11-12T13:31:12+00:00\" \/>\n<meta property=\"og:image\" content=\"https:\/\/www.draamateater.ee\/wp-content\/uploads\/2020\/10\/FB_logo_mv-01.jpg\" \/>\n\t<meta property=\"og:image:width\" content=\"8334\" \/>\n\t<meta property=\"og:image:height\" content=\"6667\" \/>\n\t<meta property=\"og:image:type\" content=\"image\/jpeg\" \/>\n<meta name=\"twitter:card\" content=\"summary_large_image\" \/>\n<meta name=\"twitter:title\" content=\"Draamateatri toetajad ja partnerid\" \/>\n<meta name=\"twitter:description\" content=\"Draamateatri toetajad ja partnerid\" \/>\n<meta name=\"twitter:label1\" content=\"Est. reading time\" \/>\n\t<meta name=\"twitter:data1\" content=\"3 minutes\" \/>\n<script type=\"application\/ld+json\" class=\"yoast-schema-graph\">{\"@context\":\"https:\\\/\\\/schema.org\",\"@graph\":[{\"@type\":\"WebPage\",\"@id\":\"https:\\\/\\\/www.draamateater.ee\\\/en\\\/toetajad-ja-partnerid\\\/\",\"url\":\"https:\\\/\\\/www.draamateater.ee\\\/en\\\/toetajad-ja-partnerid\\\/\",\"name\":\"Toetajad ja partnerid - Draamateater\",\"isPartOf\":{\"@id\":\"https:\\\/\\\/www.draamateater.ee\\\/en\\\/#website\"},\"primaryImageOfPage\":{\"@id\":\"https:\\\/\\\/www.draamateater.ee\\\/en\\\/toetajad-ja-partnerid\\\/#primaryimage\"},\"image\":{\"@id\":\"https:\\\/\\\/www.draamateater.ee\\\/en\\\/toetajad-ja-partnerid\\\/#primaryimage\"},\"thumbnailUrl\":\"https:\\\/\\\/www.draamateater.ee\\\/wp-content\\\/uploads\\\/2022\\\/09\\\/UG-Invest_logo_v5.png\",\"datePublished\":\"2021-12-14T13:45:22+00:00\",\"dateModified\":\"2025-11-12T13:31:12+00:00\",\"description\":\"Eesti Draamateatri toetajad ja partnerid\",\"breadcrumb\":{\"@id\":\"https:\\\/\\\/www.draamateater.ee\\\/en\\\/toetajad-ja-partnerid\\\/#breadcrumb\"},\"inLanguage\":\"en-US\",\"potentialAction\":[{\"@type\":\"ReadAction\",\"target\":[\"https:\\\/\\\/www.draamateater.ee\\\/en\\\/toetajad-ja-partnerid\\\/\"]}]},{\"@type\":\"ImageObject\",\"inLanguage\":\"en-US\",\"@id\":\"https:\\\/\\\/www.draamateater.ee\\\/en\\\/toetajad-ja-partnerid\\\/#primaryimage\",\"url\":\"https:\\\/\\\/www.draamateater.ee\\\/wp-content\\\/uploads\\\/2022\\\/09\\\/UG-Invest_logo_v5.png\",\"contentUrl\":\"https:\\\/\\\/www.draamateater.ee\\\/wp-content\\\/uploads\\\/2022\\\/09\\\/UG-Invest_logo_v5.png\"},{\"@type\":\"BreadcrumbList\",\"@id\":\"https:\\\/\\\/www.draamateater.ee\\\/en\\\/toetajad-ja-partnerid\\\/#breadcrumb\",\"itemListElement\":[{\"@type\":\"ListItem\",\"position\":1,\"name\":\"Home\",\"item\":\"https:\\\/\\\/www.draamateater.ee\\\/en\\\/avaleht\\\/?lang=en\"},{\"@type\":\"ListItem\",\"position\":2,\"name\":\"Toetajad ja partnerid\"}]},{\"@type\":\"WebSite\",\"@id\":\"https:\\\/\\\/www.draamateater.ee\\\/en\\\/#website\",\"url\":\"https:\\\/\\\/www.draamateater.ee\\\/en\\\/\",\"name\":\"Draamateater\",\"description\":\"\",\"potentialAction\":[{\"@type\":\"SearchAction\",\"target\":{\"@type\":\"EntryPoint\",\"urlTemplate\":\"https:\\\/\\\/www.draamateater.ee\\\/en\\\/?s={search_term_string}\"},\"query-input\":{\"@type\":\"PropertyValueSpecification\",\"valueRequired\":true,\"valueName\":\"search_term_string\"}}],\"inLanguage\":\"en-US\"}]}<\/script>\n<!-- \/ Yoast SEO plugin. -->","yoast_head_json":{"title":"Toetajad ja partnerid - Draamateater","description":"Eesti Draamateatri toetajad ja partnerid","robots":{"index":"index","follow":"follow","max-snippet":"max-snippet:-1","max-image-preview":"max-image-preview:large","max-video-preview":"max-video-preview:-1"},"canonical":"https:\/\/www.draamateater.ee\/en\/toetajad-ja-partnerid\/","og_locale":"en_US","og_type":"article","og_title":"Draamateatri toetajad ja partnerid","og_description":"Draamateatri toetajad ja partnerid","og_url":"https:\/\/www.draamateater.ee\/en\/toetajad-ja-partnerid\/","og_site_name":"Draamateater","article_publisher":"https:\/\/www.facebook.com\/draamateater\/","article_modified_time":"2025-11-12T13:31:12+00:00","og_image":[{"width":8334,"height":6667,"url":"https:\/\/www.draamateater.ee\/wp-content\/uploads\/2020\/10\/FB_logo_mv-01.jpg","type":"image\/jpeg"}],"twitter_card":"summary_large_image","twitter_title":"Draamateatri toetajad ja partnerid","twitter_description":"Draamateatri toetajad ja partnerid","twitter_misc":{"Est. reading time":"3 minutes"},"schema":{"@context":"https:\/\/schema.org","@graph":[{"@type":"WebPage","@id":"https:\/\/www.draamateater.ee\/en\/toetajad-ja-partnerid\/","url":"https:\/\/www.draamateater.ee\/en\/toetajad-ja-partnerid\/","name":"Toetajad ja partnerid - Draamateater","isPartOf":{"@id":"https:\/\/www.draamateater.ee\/en\/#website"},"primaryImageOfPage":{"@id":"https:\/\/www.draamateater.ee\/en\/toetajad-ja-partnerid\/#primaryimage"},"image":{"@id":"https:\/\/www.draamateater.ee\/en\/toetajad-ja-partnerid\/#primaryimage"},"thumbnailUrl":"https:\/\/www.draamateater.ee\/wp-content\/uploads\/2022\/09\/UG-Invest_logo_v5.png","datePublished":"2021-12-14T13:45:22+00:00","dateModified":"2025-11-12T13:31:12+00:00","description":"Eesti Draamateatri toetajad ja partnerid","breadcrumb":{"@id":"https:\/\/www.draamateater.ee\/en\/toetajad-ja-partnerid\/#breadcrumb"},"inLanguage":"en-US","potentialAction":[{"@type":"ReadAction","target":["https:\/\/www.draamateater.ee\/en\/toetajad-ja-partnerid\/"]}]},{"@type":"ImageObject","inLanguage":"en-US","@id":"https:\/\/www.draamateater.ee\/en\/toetajad-ja-partnerid\/#primaryimage","url":"https:\/\/www.draamateater.ee\/wp-content\/uploads\/2022\/09\/UG-Invest_logo_v5.png","contentUrl":"https:\/\/www.draamateater.ee\/wp-content\/uploads\/2022\/09\/UG-Invest_logo_v5.png"},{"@type":"BreadcrumbList","@id":"https:\/\/www.draamateater.ee\/en\/toetajad-ja-partnerid\/#breadcrumb","itemListElement":[{"@type":"ListItem","position":1,"name":"Home","item":"https:\/\/www.draamateater.ee\/en\/avaleht\/?lang=en"},{"@type":"ListItem","position":2,"name":"Toetajad ja partnerid"}]},{"@type":"WebSite","@id":"https:\/\/www.draamateater.ee\/en\/#website","url":"https:\/\/www.draamateater.ee\/en\/","name":"Draamateater","description":"","potentialAction":[{"@type":"SearchAction","target":{"@type":"EntryPoint","urlTemplate":"https:\/\/www.draamateater.ee\/en\/?s={search_term_string}"},"query-input":{"@type":"PropertyValueSpecification","valueRequired":true,"valueName":"search_term_string"}}],"inLanguage":"en-US"}]}},"_links":{"self":[{"href":"https:\/\/www.draamateater.ee\/en\/wp-json\/wp\/v2\/pages\/19215","targetHints":{"allow":["GET"]}}],"collection":[{"href":"https:\/\/www.draamateater.ee\/en\/wp-json\/wp\/v2\/pages"}],"about":[{"href":"https:\/\/www.draamateater.ee\/en\/wp-json\/wp\/v2\/types\/page"}],"author":[{"embeddable":true,"href":"https:\/\/www.draamateater.ee\/en\/wp-json\/wp\/v2\/users\/9"}],"replies":[{"embeddable":true,"href":"https:\/\/www.draamateater.ee\/en\/wp-json\/wp\/v2\/comments?post=19215"}],"version-history":[{"count":62,"href":"https:\/\/www.draamateater.ee\/en\/wp-json\/wp\/v2\/pages\/19215\/revisions"}],"predecessor-version":[{"id":34675,"href":"https:\/\/www.draamateater.ee\/en\/wp-json\/wp\/v2\/pages\/19215\/revisions\/34675"}],"wp:attachment":[{"href":"https:\/\/www.draamateater.ee\/en\/wp-json\/wp\/v2\/media?parent=19215"}],"curies":[{"name":"wp","href":"https:\/\/api.w.org\/{rel}","templated":true}]}}