{"id":19332,"date":"2021-12-21T17:42:48","date_gmt":"2021-12-21T14:42:48","guid":{"rendered":"https:\/\/www.draamateater.ee\/?page_id=19332"},"modified":"2022-01-19T17:58:41","modified_gmt":"2022-01-19T14:58:41","slug":"ekskursioon-taasiseseisvumisest","status":"publish","type":"page","link":"https:\/\/www.draamateater.ee\/en\/ekskursioon-taasiseseisvumisest\/","title":{"rendered":"Ekskursioon taasiseseisvumisest"},"content":{"rendered":"\n<figure class=\"wp-block-image size-full\"><img loading=\"lazy\" decoding=\"async\" width=\"1348\" height=\"646\" src=\"https:\/\/www.draamateater.ee\/wp-content\/uploads\/2021\/12\/samadsonad.png\" alt=\"\" class=\"wp-image-19342\" srcset=\"https:\/\/www.draamateater.ee\/wp-content\/uploads\/2021\/12\/samadsonad.png 1348w, https:\/\/www.draamateater.ee\/wp-content\/uploads\/2021\/12\/samadsonad-1256x602.png 1256w, https:\/\/www.draamateater.ee\/wp-content\/uploads\/2021\/12\/samadsonad-640x307.png 640w, https:\/\/www.draamateater.ee\/wp-content\/uploads\/2021\/12\/samadsonad-768x368.png 768w\" sizes=\"auto, (max-width: 1348px) 100vw, 1348px\" \/><\/figure>\n\n\n\n<p>Kooligruppidel on hea v\u00f5imalus siduda lavastusega <a href=\"https:\/\/www.draamateater.ee\/lavastus\/samad-sonad-teine-viis\/\" class=\"ek-link\">\u201eSamad s\u00f5nad, teine viis\u201c<\/a> taasiseseisvumise teemaline ekskursioon <a href=\"https:\/\/www.vabamu.ee\" class=\"ek-link\">Vabamu <\/a>muuseumis. Teatri ja muuseumi \u00fchisk\u00fclastuse puhul kehtivad soodushinnad!<br><br>\u2192 Ekskursioon \u201eIseseisvuse taastamine ja vabaduse valikud\u201c viib osalejad Vabamu p\u00fcsin\u00e4ituse teemaruumi \u201eTaastamine\u201c, \u201eVabadus\u201c ja ajutisele n\u00e4itusele Eesti e-eduloost, vaadeldes lugude p\u00f5hjal iseseisvuse taastamise protsessi \u00fcksikisiku vaatenurgast. <br><br>Hind: 4 \u20ac \u00f5pilane (kuni 25 inimest), saatjad tasuta. Kestus 60 min.<br><br>\u2192 Ekskursioon Tallinna vanalinnas \u201eVabaduse ja taastamise radadel\u201c. Otsime \u00fcles paigad ja kohad, mis on seotud eestlaste iseseisvuse taastamise ja hoidmisega.\u202fArutleme vabadust toonud ja vabadust hoidvate institutsioonide ning s\u00fcndmuste rolli \u00fcle minevikus ja t\u00e4nap\u00e4eval. Juttu tuleb Hirvepargi s\u00fcndmustest, Interrinde meeleavaldusest, barrikaadide rajamisest Toompeale, Eesti vabaduse eest v\u00f5idelnud poliitikutest ja tavakodanikest, nende v\u00e4\u00e4rtustest ja t\u00f5ekspidamistest.\u00a0 <br><br>Hind: 35\u20ac kooligrupp (kuni 30 inimest, saatja tasuta). Kestus 60 min.<\/p>\n\n\n\n<p>\u2192 Ekskursiooniaja kokkuleppimine ja muuseumipiletid:\u00a0broneering@vabamu.ee, tel 668 0250. Tallinna ja selle l\u00e4hi\u00fcmbruse koolidel on v\u00f5imalus muuseumit k\u00fclastada etenduse p\u00e4evale eelneval ajal. Kaugemalt tulijad saavad muuseumiga kokku leppida etenduse p\u00e4evaks sobiva ekskursiooniaja, et j\u00f5uaks \u00f5htul ka etendusele. Muuseumipileti eest tuleb eraldi tasuda muuseumile.<br><br>\u2192 Teatripilet 18 \u20ac (tavahind \u00f5pilasele 20 \u20ac). Piletite broneerimine: elen.jaaska@draamateater.ee, tel 683 1413. <a href=\"https:\/\/www.draamateater.ee\/lavastus\/samad-sonad-teine-viis\" class=\"ek-link\">Etenduste kuup\u00e4evad<\/a>.<\/p>\n","protected":false},"excerpt":{"rendered":"<p>Kooligruppidel on hea v\u00f5imalus siduda lavastusega \u201eSamad s\u00f5nad, teine viis\u201c taasiseseisvumise teemaline ekskursioon Vabamu muuseumis. Teatri ja muuseumi \u00fchisk\u00fclastuse puhul kehtivad soodushinnad! \u2192 Ekskursioon \u201eIseseisvuse taastamine ja vabaduse valikud\u201c viib osalejad Vabamu p\u00fcsin\u00e4ituse teemaruumi \u201eTaastamine\u201c, \u201eVabadus\u201c ja ajutisele n\u00e4itusele Eesti e-eduloost, vaadeldes lugude p\u00f5hjal iseseisvuse taastamise protsessi \u00fcksikisiku vaatenurgast. Hind: 4 \u20ac \u00f5pilane (kuni 25 [&hellip;]<\/p>\n","protected":false},"author":7,"featured_media":0,"parent":0,"menu_order":11,"comment_status":"closed","ping_status":"closed","template":"","meta":{"_acf_changed":false,"footnotes":""},"class_list":["post-19332","page","type-page","status-publish","hentry"],"acf":[],"yoast_head":"<!-- This site is optimized with the Yoast SEO plugin v27.5 - https:\/\/yoast.com\/product\/yoast-seo-wordpress\/ -->\n<title>Ekskursioon taasiseseisvumisest - Draamateater<\/title>\n<meta name=\"description\" content=\"&quot;Samad s\u00f5nad, teine viis&quot; taustaga tutvumiseks ekskursioonid Vabamu muuseumis. Teatri ja muuseumi \u00fchisk\u00fclastuse puhul soodushinnad.\" \/>\n<meta name=\"robots\" content=\"index, follow, max-snippet:-1, max-image-preview:large, max-video-preview:-1\" \/>\n<link rel=\"canonical\" href=\"https:\/\/www.draamateater.ee\/en\/ekskursioon-taasiseseisvumisest\/\" \/>\n<meta property=\"og:locale\" content=\"en_US\" \/>\n<meta property=\"og:type\" content=\"article\" \/>\n<meta property=\"og:title\" content=\"Ekskursioon Vabamu muuseumis\" \/>\n<meta property=\"og:description\" content=\"&quot;Samad s\u00f5nad, teine viis&quot; ajaloolise taustaga tutvumiseks pakub Vabamu muuseum kooligruppidele temaatilisi ekskursioone.\" \/>\n<meta property=\"og:url\" content=\"https:\/\/www.draamateater.ee\/en\/ekskursioon-taasiseseisvumisest\/\" \/>\n<meta property=\"og:site_name\" content=\"Draamateater\" \/>\n<meta property=\"article:publisher\" content=\"https:\/\/www.facebook.com\/draamateater\/\" \/>\n<meta property=\"article:modified_time\" content=\"2022-01-19T14:58:41+00:00\" \/>\n<meta property=\"og:image\" content=\"https:\/\/www.draamateater.ee\/wp-content\/uploads\/2021\/10\/Draamateater_samad_sonad-scaled.jpg\" \/>\n\t<meta property=\"og:image:width\" content=\"2560\" \/>\n\t<meta property=\"og:image:height\" content=\"1706\" \/>\n\t<meta property=\"og:image:type\" content=\"image\/jpeg\" \/>\n<meta name=\"twitter:card\" content=\"summary_large_image\" \/>\n<meta name=\"twitter:title\" content=\"Vabamu ekskursioonid taasiseseisvumisest\" \/>\n<meta name=\"twitter:description\" content=\"&quot;Samad s\u00f5nad, teine viis&quot; ajaloolise taustaga tutvumiseks pakub Vabamu muuseum kooligruppidele temaatilisi ekskursioone.\" \/>\n<meta name=\"twitter:label1\" content=\"Est. reading time\" \/>\n\t<meta name=\"twitter:data1\" content=\"2 minutes\" \/>\n<script type=\"application\/ld+json\" class=\"yoast-schema-graph\">{\"@context\":\"https:\\\/\\\/schema.org\",\"@graph\":[{\"@type\":\"WebPage\",\"@id\":\"https:\\\/\\\/www.draamateater.ee\\\/en\\\/ekskursioon-taasiseseisvumisest\\\/\",\"url\":\"https:\\\/\\\/www.draamateater.ee\\\/en\\\/ekskursioon-taasiseseisvumisest\\\/\",\"name\":\"Ekskursioon taasiseseisvumisest - Draamateater\",\"isPartOf\":{\"@id\":\"https:\\\/\\\/www.draamateater.ee\\\/en\\\/#website\"},\"primaryImageOfPage\":{\"@id\":\"https:\\\/\\\/www.draamateater.ee\\\/en\\\/ekskursioon-taasiseseisvumisest\\\/#primaryimage\"},\"image\":{\"@id\":\"https:\\\/\\\/www.draamateater.ee\\\/en\\\/ekskursioon-taasiseseisvumisest\\\/#primaryimage\"},\"thumbnailUrl\":\"https:\\\/\\\/www.draamateater.ee\\\/wp-content\\\/uploads\\\/2021\\\/12\\\/samadsonad.png\",\"datePublished\":\"2021-12-21T14:42:48+00:00\",\"dateModified\":\"2022-01-19T14:58:41+00:00\",\"description\":\"\\\"Samad s\u00f5nad, teine viis\\\" taustaga tutvumiseks ekskursioonid Vabamu muuseumis. Teatri ja muuseumi \u00fchisk\u00fclastuse puhul soodushinnad.\",\"breadcrumb\":{\"@id\":\"https:\\\/\\\/www.draamateater.ee\\\/en\\\/ekskursioon-taasiseseisvumisest\\\/#breadcrumb\"},\"inLanguage\":\"en-US\",\"potentialAction\":[{\"@type\":\"ReadAction\",\"target\":[\"https:\\\/\\\/www.draamateater.ee\\\/en\\\/ekskursioon-taasiseseisvumisest\\\/\"]}]},{\"@type\":\"ImageObject\",\"inLanguage\":\"en-US\",\"@id\":\"https:\\\/\\\/www.draamateater.ee\\\/en\\\/ekskursioon-taasiseseisvumisest\\\/#primaryimage\",\"url\":\"https:\\\/\\\/www.draamateater.ee\\\/wp-content\\\/uploads\\\/2021\\\/12\\\/samadsonad.png\",\"contentUrl\":\"https:\\\/\\\/www.draamateater.ee\\\/wp-content\\\/uploads\\\/2021\\\/12\\\/samadsonad.png\"},{\"@type\":\"BreadcrumbList\",\"@id\":\"https:\\\/\\\/www.draamateater.ee\\\/en\\\/ekskursioon-taasiseseisvumisest\\\/#breadcrumb\",\"itemListElement\":[{\"@type\":\"ListItem\",\"position\":1,\"name\":\"Home\",\"item\":\"https:\\\/\\\/www.draamateater.ee\\\/en\\\/avaleht\\\/?lang=en\"},{\"@type\":\"ListItem\",\"position\":2,\"name\":\"Ekskursioon taasiseseisvumisest\"}]},{\"@type\":\"WebSite\",\"@id\":\"https:\\\/\\\/www.draamateater.ee\\\/en\\\/#website\",\"url\":\"https:\\\/\\\/www.draamateater.ee\\\/en\\\/\",\"name\":\"Draamateater\",\"description\":\"\",\"potentialAction\":[{\"@type\":\"SearchAction\",\"target\":{\"@type\":\"EntryPoint\",\"urlTemplate\":\"https:\\\/\\\/www.draamateater.ee\\\/en\\\/?s={search_term_string}\"},\"query-input\":{\"@type\":\"PropertyValueSpecification\",\"valueRequired\":true,\"valueName\":\"search_term_string\"}}],\"inLanguage\":\"en-US\"}]}<\/script>\n<!-- \/ Yoast SEO plugin. -->","yoast_head_json":{"title":"Ekskursioon taasiseseisvumisest - Draamateater","description":"\"Samad s\u00f5nad, teine viis\" taustaga tutvumiseks ekskursioonid Vabamu muuseumis. Teatri ja muuseumi \u00fchisk\u00fclastuse puhul soodushinnad.","robots":{"index":"index","follow":"follow","max-snippet":"max-snippet:-1","max-image-preview":"max-image-preview:large","max-video-preview":"max-video-preview:-1"},"canonical":"https:\/\/www.draamateater.ee\/en\/ekskursioon-taasiseseisvumisest\/","og_locale":"en_US","og_type":"article","og_title":"Ekskursioon Vabamu muuseumis","og_description":"\"Samad s\u00f5nad, teine viis\" ajaloolise taustaga tutvumiseks pakub Vabamu muuseum kooligruppidele temaatilisi ekskursioone.","og_url":"https:\/\/www.draamateater.ee\/en\/ekskursioon-taasiseseisvumisest\/","og_site_name":"Draamateater","article_publisher":"https:\/\/www.facebook.com\/draamateater\/","article_modified_time":"2022-01-19T14:58:41+00:00","og_image":[{"width":2560,"height":1706,"url":"https:\/\/www.draamateater.ee\/wp-content\/uploads\/2021\/10\/Draamateater_samad_sonad-scaled.jpg","type":"image\/jpeg"}],"twitter_card":"summary_large_image","twitter_title":"Vabamu ekskursioonid taasiseseisvumisest","twitter_description":"\"Samad s\u00f5nad, teine viis\" ajaloolise taustaga tutvumiseks pakub Vabamu muuseum kooligruppidele temaatilisi ekskursioone.","twitter_misc":{"Est. reading time":"2 minutes"},"schema":{"@context":"https:\/\/schema.org","@graph":[{"@type":"WebPage","@id":"https:\/\/www.draamateater.ee\/en\/ekskursioon-taasiseseisvumisest\/","url":"https:\/\/www.draamateater.ee\/en\/ekskursioon-taasiseseisvumisest\/","name":"Ekskursioon taasiseseisvumisest - Draamateater","isPartOf":{"@id":"https:\/\/www.draamateater.ee\/en\/#website"},"primaryImageOfPage":{"@id":"https:\/\/www.draamateater.ee\/en\/ekskursioon-taasiseseisvumisest\/#primaryimage"},"image":{"@id":"https:\/\/www.draamateater.ee\/en\/ekskursioon-taasiseseisvumisest\/#primaryimage"},"thumbnailUrl":"https:\/\/www.draamateater.ee\/wp-content\/uploads\/2021\/12\/samadsonad.png","datePublished":"2021-12-21T14:42:48+00:00","dateModified":"2022-01-19T14:58:41+00:00","description":"\"Samad s\u00f5nad, teine viis\" taustaga tutvumiseks ekskursioonid Vabamu muuseumis. Teatri ja muuseumi \u00fchisk\u00fclastuse puhul soodushinnad.","breadcrumb":{"@id":"https:\/\/www.draamateater.ee\/en\/ekskursioon-taasiseseisvumisest\/#breadcrumb"},"inLanguage":"en-US","potentialAction":[{"@type":"ReadAction","target":["https:\/\/www.draamateater.ee\/en\/ekskursioon-taasiseseisvumisest\/"]}]},{"@type":"ImageObject","inLanguage":"en-US","@id":"https:\/\/www.draamateater.ee\/en\/ekskursioon-taasiseseisvumisest\/#primaryimage","url":"https:\/\/www.draamateater.ee\/wp-content\/uploads\/2021\/12\/samadsonad.png","contentUrl":"https:\/\/www.draamateater.ee\/wp-content\/uploads\/2021\/12\/samadsonad.png"},{"@type":"BreadcrumbList","@id":"https:\/\/www.draamateater.ee\/en\/ekskursioon-taasiseseisvumisest\/#breadcrumb","itemListElement":[{"@type":"ListItem","position":1,"name":"Home","item":"https:\/\/www.draamateater.ee\/en\/avaleht\/?lang=en"},{"@type":"ListItem","position":2,"name":"Ekskursioon taasiseseisvumisest"}]},{"@type":"WebSite","@id":"https:\/\/www.draamateater.ee\/en\/#website","url":"https:\/\/www.draamateater.ee\/en\/","name":"Draamateater","description":"","potentialAction":[{"@type":"SearchAction","target":{"@type":"EntryPoint","urlTemplate":"https:\/\/www.draamateater.ee\/en\/?s={search_term_string}"},"query-input":{"@type":"PropertyValueSpecification","valueRequired":true,"valueName":"search_term_string"}}],"inLanguage":"en-US"}]}},"_links":{"self":[{"href":"https:\/\/www.draamateater.ee\/en\/wp-json\/wp\/v2\/pages\/19332","targetHints":{"allow":["GET"]}}],"collection":[{"href":"https:\/\/www.draamateater.ee\/en\/wp-json\/wp\/v2\/pages"}],"about":[{"href":"https:\/\/www.draamateater.ee\/en\/wp-json\/wp\/v2\/types\/page"}],"author":[{"embeddable":true,"href":"https:\/\/www.draamateater.ee\/en\/wp-json\/wp\/v2\/users\/7"}],"replies":[{"embeddable":true,"href":"https:\/\/www.draamateater.ee\/en\/wp-json\/wp\/v2\/comments?post=19332"}],"version-history":[{"count":4,"href":"https:\/\/www.draamateater.ee\/en\/wp-json\/wp\/v2\/pages\/19332\/revisions"}],"predecessor-version":[{"id":19736,"href":"https:\/\/www.draamateater.ee\/en\/wp-json\/wp\/v2\/pages\/19332\/revisions\/19736"}],"wp:attachment":[{"href":"https:\/\/www.draamateater.ee\/en\/wp-json\/wp\/v2\/media?parent=19332"}],"curies":[{"name":"wp","href":"https:\/\/api.w.org\/{rel}","templated":true}]}}