{"id":19838,"date":"2021-05-07T12:16:50","date_gmt":"2021-05-07T09:16:50","guid":{"rendered":"https:\/\/www.draamateater.ee\/ligipaasetavus\/"},"modified":"2025-02-12T11:48:42","modified_gmt":"2025-02-12T08:48:42","slug":"ligipaasetavus","status":"publish","type":"page","link":"https:\/\/www.draamateater.ee\/en\/ligipaasetavus\/","title":{"rendered":"Ligip\u00e4\u00e4setavus"},"content":{"rendered":"\n<p>Eesti Draamateater asub Tallinnas, Eesti vanimas teatrimajas ning on kergesti ligip\u00e4\u00e4setav ka erivajadustega k\u00fclalistele \u2013 teatri peasissep\u00e4\u00e4su ja kassa juurde viib kaldtee ning teatrimaja k\u00f5rval G. Otsa t\u00e4naval on kaks invaparkimiskohta (vajalik vastav parkimiskaart). Erivajadusega teatrik\u00fclastajatel on v\u00f5imalik parkida ka teatri parklas, selleks on vaja eelnevalt kokku leppida teatri m\u00fc\u00fcgijuhi Elen Jaaskaga (elen.jaaska@draamateater.ee).<\/p>\n\n\n\n<p>Draamateatris on kolm eri suurusega saali, mis asuvad erinevatel korrustel. Garderoob ja invatualett asuvad 0-korrusel. Kohvikud asuvad 0- ja 2. korrusel. Publikuteenindaja abiga saab liftiga liikuda erinevate korruste vahel.&nbsp;<\/p>\n\n\n\n<p>Erivajadustega k\u00fclastajale ja tema saatjale kehtib Eesti Draamateatri etendustel 25% piletihinna soodustus.\u00a0<\/p>\n\n\n\n<p>Ratastooliga v\u00f5i erivajadustega teatrik\u00fclastajatele broneerib sobivad istekohad ja tagab vajaliku abi m\u00fc\u00fcgijuht Elen Jaaska, elen.jaaska@draamateater.ee. \u00a0<\/p>\n\n\n\n<h2 class=\"wp-block-heading\">Ratastoolis v\u00f5i liikumisraskustega k\u00fclalised<\/h2>\n\n\n\n<p>Ratastoolis v\u00f5i liikumisraskustega teatrik\u00fclastajad saavad k\u00fclastada Eesti Draamateatri suurt ja v\u00e4ikest saali. Maalisaal pole ilma k\u00f5rvalise abita ligip\u00e4\u00e4setav. <\/p>\n\n\n\n<p>Teater pakub liikumisraskustega inimesele ka v\u00f5imalust laenutada ratastool majas mugavaks liikumiseks.&nbsp;Vajutades saali nimele, avaneb saaliplaan. <\/p>\n\n\n\n<div class=\"wp-block-buttons is-layout-flex wp-block-buttons-is-layout-flex\">\n<div class=\"wp-block-button is-style-fill\"><a class=\"wp-block-button__link has-black-color has-text-color no-border-radius wp-element-button\" href=\"https:\/\/www.draamateater.ee\/wp-content\/uploads\/2024\/10\/Saaliplaanid_2024_suursaal.jpg\">Suur saal<\/a><\/div>\n<\/div>\n\n\n\n<p>Teatrimajja sisenedes p\u00e4\u00e4seb fuajeest otse suure saali parteri juurde. Suure saali ratastoolikohad asuvad parteris saali eesosas paremal ja tagaosas keskel.<\/p>\n\n\n\n<div class=\"wp-block-buttons is-layout-flex wp-block-buttons-is-layout-flex\">\n<div class=\"wp-block-button is-style-fill\"><a class=\"wp-block-button__link has-black-color has-text-color no-border-radius wp-element-button\" href=\"https:\/\/www.draamateater.ee\/wp-content\/uploads\/2024\/10\/Saaliplaanid_2024_vaikesaal.jpg\">V\u00e4ike saal<\/a><\/div>\n<\/div>\n\n\n\n<p>V\u00e4ike saal asub 5. korrusel, sinna viib 4. korruselt \u00fche korruse jagu trepit\u00f5stuk (max 250 kg). V\u00e4ikeses saalis on kaks ratastoolikohta, mis asuvad 3. rea m\u00f5lemas \u00e4\u00e4res. Eranditeks on teise saaliplaaniga lavastused \u201cB-koondis\u201d ja \u201cV\u00f5\u00f5rad\u201d, kus saame pakkuda \u00fchte ratastoolikohta. Palume v\u00e4ikesesse saali j\u00f5uda aegsasti enne etenduse algust.<\/p>\n\n\n\n<p>Suvelavastuste puhul ja teatrimajast v\u00e4ljaspool olevate m\u00e4ngupaikades on erinevad v\u00f5imalused, palume lugeda lisainfot vastava lavastuse lehel.<\/p>\n\n\n\n<p>Sobivad istekohad broneerib ja vajaliku lisainfo annab m\u00fc\u00fcgijuht Elen Jaaska, <a href=\"mailto:elen.jaaska@draamateater.ee\">elen.jaaska@draamateater.ee<\/a><\/p>\n\n\n\n<h2 class=\"wp-block-heading\">Kuulmisraskustega k\u00fclalised<\/h2>\n\n\n\n<p>Kuuldeaparaadiga inimestel on suures saalis v\u00f5imalik kasutada silmusv\u00f5imenduse abivahendit, kui kuuldeaparaat on varustatud induktsioonisilmust toetava programmiga. Silmusv\u00f5imendi abil on kuulmislangusega inimesel v\u00f5imalik helisid (k\u00f5net, muusikat jne) paremini ja selgemini kuulda.<\/p>\n\n\n\n<p>Heliv\u00f5imendit saab kasutada ka koos teatri k\u00f5rvaklappidega, kui kuuldeaparaati ei ole. Induktsioonisilmuse v\u00f5i k\u00f5rvaklappide saamiseks palume p\u00f6\u00f6rduda saali publikuteenindaja poole.<\/p>\n\n\n\n<p>Silmusv\u00f5imendi levib paremini saali paremal pool (aparaati hoida suunaga lava poole). Vastav kuuldeala on m\u00e4rgitud ka saaliplaanidele:<\/p>\n\n\n\n<div class=\"wp-block-buttons is-layout-flex wp-block-buttons-is-layout-flex\">\n<div class=\"wp-block-button is-style-fill\"><a class=\"wp-block-button__link has-black-color has-text-color no-border-radius wp-element-button\" href=\"https:\/\/www.draamateater.ee\/wp-content\/uploads\/2022\/02\/suure_saali_plaan.pdf\" target=\"_blank\" rel=\"noreferrer noopener\">Suur saal<\/a><\/div>\n<\/div>\n\n\n\n<p>Kui soovite rohkem infot, kuidas varustada kuuldeaparaat vastava programmiga, soovitame uurida l\u00e4hemalt <a href=\"https:\/\/vaegkuuljad.ee\/teenused\/silmusvoimendus\/\">Eesti Vaegkuuljate Liidust.<\/a><\/p>\n\n\n\n<h2 class=\"wp-block-heading\">Kirjeldus- ja viipekeelet\u00f5lge<\/h2>\n\n\n\n<p>Pimedad v\u00f5i kurdid k\u00fclastajad on oodatud teatrisse koos kirjeldus- v\u00f5i viipekeelet\u00f5lgiga. Teater saab aidata t\u00f5lke ettevalmistamisel ning saata t\u00f5lgile n\u00e4idendi teksti, lavastuse video ja kavalehe.&nbsp;<\/p>\n\n\n\n<p>Aitame leida t\u00f5lkimiseks sobivad asukohad ja teeme vajalikud ettevalmistused. <\/p>\n\n\n\n<p>Eelneval kokkuleppel on v\u00f5imalik pimedatel k\u00fclastajatel enne etendust kompida lavakujundust.&nbsp;<\/p>\n","protected":false},"excerpt":{"rendered":"<p>Eesti Draamateater asub Tallinnas, Eesti vanimas teatrimajas ning on kergesti ligip\u00e4\u00e4setav ka erivajadustega k\u00fclalistele \u2013 teatri peasissep\u00e4\u00e4su ja kassa juurde viib kaldtee ning teatrimaja k\u00f5rval G. Otsa t\u00e4naval on kaks invaparkimiskohta (vajalik vastav parkimiskaart). Erivajadusega teatrik\u00fclastajatel on v\u00f5imalik parkida ka teatri parklas, selleks on vaja eelnevalt kokku leppida teatri m\u00fc\u00fcgijuhi Elen Jaaskaga (elen.jaaska@draamateater.ee). Draamateatris on [&hellip;]<\/p>\n","protected":false},"author":11,"featured_media":0,"parent":0,"menu_order":17,"comment_status":"closed","ping_status":"closed","template":"","meta":{"_acf_changed":false,"footnotes":""},"class_list":["post-19838","page","type-page","status-publish","hentry"],"acf":[],"yoast_head":"<!-- This site is optimized with the Yoast SEO plugin v27.5 - https:\/\/yoast.com\/product\/yoast-seo-wordpress\/ -->\n<title>Ligip\u00e4\u00e4setavus - Draamateater<\/title>\n<meta name=\"description\" content=\"Eesti Draamateater asub Tallinnas, Eesti vanimas teatrimajas ning on kergesti ligip\u00e4\u00e4setav ka erivajadustega k\u00fclalistele.\" \/>\n<meta name=\"robots\" content=\"index, follow, max-snippet:-1, max-image-preview:large, max-video-preview:-1\" \/>\n<link rel=\"canonical\" href=\"https:\/\/www.draamateater.ee\/en\/ligipaasetavus\/\" \/>\n<meta property=\"og:locale\" content=\"en_US\" \/>\n<meta property=\"og:type\" content=\"article\" \/>\n<meta property=\"og:title\" content=\"Ligip\u00e4\u00e4setavus\" \/>\n<meta property=\"og:description\" content=\"Eesti Draamateater asub Tallinnas, Eesti vanimas teatrimajas ning on kergesti ligip\u00e4\u00e4setav ka erivajadustega k\u00fclalistele.\" \/>\n<meta property=\"og:url\" content=\"https:\/\/www.draamateater.ee\/en\/ligipaasetavus\/\" \/>\n<meta property=\"og:site_name\" content=\"Draamateater\" \/>\n<meta property=\"article:publisher\" content=\"https:\/\/www.facebook.com\/draamateater\/\" \/>\n<meta property=\"article:modified_time\" content=\"2025-02-12T08:48:42+00:00\" \/>\n<meta property=\"og:image\" content=\"https:\/\/www.draamateater.ee\/wp-content\/uploads\/2020\/10\/DSC3753_mv-640x420.jpg\" \/>\n<meta name=\"twitter:card\" content=\"summary_large_image\" \/>\n<meta name=\"twitter:title\" content=\"Ligip\u00e4\u00e4setavus\" \/>\n<meta name=\"twitter:description\" content=\"Eesti Draamateater asub Tallinnas, Eesti vanimas teatrimajas ning on kergesti ligip\u00e4\u00e4setav ka erivajadustega k\u00fclalistele.\" \/>\n<meta name=\"twitter:image\" content=\"https:\/\/www.draamateater.ee\/wp-content\/uploads\/2020\/10\/DSC3753_mv-640x420.jpg\" \/>\n<meta name=\"twitter:label1\" content=\"Est. reading time\" \/>\n\t<meta name=\"twitter:data1\" content=\"3 minutes\" \/>\n<script type=\"application\/ld+json\" class=\"yoast-schema-graph\">{\"@context\":\"https:\\\/\\\/schema.org\",\"@graph\":[{\"@type\":\"WebPage\",\"@id\":\"https:\\\/\\\/www.draamateater.ee\\\/en\\\/ligipaasetavus\\\/\",\"url\":\"https:\\\/\\\/www.draamateater.ee\\\/en\\\/ligipaasetavus\\\/\",\"name\":\"Ligip\u00e4\u00e4setavus - Draamateater\",\"isPartOf\":{\"@id\":\"https:\\\/\\\/www.draamateater.ee\\\/en\\\/#website\"},\"datePublished\":\"2021-05-07T09:16:50+00:00\",\"dateModified\":\"2025-02-12T08:48:42+00:00\",\"description\":\"Eesti Draamateater asub Tallinnas, Eesti vanimas teatrimajas ning on kergesti ligip\u00e4\u00e4setav ka erivajadustega k\u00fclalistele.\",\"breadcrumb\":{\"@id\":\"https:\\\/\\\/www.draamateater.ee\\\/en\\\/ligipaasetavus\\\/#breadcrumb\"},\"inLanguage\":\"en-US\",\"potentialAction\":[{\"@type\":\"ReadAction\",\"target\":[\"https:\\\/\\\/www.draamateater.ee\\\/en\\\/ligipaasetavus\\\/\"]}]},{\"@type\":\"BreadcrumbList\",\"@id\":\"https:\\\/\\\/www.draamateater.ee\\\/en\\\/ligipaasetavus\\\/#breadcrumb\",\"itemListElement\":[{\"@type\":\"ListItem\",\"position\":1,\"name\":\"Home\",\"item\":\"https:\\\/\\\/www.draamateater.ee\\\/en\\\/avaleht\\\/?lang=en\"},{\"@type\":\"ListItem\",\"position\":2,\"name\":\"Ligip\u00e4\u00e4setavus\"}]},{\"@type\":\"WebSite\",\"@id\":\"https:\\\/\\\/www.draamateater.ee\\\/en\\\/#website\",\"url\":\"https:\\\/\\\/www.draamateater.ee\\\/en\\\/\",\"name\":\"Draamateater\",\"description\":\"\",\"potentialAction\":[{\"@type\":\"SearchAction\",\"target\":{\"@type\":\"EntryPoint\",\"urlTemplate\":\"https:\\\/\\\/www.draamateater.ee\\\/en\\\/?s={search_term_string}\"},\"query-input\":{\"@type\":\"PropertyValueSpecification\",\"valueRequired\":true,\"valueName\":\"search_term_string\"}}],\"inLanguage\":\"en-US\"}]}<\/script>\n<!-- \/ Yoast SEO plugin. -->","yoast_head_json":{"title":"Ligip\u00e4\u00e4setavus - Draamateater","description":"Eesti Draamateater asub Tallinnas, Eesti vanimas teatrimajas ning on kergesti ligip\u00e4\u00e4setav ka erivajadustega k\u00fclalistele.","robots":{"index":"index","follow":"follow","max-snippet":"max-snippet:-1","max-image-preview":"max-image-preview:large","max-video-preview":"max-video-preview:-1"},"canonical":"https:\/\/www.draamateater.ee\/en\/ligipaasetavus\/","og_locale":"en_US","og_type":"article","og_title":"Ligip\u00e4\u00e4setavus","og_description":"Eesti Draamateater asub Tallinnas, Eesti vanimas teatrimajas ning on kergesti ligip\u00e4\u00e4setav ka erivajadustega k\u00fclalistele.","og_url":"https:\/\/www.draamateater.ee\/en\/ligipaasetavus\/","og_site_name":"Draamateater","article_publisher":"https:\/\/www.facebook.com\/draamateater\/","article_modified_time":"2025-02-12T08:48:42+00:00","og_image":[{"url":"https:\/\/www.draamateater.ee\/wp-content\/uploads\/2020\/10\/DSC3753_mv-640x420.jpg","type":"","width":"","height":""}],"twitter_card":"summary_large_image","twitter_title":"Ligip\u00e4\u00e4setavus","twitter_description":"Eesti Draamateater asub Tallinnas, Eesti vanimas teatrimajas ning on kergesti ligip\u00e4\u00e4setav ka erivajadustega k\u00fclalistele.","twitter_image":"https:\/\/www.draamateater.ee\/wp-content\/uploads\/2020\/10\/DSC3753_mv-640x420.jpg","twitter_misc":{"Est. reading time":"3 minutes"},"schema":{"@context":"https:\/\/schema.org","@graph":[{"@type":"WebPage","@id":"https:\/\/www.draamateater.ee\/en\/ligipaasetavus\/","url":"https:\/\/www.draamateater.ee\/en\/ligipaasetavus\/","name":"Ligip\u00e4\u00e4setavus - Draamateater","isPartOf":{"@id":"https:\/\/www.draamateater.ee\/en\/#website"},"datePublished":"2021-05-07T09:16:50+00:00","dateModified":"2025-02-12T08:48:42+00:00","description":"Eesti Draamateater asub Tallinnas, Eesti vanimas teatrimajas ning on kergesti ligip\u00e4\u00e4setav ka erivajadustega k\u00fclalistele.","breadcrumb":{"@id":"https:\/\/www.draamateater.ee\/en\/ligipaasetavus\/#breadcrumb"},"inLanguage":"en-US","potentialAction":[{"@type":"ReadAction","target":["https:\/\/www.draamateater.ee\/en\/ligipaasetavus\/"]}]},{"@type":"BreadcrumbList","@id":"https:\/\/www.draamateater.ee\/en\/ligipaasetavus\/#breadcrumb","itemListElement":[{"@type":"ListItem","position":1,"name":"Home","item":"https:\/\/www.draamateater.ee\/en\/avaleht\/?lang=en"},{"@type":"ListItem","position":2,"name":"Ligip\u00e4\u00e4setavus"}]},{"@type":"WebSite","@id":"https:\/\/www.draamateater.ee\/en\/#website","url":"https:\/\/www.draamateater.ee\/en\/","name":"Draamateater","description":"","potentialAction":[{"@type":"SearchAction","target":{"@type":"EntryPoint","urlTemplate":"https:\/\/www.draamateater.ee\/en\/?s={search_term_string}"},"query-input":{"@type":"PropertyValueSpecification","valueRequired":true,"valueName":"search_term_string"}}],"inLanguage":"en-US"}]}},"_links":{"self":[{"href":"https:\/\/www.draamateater.ee\/en\/wp-json\/wp\/v2\/pages\/19838","targetHints":{"allow":["GET"]}}],"collection":[{"href":"https:\/\/www.draamateater.ee\/en\/wp-json\/wp\/v2\/pages"}],"about":[{"href":"https:\/\/www.draamateater.ee\/en\/wp-json\/wp\/v2\/types\/page"}],"author":[{"embeddable":true,"href":"https:\/\/www.draamateater.ee\/en\/wp-json\/wp\/v2\/users\/11"}],"replies":[{"embeddable":true,"href":"https:\/\/www.draamateater.ee\/en\/wp-json\/wp\/v2\/comments?post=19838"}],"version-history":[{"count":19,"href":"https:\/\/www.draamateater.ee\/en\/wp-json\/wp\/v2\/pages\/19838\/revisions"}],"predecessor-version":[{"id":33023,"href":"https:\/\/www.draamateater.ee\/en\/wp-json\/wp\/v2\/pages\/19838\/revisions\/33023"}],"wp:attachment":[{"href":"https:\/\/www.draamateater.ee\/en\/wp-json\/wp\/v2\/media?parent=19838"}],"curies":[{"name":"wp","href":"https:\/\/api.w.org\/{rel}","templated":true}]}}