{"id":19839,"date":"2021-09-03T14:09:16","date_gmt":"2021-09-03T11:09:16","guid":{"rendered":"https:\/\/www.draamateater.ee\/kohvikud\/"},"modified":"2023-04-03T11:09:42","modified_gmt":"2023-04-03T08:09:42","slug":"kohvikud","status":"publish","type":"page","link":"https:\/\/www.draamateater.ee\/en\/kohvikud\/","title":{"rendered":"Kohvikud"},"content":{"rendered":"\n<p>Draamateatri kohvikutes teenindab teid Fee Catering, <a href=\"https:\/\/fee.ee\/\" class=\"ek-link\">www.fee.ee<\/a><br><br>Olete tund aega enne etendust ja vaheajal oodatud kohvikutesse keldrikorrusel, 2. korrusel ning parketisaalis.<\/p>\n\n\n\n<p>Tehke oma teatrisk\u00e4ik mugavaks ning tellige laud ette! Lauda on v\u00f5imalik tellida E\u2013R kl 10.00\u201317.00 telefonil 683 1417 ja e-posti aadressil&nbsp;<a href=\"mailto:draama@fee.ee\">draama@fee.ee<\/a>.&nbsp;NB! Tellimus esitage kindlasti v\u00e4hemalt 1 t\u00f6\u00f6p\u00e4ev enne etendust.<\/p>\n\n\n\n<p><a href=\"https:\/\/www.draamateater.ee\/wp-content\/uploads\/2023\/01\/kodulehtmenyy.pdf\" class=\"ek-link\">Kohviku men\u00fc\u00fc \u2192<\/a><\/p>\n","protected":false},"excerpt":{"rendered":"<p>Draamateatri kohvikutes teenindab teid Fee Catering, www.fee.ee Olete tund aega enne etendust ja vaheajal oodatud kohvikutesse keldrikorrusel, 2. korrusel ning parketisaalis. Tehke oma teatrisk\u00e4ik mugavaks ning tellige laud ette! Lauda on v\u00f5imalik tellida E\u2013R kl 10.00\u201317.00 telefonil 683 1417 ja e-posti aadressil&nbsp;draama@fee.ee.&nbsp;NB! Tellimus esitage kindlasti v\u00e4hemalt 1 t\u00f6\u00f6p\u00e4ev enne etendust. Kohviku men\u00fc\u00fc \u2192<\/p>\n","protected":false},"author":9,"featured_media":0,"parent":0,"menu_order":13,"comment_status":"closed","ping_status":"closed","template":"","meta":{"_acf_changed":false,"footnotes":""},"class_list":["post-19839","page","type-page","status-publish","hentry"],"acf":[],"yoast_head":"<!-- This site is optimized with the Yoast SEO plugin v27.5 - https:\/\/yoast.com\/product\/yoast-seo-wordpress\/ -->\n<title>Kohvikud - Draamateater<\/title>\n<meta name=\"robots\" content=\"index, follow, max-snippet:-1, max-image-preview:large, max-video-preview:-1\" \/>\n<link rel=\"canonical\" href=\"https:\/\/www.draamateater.ee\/en\/kohvikud\/\" \/>\n<meta property=\"og:locale\" content=\"en_US\" \/>\n<meta property=\"og:type\" content=\"article\" \/>\n<meta property=\"og:title\" content=\"Kohvikud - Draamateater\" \/>\n<meta property=\"og:description\" content=\"Draamateatri kohvikutes teenindab teid Fee Catering, www.fee.ee Olete tund aega enne etendust ja vaheajal oodatud kohvikutesse keldrikorrusel, 2. korrusel ning parketisaalis. Tehke oma teatrisk\u00e4ik mugavaks ning tellige laud ette! Lauda on v\u00f5imalik tellida E\u2013R kl 10.00\u201317.00 telefonil 683 1417 ja e-posti aadressil&nbsp;draama@fee.ee.&nbsp;NB! Tellimus esitage kindlasti v\u00e4hemalt 1 t\u00f6\u00f6p\u00e4ev enne etendust. Kohviku men\u00fc\u00fc \u2192\" \/>\n<meta property=\"og:url\" content=\"https:\/\/www.draamateater.ee\/en\/kohvikud\/\" \/>\n<meta property=\"og:site_name\" content=\"Draamateater\" \/>\n<meta property=\"article:publisher\" content=\"https:\/\/www.facebook.com\/draamateater\/\" \/>\n<meta property=\"article:modified_time\" content=\"2023-04-03T08:09:42+00:00\" \/>\n<meta name=\"twitter:card\" content=\"summary_large_image\" \/>\n<meta name=\"twitter:label1\" content=\"Est. reading time\" \/>\n\t<meta name=\"twitter:data1\" content=\"1 minute\" \/>\n<script type=\"application\/ld+json\" class=\"yoast-schema-graph\">{\"@context\":\"https:\\\/\\\/schema.org\",\"@graph\":[{\"@type\":\"WebPage\",\"@id\":\"https:\\\/\\\/www.draamateater.ee\\\/en\\\/kohvikud\\\/\",\"url\":\"https:\\\/\\\/www.draamateater.ee\\\/en\\\/kohvikud\\\/\",\"name\":\"Kohvikud - Draamateater\",\"isPartOf\":{\"@id\":\"https:\\\/\\\/www.draamateater.ee\\\/en\\\/#website\"},\"datePublished\":\"2021-09-03T11:09:16+00:00\",\"dateModified\":\"2023-04-03T08:09:42+00:00\",\"breadcrumb\":{\"@id\":\"https:\\\/\\\/www.draamateater.ee\\\/en\\\/kohvikud\\\/#breadcrumb\"},\"inLanguage\":\"en-US\",\"potentialAction\":[{\"@type\":\"ReadAction\",\"target\":[\"https:\\\/\\\/www.draamateater.ee\\\/en\\\/kohvikud\\\/\"]}]},{\"@type\":\"BreadcrumbList\",\"@id\":\"https:\\\/\\\/www.draamateater.ee\\\/en\\\/kohvikud\\\/#breadcrumb\",\"itemListElement\":[{\"@type\":\"ListItem\",\"position\":1,\"name\":\"Home\",\"item\":\"https:\\\/\\\/www.draamateater.ee\\\/en\\\/avaleht\\\/?lang=en\"},{\"@type\":\"ListItem\",\"position\":2,\"name\":\"Kohvikud\"}]},{\"@type\":\"WebSite\",\"@id\":\"https:\\\/\\\/www.draamateater.ee\\\/en\\\/#website\",\"url\":\"https:\\\/\\\/www.draamateater.ee\\\/en\\\/\",\"name\":\"Draamateater\",\"description\":\"\",\"potentialAction\":[{\"@type\":\"SearchAction\",\"target\":{\"@type\":\"EntryPoint\",\"urlTemplate\":\"https:\\\/\\\/www.draamateater.ee\\\/en\\\/?s={search_term_string}\"},\"query-input\":{\"@type\":\"PropertyValueSpecification\",\"valueRequired\":true,\"valueName\":\"search_term_string\"}}],\"inLanguage\":\"en-US\"}]}<\/script>\n<!-- \/ Yoast SEO plugin. -->","yoast_head_json":{"title":"Kohvikud - Draamateater","robots":{"index":"index","follow":"follow","max-snippet":"max-snippet:-1","max-image-preview":"max-image-preview:large","max-video-preview":"max-video-preview:-1"},"canonical":"https:\/\/www.draamateater.ee\/en\/kohvikud\/","og_locale":"en_US","og_type":"article","og_title":"Kohvikud - Draamateater","og_description":"Draamateatri kohvikutes teenindab teid Fee Catering, www.fee.ee Olete tund aega enne etendust ja vaheajal oodatud kohvikutesse keldrikorrusel, 2. korrusel ning parketisaalis. Tehke oma teatrisk\u00e4ik mugavaks ning tellige laud ette! Lauda on v\u00f5imalik tellida E\u2013R kl 10.00\u201317.00 telefonil 683 1417 ja e-posti aadressil&nbsp;draama@fee.ee.&nbsp;NB! Tellimus esitage kindlasti v\u00e4hemalt 1 t\u00f6\u00f6p\u00e4ev enne etendust. Kohviku men\u00fc\u00fc \u2192","og_url":"https:\/\/www.draamateater.ee\/en\/kohvikud\/","og_site_name":"Draamateater","article_publisher":"https:\/\/www.facebook.com\/draamateater\/","article_modified_time":"2023-04-03T08:09:42+00:00","twitter_card":"summary_large_image","twitter_misc":{"Est. reading time":"1 minute"},"schema":{"@context":"https:\/\/schema.org","@graph":[{"@type":"WebPage","@id":"https:\/\/www.draamateater.ee\/en\/kohvikud\/","url":"https:\/\/www.draamateater.ee\/en\/kohvikud\/","name":"Kohvikud - Draamateater","isPartOf":{"@id":"https:\/\/www.draamateater.ee\/en\/#website"},"datePublished":"2021-09-03T11:09:16+00:00","dateModified":"2023-04-03T08:09:42+00:00","breadcrumb":{"@id":"https:\/\/www.draamateater.ee\/en\/kohvikud\/#breadcrumb"},"inLanguage":"en-US","potentialAction":[{"@type":"ReadAction","target":["https:\/\/www.draamateater.ee\/en\/kohvikud\/"]}]},{"@type":"BreadcrumbList","@id":"https:\/\/www.draamateater.ee\/en\/kohvikud\/#breadcrumb","itemListElement":[{"@type":"ListItem","position":1,"name":"Home","item":"https:\/\/www.draamateater.ee\/en\/avaleht\/?lang=en"},{"@type":"ListItem","position":2,"name":"Kohvikud"}]},{"@type":"WebSite","@id":"https:\/\/www.draamateater.ee\/en\/#website","url":"https:\/\/www.draamateater.ee\/en\/","name":"Draamateater","description":"","potentialAction":[{"@type":"SearchAction","target":{"@type":"EntryPoint","urlTemplate":"https:\/\/www.draamateater.ee\/en\/?s={search_term_string}"},"query-input":{"@type":"PropertyValueSpecification","valueRequired":true,"valueName":"search_term_string"}}],"inLanguage":"en-US"}]}},"_links":{"self":[{"href":"https:\/\/www.draamateater.ee\/en\/wp-json\/wp\/v2\/pages\/19839","targetHints":{"allow":["GET"]}}],"collection":[{"href":"https:\/\/www.draamateater.ee\/en\/wp-json\/wp\/v2\/pages"}],"about":[{"href":"https:\/\/www.draamateater.ee\/en\/wp-json\/wp\/v2\/types\/page"}],"author":[{"embeddable":true,"href":"https:\/\/www.draamateater.ee\/en\/wp-json\/wp\/v2\/users\/9"}],"replies":[{"embeddable":true,"href":"https:\/\/www.draamateater.ee\/en\/wp-json\/wp\/v2\/comments?post=19839"}],"version-history":[{"count":13,"href":"https:\/\/www.draamateater.ee\/en\/wp-json\/wp\/v2\/pages\/19839\/revisions"}],"predecessor-version":[{"id":24611,"href":"https:\/\/www.draamateater.ee\/en\/wp-json\/wp\/v2\/pages\/19839\/revisions\/24611"}],"wp:attachment":[{"href":"https:\/\/www.draamateater.ee\/en\/wp-json\/wp\/v2\/media?parent=19839"}],"curies":[{"name":"wp","href":"https:\/\/api.w.org\/{rel}","templated":true}]}}