{"id":21477,"date":"2022-04-20T11:21:09","date_gmt":"2022-04-20T08:21:09","guid":{"rendered":"https:\/\/www.draamateater.ee\/?page_id=21477"},"modified":"2025-12-04T14:11:45","modified_gmt":"2025-12-04T11:11:45","slug":"ruumide-rent","status":"publish","type":"page","link":"https:\/\/www.draamateater.ee\/en\/ruumide-rent\/","title":{"rendered":"Ruumide rent"},"content":{"rendered":"\n<p>Eesti Draamateatri hoone on Eesti vanim esialgsel kujul s\u00e4ilinud teatrimaja, mis ehitati 1910. aastal. Juugendstiilis ehitise projekteerisid Peterburi arhitektid Nikolai Vassiljev ja Aleksei Bub\u00f5r, kelle t\u00f6\u00f6 p\u00e4lvis 20. saj. alguse suurimal rahvusvahelisel arhitektuurikonkursil esikoha. Ajalooline hoone rekonstrueeriti 2009. aastaks, sisekujundaks Mari Kurismaa.<\/p>\n\n\n\n<p>Eesti Draamateatris asub kolm saali \u2013 suur saal (447 kohta), 1960-tel juurde ehitatud v\u00e4ike saal (146 kohta) ja 2004 avatud Maalisaal (70 kohta).<\/p>\n\n\n\n<p>Teatris asub neli kohvikut: 0-korrusel, 2. korrusel, parketisaalis ja v\u00e4ikese saali ees. Lisaks on v\u00f5imalik tellida toitlustusteenust <a href=\"https:\/\/www.draamateater.ee\/kohvikud\/\" class=\"ek-link\">Ristikheina kohvikult<\/a>. Vastuv\u00f5ttudeks on v\u00f5imalik rentida parketisaali, Kammersaali ja Maalisaali. Lisaks saab tellida valguskujundust, helitehnikat ja taustamuusikat.<\/p>\n\n\n\n<p>Lisainfo:<br>M\u00fc\u00fcgijuht Elen Jaaska<br><a href=\"mailto:elen.jaaska@draamateater.ee\" class=\"ek-link\">elen.jaaska@draamateater.ee<\/a><br>tel 683 1413 (E\u2013R kl 10.00\u201317.00)<\/p>\n\n\n\n<p>NB! Palume tehnika olemasolu ning s\u00fcndmuse vajadusi eelnevalt teatriga t\u00e4psustada!<\/p>\n\n\n\n<h2 class=\"wp-block-heading\">Suur saal<\/h2>\n\n\n\n<p>Suur saal on Itaalia lava ja orkestriauguga saal teatri p\u00f5randakorrusel, kus parteris ning kolmel r\u00f5dul on kokku maksimaalselt 447 istekohta ning lisaks kaks ratastoolikohta. Suures saalis on v\u00f5imalik kasutada t\u00f5lkes\u00fcsteemi ja vaegkuuljatele vajalikku silmusv\u00f5imendi s\u00fcsteemi.<\/p>\n\n\n\n<p><strong>Lava<\/strong><br>Lava 15 m(x), 11.5 m(z), 16 m(y), 127.5 m<sup>2<\/sup><br>Portaal 9 m(x) 7.8 m(y)<br>Eeslava 9.5 m(x), 4.3 m(z)<br>Eeslaval asub orkestriauk 7.9 m(x), 3.5 m(z), -3.3 m(y)<br>P\u00f6\u00f6rdlava 10.5(d), 5.25(r), 86.6 m<sup>2<\/sup><br>P\u00f6\u00f6rdlava luuk 1&#215;1 m<br>Lavapoodiumid 2&#215;1 m, k\u00f5rgustega 20-40-60-80 cm<br>Uks laadimiseks lavale \u2013 1.9 m(x) 4.9 m(y), parklasse \u2013 1.5 m(x), 3.5 m(y)<br>Dekoratsioonistanged 30 tk (12m(x) ~50\/50 mootor (500 kg)\/k\u00e4si), 6 punktt\u00f5stukit (250 kg)<\/p>\n\n\n\n<p><strong>Heli- ja videotehnika<\/strong><br>\u2192 Statsionaarne helitehnika<br>Stereo PA: 4x K-Array KK200 (parter ja I r\u00f5du), 4x KK50 (katab II r\u00f5du ja III r\u00f5du) ja 3x K-Array KK200 center cluster. Lab Gruppen-i v\u00f5imendid. Madalsagedusk\u00f5larid K-Array Ko30 (aktiivsed) on valgusloo\u017eides.<br>Lava: Taga nurkades on EV SxA250 aktiivk\u00f5larid<br>Saal: Parteri k\u00fclgedel ja I r\u00f5dul on seinte \u00f5\u00f5nsustes EV EVID seeria k\u00f5larid.<br>Helipult: Yamaha LS9-32, liidesed: MY16-ES64, Dante MY16-AUD<br>XLR \u00fchendused lava k\u00fclgedel, vasakul 5in\/2out, paremal 6in\/2out<br>Yamaha SB168-ES Stage Box &#8211; 16in\/8out, asukoht vastavalt vajadusele, Cat5e \u00fchendus helipuldiga.<\/p>\n\n\n\n<p>\u2192 Statsionaarne videotehnika<br>Projektor I r\u00f5du kohal\/laes: PT-MZ16K (16k lm, WUXGA), HDMI.<br>Projektor I r\u00f5du k\u00fcljes\/ees: Panasonic PT-DX810 (8,2k lm, XGA), HDMI\/VGA.<br>Projektor lava taga karbis: Panasonic PT-DX100 (10k lm, XGA), Cat5e, ET-YFB100G.<br>Lava tagumistes stangedel on eest ja tagant projitseeritavad ekraanid.<br>\u00dchendused: laval 2x vaba Cat5e ja 1x SDI liin.<\/p>\n\n\n\n<p>NB! K\u00f5ik \u00fchendused on heli- ja videojuhtimisruumis.<\/p>\n\n\n\n<p><strong>Valgustehnika<\/strong><\/p>\n\n\n\n<figure class=\"wp-block-image size-large\"><img loading=\"lazy\" decoding=\"async\" width=\"1775\" height=\"2512\" src=\"https:\/\/www.draamateater.ee\/wp-content\/uploads\/2025\/12\/Suure-saali-valgusplaan-1775x2512.jpg\" alt=\"\" class=\"wp-image-34876\" srcset=\"https:\/\/www.draamateater.ee\/wp-content\/uploads\/2025\/12\/Suure-saali-valgusplaan-1775x2512.jpg 1775w, https:\/\/www.draamateater.ee\/wp-content\/uploads\/2025\/12\/Suure-saali-valgusplaan-888x1256.jpg 888w, https:\/\/www.draamateater.ee\/wp-content\/uploads\/2025\/12\/Suure-saali-valgusplaan-452x640.jpg 452w, https:\/\/www.draamateater.ee\/wp-content\/uploads\/2025\/12\/Suure-saali-valgusplaan-768x1087.jpg 768w, https:\/\/www.draamateater.ee\/wp-content\/uploads\/2025\/12\/Suure-saali-valgusplaan-1086x1536.jpg 1086w, https:\/\/www.draamateater.ee\/wp-content\/uploads\/2025\/12\/Suure-saali-valgusplaan-1447x2048.jpg 1447w, https:\/\/www.draamateater.ee\/wp-content\/uploads\/2025\/12\/Suure-saali-valgusplaan-scaled.jpg 1809w\" sizes=\"auto, (max-width: 1775px) 100vw, 1775px\" \/><\/figure>\n\n\n\n<h2 class=\"wp-block-heading\">V\u00e4ike saal<\/h2>\n\n\n\n<p>V\u00e4ike saal on <em>black box <\/em>t\u00fc\u00fcpi saal teatri 5. korrusel. Saalis on 12 rida ja kokku 146 istekohta ning kaks ratastoolikohta. Vajadusel on toolid teisaldatavad. V\u00e4ikeses saalis on v\u00f5imalik kasutada t\u00f5lkes\u00fcsteemi ja vaegkuuljatele vajalikku silmusv\u00f5imendi s\u00fcsteemi.<\/p>\n\n\n\n<p><strong>Lava<\/strong><br>9.5 m(x), 10 m(z), 3 m(y), 95 m<sup>2<\/sup><\/p>\n\n\n\n<p><strong>Heli- ja videotehnika<\/strong><br>\u2192 Statsionaarne helitehnika<br>Stereo PA: 2x K-Array KK200 k\u00f5larid ja madalsagedusk\u00f5lar Turbosound TQ-115DP lava taga paremas nurgas.<br>Lava taga nurkades on EV TXP-121 aktiivk\u00f5larid.<br>Saali k\u00fclgedel, taga ja fuajees on Turbosound Impact 50 k\u00f5larid.<br>Lab Gruppen-i v\u00f5imendid.<br>Helipult Yamaha DM1000, MY8-AT liides (ADAT).<br>\u00dchendused lava k\u00fclgedel ja taga nurkades, vabu \u00fchendusi kokku 8in\/4out.<\/p>\n\n\n\n<p>\u2192 Statsionaarne videotehnika<br>Projektor saalis: Panasonic PT-DZ780 (7k, WUXGA), Cat5e, ET-YFB100G.<\/p>\n\n\n\n<p><strong>Valgustehnika<\/strong><\/p>\n\n\n\n<figure class=\"wp-block-image size-large\"><img loading=\"lazy\" decoding=\"async\" width=\"1775\" height=\"2512\" src=\"https:\/\/www.draamateater.ee\/wp-content\/uploads\/2025\/12\/Vaikese-saali-valgusplaan-1775x2512.jpg\" alt=\"\" class=\"wp-image-34878\" srcset=\"https:\/\/www.draamateater.ee\/wp-content\/uploads\/2025\/12\/Vaikese-saali-valgusplaan-1775x2512.jpg 1775w, https:\/\/www.draamateater.ee\/wp-content\/uploads\/2025\/12\/Vaikese-saali-valgusplaan-888x1256.jpg 888w, https:\/\/www.draamateater.ee\/wp-content\/uploads\/2025\/12\/Vaikese-saali-valgusplaan-452x640.jpg 452w, https:\/\/www.draamateater.ee\/wp-content\/uploads\/2025\/12\/Vaikese-saali-valgusplaan-768x1087.jpg 768w, https:\/\/www.draamateater.ee\/wp-content\/uploads\/2025\/12\/Vaikese-saali-valgusplaan-1086x1536.jpg 1086w, https:\/\/www.draamateater.ee\/wp-content\/uploads\/2025\/12\/Vaikese-saali-valgusplaan-1447x2048.jpg 1447w, https:\/\/www.draamateater.ee\/wp-content\/uploads\/2025\/12\/Vaikese-saali-valgusplaan-scaled.jpg 1809w\" sizes=\"auto, (max-width: 1775px) 100vw, 1775px\" \/><\/figure>\n\n\n\n<h2 class=\"wp-block-heading\">Maalisaal<\/h2>\n\n\n\n<p>Maalisaal on <em>black box<\/em> t\u00fc\u00fcpi saal teatri 4. korrusel. Saalis on teisaldatav astmeline poodium, kuhu mahub toole 6 rida ja kokku 70 istekohta, lisaks kaks ratastoolikohta. Ilma poodiumita on v\u00f5imalik toole paigutada seinte \u00e4\u00e4rde v\u00f5i muu soovitava istumisasetusega. Saal sobib vastuv\u00f5ttude ja koolituste l\u00e4biviimiseks.<\/p>\n\n\n\n<p><strong>Lava<\/strong><br>Lava 10 m(x), 5 m(z), 2.7 m(y), 50 m<sup>2<br><\/sup>Kogu saal 10 m(x), 12 m(z), 2.7 m(y), 120 m<sup>2<\/sup><\/p>\n\n\n\n<p><strong>Helitehnika<\/strong><\/p>\n\n\n\n<p>Stereo PA: 2x EV SX300 ja 2x SB122<br>Helipult: Yamaha 01V<\/p>\n\n\n\n<p><strong>Valgustehnika<\/strong><\/p>\n\n\n\n<figure class=\"wp-block-image size-full\"><img loading=\"lazy\" decoding=\"async\" width=\"724\" height=\"1024\" src=\"https:\/\/www.draamateater.ee\/wp-content\/uploads\/2022\/04\/Maalisaali-valgusplaan.jpg\" alt=\"\" class=\"wp-image-21487\" srcset=\"https:\/\/www.draamateater.ee\/wp-content\/uploads\/2022\/04\/Maalisaali-valgusplaan.jpg 724w, https:\/\/www.draamateater.ee\/wp-content\/uploads\/2022\/04\/Maalisaali-valgusplaan-453x640.jpg 453w\" sizes=\"auto, (max-width: 724px) 100vw, 724px\" \/><\/figure>\n\n\n\n<h2 class=\"wp-block-heading\">Kammersaal<\/h2>\n\n\n\n<p>Kammersaal on teatri proovisaal 4. korrusel. Saali on v\u00f5imalik paigutada kuni 40 tooli seinte \u00e4\u00e4rde v\u00f5i muu soovitava istumisasetusega \u00fchel tasapinnal. Saali pindala 10.6 m(x) 7.2 m(z), 76.32 m<sup>2<\/sup>. Kammersaalis on v\u00f5imalik kasutada teisaldavat helitehnikat ja valguskujundust. Saal sobib vastuv\u00f5ttude ja muude \u00fcrituste l\u00e4biviimiseks.<\/p>\n","protected":false},"excerpt":{"rendered":"<p>Eesti Draamateatri hoone on Eesti vanim esialgsel kujul s\u00e4ilinud teatrimaja, mis ehitati 1910. aastal. Juugendstiilis ehitise projekteerisid Peterburi arhitektid Nikolai Vassiljev ja Aleksei Bub\u00f5r, kelle t\u00f6\u00f6 p\u00e4lvis 20. saj. alguse suurimal rahvusvahelisel arhitektuurikonkursil esikoha. Ajalooline hoone rekonstrueeriti 2009. aastaks, sisekujundaks Mari Kurismaa. Eesti Draamateatris asub kolm saali \u2013 suur saal (447 kohta), 1960-tel juurde ehitatud [&hellip;]<\/p>\n","protected":false},"author":9,"featured_media":0,"parent":0,"menu_order":8,"comment_status":"closed","ping_status":"closed","template":"","meta":{"_acf_changed":false,"footnotes":""},"class_list":["post-21477","page","type-page","status-publish","hentry"],"acf":[],"yoast_head":"<!-- This site is optimized with the Yoast SEO plugin v27.5 - https:\/\/yoast.com\/product\/yoast-seo-wordpress\/ -->\n<title>Ruumide rent - Draamateater<\/title>\n<meta name=\"robots\" content=\"index, follow, max-snippet:-1, max-image-preview:large, max-video-preview:-1\" \/>\n<link rel=\"canonical\" href=\"https:\/\/www.draamateater.ee\/en\/ruumide-rent\/\" \/>\n<meta property=\"og:locale\" content=\"en_US\" \/>\n<meta property=\"og:type\" content=\"article\" \/>\n<meta property=\"og:title\" content=\"Ruumide rent - Draamateater\" \/>\n<meta property=\"og:description\" content=\"Eesti Draamateatri hoone on Eesti vanim esialgsel kujul s\u00e4ilinud teatrimaja, mis ehitati 1910. aastal. Juugendstiilis ehitise projekteerisid Peterburi arhitektid Nikolai Vassiljev ja Aleksei Bub\u00f5r, kelle t\u00f6\u00f6 p\u00e4lvis 20. saj. alguse suurimal rahvusvahelisel arhitektuurikonkursil esikoha. Ajalooline hoone rekonstrueeriti 2009. aastaks, sisekujundaks Mari Kurismaa. Eesti Draamateatris asub kolm saali \u2013 suur saal (447 kohta), 1960-tel juurde ehitatud [&hellip;]\" \/>\n<meta property=\"og:url\" content=\"https:\/\/www.draamateater.ee\/en\/ruumide-rent\/\" \/>\n<meta property=\"og:site_name\" content=\"Draamateater\" \/>\n<meta property=\"article:publisher\" content=\"https:\/\/www.facebook.com\/draamateater\/\" \/>\n<meta property=\"article:modified_time\" content=\"2025-12-04T11:11:45+00:00\" \/>\n<meta property=\"og:image\" content=\"https:\/\/www.draamateater.ee\/wp-content\/uploads\/2025\/12\/Suure-saali-valgusplaan-scaled.jpg\" \/>\n\t<meta property=\"og:image:width\" content=\"1809\" \/>\n\t<meta property=\"og:image:height\" content=\"2560\" \/>\n\t<meta property=\"og:image:type\" content=\"image\/jpeg\" \/>\n<meta name=\"twitter:card\" content=\"summary_large_image\" \/>\n<meta name=\"twitter:label1\" content=\"Est. reading time\" \/>\n\t<meta name=\"twitter:data1\" content=\"4 minutes\" \/>\n<script type=\"application\/ld+json\" class=\"yoast-schema-graph\">{\"@context\":\"https:\\\/\\\/schema.org\",\"@graph\":[{\"@type\":\"WebPage\",\"@id\":\"https:\\\/\\\/www.draamateater.ee\\\/en\\\/ruumide-rent\\\/\",\"url\":\"https:\\\/\\\/www.draamateater.ee\\\/en\\\/ruumide-rent\\\/\",\"name\":\"Ruumide rent - Draamateater\",\"isPartOf\":{\"@id\":\"https:\\\/\\\/www.draamateater.ee\\\/en\\\/#website\"},\"primaryImageOfPage\":{\"@id\":\"https:\\\/\\\/www.draamateater.ee\\\/en\\\/ruumide-rent\\\/#primaryimage\"},\"image\":{\"@id\":\"https:\\\/\\\/www.draamateater.ee\\\/en\\\/ruumide-rent\\\/#primaryimage\"},\"thumbnailUrl\":\"https:\\\/\\\/www.draamateater.ee\\\/wp-content\\\/uploads\\\/2025\\\/12\\\/Suure-saali-valgusplaan-1775x2512.jpg\",\"datePublished\":\"2022-04-20T08:21:09+00:00\",\"dateModified\":\"2025-12-04T11:11:45+00:00\",\"breadcrumb\":{\"@id\":\"https:\\\/\\\/www.draamateater.ee\\\/en\\\/ruumide-rent\\\/#breadcrumb\"},\"inLanguage\":\"en-US\",\"potentialAction\":[{\"@type\":\"ReadAction\",\"target\":[\"https:\\\/\\\/www.draamateater.ee\\\/en\\\/ruumide-rent\\\/\"]}]},{\"@type\":\"ImageObject\",\"inLanguage\":\"en-US\",\"@id\":\"https:\\\/\\\/www.draamateater.ee\\\/en\\\/ruumide-rent\\\/#primaryimage\",\"url\":\"https:\\\/\\\/www.draamateater.ee\\\/wp-content\\\/uploads\\\/2025\\\/12\\\/Suure-saali-valgusplaan-1775x2512.jpg\",\"contentUrl\":\"https:\\\/\\\/www.draamateater.ee\\\/wp-content\\\/uploads\\\/2025\\\/12\\\/Suure-saali-valgusplaan-1775x2512.jpg\"},{\"@type\":\"BreadcrumbList\",\"@id\":\"https:\\\/\\\/www.draamateater.ee\\\/en\\\/ruumide-rent\\\/#breadcrumb\",\"itemListElement\":[{\"@type\":\"ListItem\",\"position\":1,\"name\":\"Home\",\"item\":\"https:\\\/\\\/www.draamateater.ee\\\/en\\\/avaleht\\\/?lang=en\"},{\"@type\":\"ListItem\",\"position\":2,\"name\":\"Ruumide rent\"}]},{\"@type\":\"WebSite\",\"@id\":\"https:\\\/\\\/www.draamateater.ee\\\/en\\\/#website\",\"url\":\"https:\\\/\\\/www.draamateater.ee\\\/en\\\/\",\"name\":\"Draamateater\",\"description\":\"\",\"potentialAction\":[{\"@type\":\"SearchAction\",\"target\":{\"@type\":\"EntryPoint\",\"urlTemplate\":\"https:\\\/\\\/www.draamateater.ee\\\/en\\\/?s={search_term_string}\"},\"query-input\":{\"@type\":\"PropertyValueSpecification\",\"valueRequired\":true,\"valueName\":\"search_term_string\"}}],\"inLanguage\":\"en-US\"}]}<\/script>\n<!-- \/ Yoast SEO plugin. -->","yoast_head_json":{"title":"Ruumide rent - Draamateater","robots":{"index":"index","follow":"follow","max-snippet":"max-snippet:-1","max-image-preview":"max-image-preview:large","max-video-preview":"max-video-preview:-1"},"canonical":"https:\/\/www.draamateater.ee\/en\/ruumide-rent\/","og_locale":"en_US","og_type":"article","og_title":"Ruumide rent - Draamateater","og_description":"Eesti Draamateatri hoone on Eesti vanim esialgsel kujul s\u00e4ilinud teatrimaja, mis ehitati 1910. aastal. Juugendstiilis ehitise projekteerisid Peterburi arhitektid Nikolai Vassiljev ja Aleksei Bub\u00f5r, kelle t\u00f6\u00f6 p\u00e4lvis 20. saj. alguse suurimal rahvusvahelisel arhitektuurikonkursil esikoha. Ajalooline hoone rekonstrueeriti 2009. aastaks, sisekujundaks Mari Kurismaa. Eesti Draamateatris asub kolm saali \u2013 suur saal (447 kohta), 1960-tel juurde ehitatud [&hellip;]","og_url":"https:\/\/www.draamateater.ee\/en\/ruumide-rent\/","og_site_name":"Draamateater","article_publisher":"https:\/\/www.facebook.com\/draamateater\/","article_modified_time":"2025-12-04T11:11:45+00:00","og_image":[{"width":1809,"height":2560,"url":"https:\/\/www.draamateater.ee\/wp-content\/uploads\/2025\/12\/Suure-saali-valgusplaan-scaled.jpg","type":"image\/jpeg"}],"twitter_card":"summary_large_image","twitter_misc":{"Est. reading time":"4 minutes"},"schema":{"@context":"https:\/\/schema.org","@graph":[{"@type":"WebPage","@id":"https:\/\/www.draamateater.ee\/en\/ruumide-rent\/","url":"https:\/\/www.draamateater.ee\/en\/ruumide-rent\/","name":"Ruumide rent - Draamateater","isPartOf":{"@id":"https:\/\/www.draamateater.ee\/en\/#website"},"primaryImageOfPage":{"@id":"https:\/\/www.draamateater.ee\/en\/ruumide-rent\/#primaryimage"},"image":{"@id":"https:\/\/www.draamateater.ee\/en\/ruumide-rent\/#primaryimage"},"thumbnailUrl":"https:\/\/www.draamateater.ee\/wp-content\/uploads\/2025\/12\/Suure-saali-valgusplaan-1775x2512.jpg","datePublished":"2022-04-20T08:21:09+00:00","dateModified":"2025-12-04T11:11:45+00:00","breadcrumb":{"@id":"https:\/\/www.draamateater.ee\/en\/ruumide-rent\/#breadcrumb"},"inLanguage":"en-US","potentialAction":[{"@type":"ReadAction","target":["https:\/\/www.draamateater.ee\/en\/ruumide-rent\/"]}]},{"@type":"ImageObject","inLanguage":"en-US","@id":"https:\/\/www.draamateater.ee\/en\/ruumide-rent\/#primaryimage","url":"https:\/\/www.draamateater.ee\/wp-content\/uploads\/2025\/12\/Suure-saali-valgusplaan-1775x2512.jpg","contentUrl":"https:\/\/www.draamateater.ee\/wp-content\/uploads\/2025\/12\/Suure-saali-valgusplaan-1775x2512.jpg"},{"@type":"BreadcrumbList","@id":"https:\/\/www.draamateater.ee\/en\/ruumide-rent\/#breadcrumb","itemListElement":[{"@type":"ListItem","position":1,"name":"Home","item":"https:\/\/www.draamateater.ee\/en\/avaleht\/?lang=en"},{"@type":"ListItem","position":2,"name":"Ruumide rent"}]},{"@type":"WebSite","@id":"https:\/\/www.draamateater.ee\/en\/#website","url":"https:\/\/www.draamateater.ee\/en\/","name":"Draamateater","description":"","potentialAction":[{"@type":"SearchAction","target":{"@type":"EntryPoint","urlTemplate":"https:\/\/www.draamateater.ee\/en\/?s={search_term_string}"},"query-input":{"@type":"PropertyValueSpecification","valueRequired":true,"valueName":"search_term_string"}}],"inLanguage":"en-US"}]}},"_links":{"self":[{"href":"https:\/\/www.draamateater.ee\/en\/wp-json\/wp\/v2\/pages\/21477","targetHints":{"allow":["GET"]}}],"collection":[{"href":"https:\/\/www.draamateater.ee\/en\/wp-json\/wp\/v2\/pages"}],"about":[{"href":"https:\/\/www.draamateater.ee\/en\/wp-json\/wp\/v2\/types\/page"}],"author":[{"embeddable":true,"href":"https:\/\/www.draamateater.ee\/en\/wp-json\/wp\/v2\/users\/9"}],"replies":[{"embeddable":true,"href":"https:\/\/www.draamateater.ee\/en\/wp-json\/wp\/v2\/comments?post=21477"}],"version-history":[{"count":22,"href":"https:\/\/www.draamateater.ee\/en\/wp-json\/wp\/v2\/pages\/21477\/revisions"}],"predecessor-version":[{"id":34881,"href":"https:\/\/www.draamateater.ee\/en\/wp-json\/wp\/v2\/pages\/21477\/revisions\/34881"}],"wp:attachment":[{"href":"https:\/\/www.draamateater.ee\/en\/wp-json\/wp\/v2\/media?parent=21477"}],"curies":[{"name":"wp","href":"https:\/\/api.w.org\/{rel}","templated":true}]}}