{"id":29596,"date":"2024-01-26T16:30:49","date_gmt":"2024-01-26T13:30:49","guid":{"rendered":"https:\/\/www.draamateater.ee\/?page_id=29596"},"modified":"2026-03-24T13:27:29","modified_gmt":"2026-03-24T11:27:29","slug":"ringkaik-draamateatris","status":"publish","type":"page","link":"https:\/\/www.draamateater.ee\/en\/ringkaik-draamateatris\/","title":{"rendered":"Ringk\u00e4ik teatris"},"content":{"rendered":"\n<figure class=\"wp-block-image size-full\"><img loading=\"lazy\" decoding=\"async\" width=\"1250\" height=\"833\" src=\"https:\/\/www.draamateater.ee\/wp-content\/uploads\/2024\/01\/DT_Ringkaik_600x400-1.jpg\" alt=\"\" class=\"wp-image-29608\" srcset=\"https:\/\/www.draamateater.ee\/wp-content\/uploads\/2024\/01\/DT_Ringkaik_600x400-1.jpg 1250w, https:\/\/www.draamateater.ee\/wp-content\/uploads\/2024\/01\/DT_Ringkaik_600x400-1-640x426.jpg 640w, https:\/\/www.draamateater.ee\/wp-content\/uploads\/2024\/01\/DT_Ringkaik_600x400-1-768x512.jpg 768w\" sizes=\"auto, (max-width: 1250px) 100vw, 1250px\" \/><\/figure>\n\n\n\n<p><strong>Ringk\u00e4igud lava taga<\/strong><\/p>\n\n\n\n<p>Ootame teid ekskursioonile Draamateatri lavatagusesse maailma. Ringk\u00e4igul satume suure ja v\u00e4ikese lava alla, vaatame sisse teatriinimeste t\u00f6\u00f6ruumidesse, p\u00f5ikame grimmi- ja kirjandustuppa, dekoratsiooniaita ning kost\u00fc\u00fcmilattu. Ekskursiooni k\u00e4igus saab selgemaks teatri igap\u00e4evane t\u00f6\u00f6r\u00fctm ning lavastuse v\u00e4ljatoomise pikk protsess, k\u00e4ime l\u00e4bi ka olulisemad punktid Draamateatri kaugemast ja l\u00e4hemast minevikust.<\/p>\n\n\n\n<p>Ringk\u00e4ik toimub 15-liikmelistes gruppides ning kestab kuni poolteist tundi, pilet ringk\u00e4igule maksab 10 eurot. J\u00e4rgmised ringk\u00e4igud lava taga toimuvad 7. ja 21. aprillil ning 7. ja 22. mail algusega kell 16. <br><br><a href=\"https:\/\/www.piletimaailm.com\/performances\/135043-ringkaik-eesti-draamateatris?lang=et_EE\" class=\"ek-link\">Piletid ringk\u00e4igule \u2192<\/a><\/p>\n","protected":false},"excerpt":{"rendered":"<p>Ringk\u00e4igud lava taga Ootame teid ekskursioonile Draamateatri lavatagusesse maailma. Ringk\u00e4igul satume suure ja v\u00e4ikese lava alla, vaatame sisse teatriinimeste t\u00f6\u00f6ruumidesse, p\u00f5ikame grimmi- ja kirjandustuppa, dekoratsiooniaita ning kost\u00fc\u00fcmilattu. Ekskursiooni k\u00e4igus saab selgemaks teatri igap\u00e4evane t\u00f6\u00f6r\u00fctm ning lavastuse v\u00e4ljatoomise pikk protsess, k\u00e4ime l\u00e4bi ka olulisemad punktid Draamateatri kaugemast ja l\u00e4hemast minevikust. Ringk\u00e4ik toimub 15-liikmelistes gruppides ning kestab [&hellip;]<\/p>\n","protected":false},"author":9,"featured_media":0,"parent":0,"menu_order":0,"comment_status":"closed","ping_status":"closed","template":"","meta":{"_acf_changed":false,"footnotes":""},"class_list":["post-29596","page","type-page","status-publish","hentry"],"acf":[],"yoast_head":"<!-- This site is optimized with the Yoast SEO plugin v27.5 - https:\/\/yoast.com\/product\/yoast-seo-wordpress\/ -->\n<title>Ringk\u00e4ik teatris - Draamateater<\/title>\n<meta name=\"description\" content=\"Ootame publikut ekskursioonile Draamateatri lavatagusesse maailma.\" \/>\n<meta name=\"robots\" content=\"index, follow, max-snippet:-1, max-image-preview:large, max-video-preview:-1\" \/>\n<link rel=\"canonical\" href=\"https:\/\/www.draamateater.ee\/en\/ringkaik-draamateatris\/\" \/>\n<meta property=\"og:locale\" content=\"en_US\" \/>\n<meta property=\"og:type\" content=\"article\" \/>\n<meta property=\"og:title\" content=\"Ringk\u00e4ik teatris - Draamateater\" \/>\n<meta property=\"og:description\" content=\"Ootame publikut ekskursioonile Draamateatri lavatagusesse maailma.\" \/>\n<meta property=\"og:url\" content=\"https:\/\/www.draamateater.ee\/en\/ringkaik-draamateatris\/\" \/>\n<meta property=\"og:site_name\" content=\"Draamateater\" \/>\n<meta property=\"article:publisher\" content=\"https:\/\/www.facebook.com\/draamateater\/\" \/>\n<meta property=\"article:modified_time\" content=\"2026-03-24T11:27:29+00:00\" \/>\n<meta property=\"og:image\" content=\"https:\/\/www.draamateater.ee\/wp-content\/uploads\/2024\/01\/DT_Ringkaik_600x400-1.jpg\" \/>\n\t<meta property=\"og:image:width\" content=\"1250\" \/>\n\t<meta property=\"og:image:height\" content=\"833\" \/>\n\t<meta property=\"og:image:type\" content=\"image\/jpeg\" \/>\n<meta name=\"twitter:card\" content=\"summary_large_image\" \/>\n<meta name=\"twitter:label1\" content=\"Est. reading time\" \/>\n\t<meta name=\"twitter:data1\" content=\"1 minute\" \/>\n<script type=\"application\/ld+json\" class=\"yoast-schema-graph\">{\"@context\":\"https:\\\/\\\/schema.org\",\"@graph\":[{\"@type\":\"WebPage\",\"@id\":\"https:\\\/\\\/www.draamateater.ee\\\/en\\\/ringkaik-draamateatris\\\/\",\"url\":\"https:\\\/\\\/www.draamateater.ee\\\/en\\\/ringkaik-draamateatris\\\/\",\"name\":\"Ringk\u00e4ik teatris - Draamateater\",\"isPartOf\":{\"@id\":\"https:\\\/\\\/www.draamateater.ee\\\/en\\\/#website\"},\"primaryImageOfPage\":{\"@id\":\"https:\\\/\\\/www.draamateater.ee\\\/en\\\/ringkaik-draamateatris\\\/#primaryimage\"},\"image\":{\"@id\":\"https:\\\/\\\/www.draamateater.ee\\\/en\\\/ringkaik-draamateatris\\\/#primaryimage\"},\"thumbnailUrl\":\"https:\\\/\\\/www.draamateater.ee\\\/wp-content\\\/uploads\\\/2024\\\/01\\\/DT_Ringkaik_600x400-1.jpg\",\"datePublished\":\"2024-01-26T13:30:49+00:00\",\"dateModified\":\"2026-03-24T11:27:29+00:00\",\"description\":\"Ootame publikut ekskursioonile Draamateatri lavatagusesse maailma.\",\"breadcrumb\":{\"@id\":\"https:\\\/\\\/www.draamateater.ee\\\/en\\\/ringkaik-draamateatris\\\/#breadcrumb\"},\"inLanguage\":\"en-US\",\"potentialAction\":[{\"@type\":\"ReadAction\",\"target\":[\"https:\\\/\\\/www.draamateater.ee\\\/en\\\/ringkaik-draamateatris\\\/\"]}]},{\"@type\":\"ImageObject\",\"inLanguage\":\"en-US\",\"@id\":\"https:\\\/\\\/www.draamateater.ee\\\/en\\\/ringkaik-draamateatris\\\/#primaryimage\",\"url\":\"https:\\\/\\\/www.draamateater.ee\\\/wp-content\\\/uploads\\\/2024\\\/01\\\/DT_Ringkaik_600x400-1.jpg\",\"contentUrl\":\"https:\\\/\\\/www.draamateater.ee\\\/wp-content\\\/uploads\\\/2024\\\/01\\\/DT_Ringkaik_600x400-1.jpg\"},{\"@type\":\"BreadcrumbList\",\"@id\":\"https:\\\/\\\/www.draamateater.ee\\\/en\\\/ringkaik-draamateatris\\\/#breadcrumb\",\"itemListElement\":[{\"@type\":\"ListItem\",\"position\":1,\"name\":\"Home\",\"item\":\"https:\\\/\\\/www.draamateater.ee\\\/en\\\/avaleht\\\/?lang=en\"},{\"@type\":\"ListItem\",\"position\":2,\"name\":\"Ringk\u00e4ik teatris\"}]},{\"@type\":\"WebSite\",\"@id\":\"https:\\\/\\\/www.draamateater.ee\\\/en\\\/#website\",\"url\":\"https:\\\/\\\/www.draamateater.ee\\\/en\\\/\",\"name\":\"Draamateater\",\"description\":\"\",\"potentialAction\":[{\"@type\":\"SearchAction\",\"target\":{\"@type\":\"EntryPoint\",\"urlTemplate\":\"https:\\\/\\\/www.draamateater.ee\\\/en\\\/?s={search_term_string}\"},\"query-input\":{\"@type\":\"PropertyValueSpecification\",\"valueRequired\":true,\"valueName\":\"search_term_string\"}}],\"inLanguage\":\"en-US\"}]}<\/script>\n<!-- \/ Yoast SEO plugin. -->","yoast_head_json":{"title":"Ringk\u00e4ik teatris - Draamateater","description":"Ootame publikut ekskursioonile Draamateatri lavatagusesse maailma.","robots":{"index":"index","follow":"follow","max-snippet":"max-snippet:-1","max-image-preview":"max-image-preview:large","max-video-preview":"max-video-preview:-1"},"canonical":"https:\/\/www.draamateater.ee\/en\/ringkaik-draamateatris\/","og_locale":"en_US","og_type":"article","og_title":"Ringk\u00e4ik teatris - Draamateater","og_description":"Ootame publikut ekskursioonile Draamateatri lavatagusesse maailma.","og_url":"https:\/\/www.draamateater.ee\/en\/ringkaik-draamateatris\/","og_site_name":"Draamateater","article_publisher":"https:\/\/www.facebook.com\/draamateater\/","article_modified_time":"2026-03-24T11:27:29+00:00","og_image":[{"width":1250,"height":833,"url":"https:\/\/www.draamateater.ee\/wp-content\/uploads\/2024\/01\/DT_Ringkaik_600x400-1.jpg","type":"image\/jpeg"}],"twitter_card":"summary_large_image","twitter_misc":{"Est. reading time":"1 minute"},"schema":{"@context":"https:\/\/schema.org","@graph":[{"@type":"WebPage","@id":"https:\/\/www.draamateater.ee\/en\/ringkaik-draamateatris\/","url":"https:\/\/www.draamateater.ee\/en\/ringkaik-draamateatris\/","name":"Ringk\u00e4ik teatris - Draamateater","isPartOf":{"@id":"https:\/\/www.draamateater.ee\/en\/#website"},"primaryImageOfPage":{"@id":"https:\/\/www.draamateater.ee\/en\/ringkaik-draamateatris\/#primaryimage"},"image":{"@id":"https:\/\/www.draamateater.ee\/en\/ringkaik-draamateatris\/#primaryimage"},"thumbnailUrl":"https:\/\/www.draamateater.ee\/wp-content\/uploads\/2024\/01\/DT_Ringkaik_600x400-1.jpg","datePublished":"2024-01-26T13:30:49+00:00","dateModified":"2026-03-24T11:27:29+00:00","description":"Ootame publikut ekskursioonile Draamateatri lavatagusesse maailma.","breadcrumb":{"@id":"https:\/\/www.draamateater.ee\/en\/ringkaik-draamateatris\/#breadcrumb"},"inLanguage":"en-US","potentialAction":[{"@type":"ReadAction","target":["https:\/\/www.draamateater.ee\/en\/ringkaik-draamateatris\/"]}]},{"@type":"ImageObject","inLanguage":"en-US","@id":"https:\/\/www.draamateater.ee\/en\/ringkaik-draamateatris\/#primaryimage","url":"https:\/\/www.draamateater.ee\/wp-content\/uploads\/2024\/01\/DT_Ringkaik_600x400-1.jpg","contentUrl":"https:\/\/www.draamateater.ee\/wp-content\/uploads\/2024\/01\/DT_Ringkaik_600x400-1.jpg"},{"@type":"BreadcrumbList","@id":"https:\/\/www.draamateater.ee\/en\/ringkaik-draamateatris\/#breadcrumb","itemListElement":[{"@type":"ListItem","position":1,"name":"Home","item":"https:\/\/www.draamateater.ee\/en\/avaleht\/?lang=en"},{"@type":"ListItem","position":2,"name":"Ringk\u00e4ik teatris"}]},{"@type":"WebSite","@id":"https:\/\/www.draamateater.ee\/en\/#website","url":"https:\/\/www.draamateater.ee\/en\/","name":"Draamateater","description":"","potentialAction":[{"@type":"SearchAction","target":{"@type":"EntryPoint","urlTemplate":"https:\/\/www.draamateater.ee\/en\/?s={search_term_string}"},"query-input":{"@type":"PropertyValueSpecification","valueRequired":true,"valueName":"search_term_string"}}],"inLanguage":"en-US"}]}},"_links":{"self":[{"href":"https:\/\/www.draamateater.ee\/en\/wp-json\/wp\/v2\/pages\/29596","targetHints":{"allow":["GET"]}}],"collection":[{"href":"https:\/\/www.draamateater.ee\/en\/wp-json\/wp\/v2\/pages"}],"about":[{"href":"https:\/\/www.draamateater.ee\/en\/wp-json\/wp\/v2\/types\/page"}],"author":[{"embeddable":true,"href":"https:\/\/www.draamateater.ee\/en\/wp-json\/wp\/v2\/users\/9"}],"replies":[{"embeddable":true,"href":"https:\/\/www.draamateater.ee\/en\/wp-json\/wp\/v2\/comments?post=29596"}],"version-history":[{"count":17,"href":"https:\/\/www.draamateater.ee\/en\/wp-json\/wp\/v2\/pages\/29596\/revisions"}],"predecessor-version":[{"id":35647,"href":"https:\/\/www.draamateater.ee\/en\/wp-json\/wp\/v2\/pages\/29596\/revisions\/35647"}],"wp:attachment":[{"href":"https:\/\/www.draamateater.ee\/en\/wp-json\/wp\/v2\/media?parent=29596"}],"curies":[{"name":"wp","href":"https:\/\/api.w.org\/{rel}","templated":true}]}}