{"id":35031,"date":"2026-01-16T14:45:49","date_gmt":"2026-01-16T11:45:49","guid":{"rendered":"https:\/\/www.draamateater.ee\/?page_id=35031"},"modified":"2026-04-28T18:10:14","modified_gmt":"2026-04-28T15:10:14","slug":"noorelt-teatrisse","status":"publish","type":"page","link":"https:\/\/www.draamateater.ee\/en\/noorelt-teatrisse\/","title":{"rendered":"Noorelt teatrisse!"},"content":{"rendered":"\n<figure class=\"wp-block-image size-large\"><img loading=\"lazy\" decoding=\"async\" width=\"2512\" height=\"1116\" src=\"https:\/\/www.draamateater.ee\/wp-content\/uploads\/2026\/01\/Noorelt-teatrisse_Eesti-Draamateater_riba-2512x1116.jpg\" alt=\"\" class=\"wp-image-35034\" srcset=\"https:\/\/www.draamateater.ee\/wp-content\/uploads\/2026\/01\/Noorelt-teatrisse_Eesti-Draamateater_riba-2512x1116.jpg 2512w, https:\/\/www.draamateater.ee\/wp-content\/uploads\/2026\/01\/Noorelt-teatrisse_Eesti-Draamateater_riba-1256x558.jpg 1256w, https:\/\/www.draamateater.ee\/wp-content\/uploads\/2026\/01\/Noorelt-teatrisse_Eesti-Draamateater_riba-640x284.jpg 640w, https:\/\/www.draamateater.ee\/wp-content\/uploads\/2026\/01\/Noorelt-teatrisse_Eesti-Draamateater_riba-768x341.jpg 768w, https:\/\/www.draamateater.ee\/wp-content\/uploads\/2026\/01\/Noorelt-teatrisse_Eesti-Draamateater_riba-1536x682.jpg 1536w, https:\/\/www.draamateater.ee\/wp-content\/uploads\/2026\/01\/Noorelt-teatrisse_Eesti-Draamateater_riba-2048x910.jpg 2048w\" sizes=\"auto, (max-width: 2512px) 100vw, 2512px\" \/><\/figure>\n\n\n\n<p><strong>16. juunil<\/strong> on kogu Eesti Draamateater taas noorte p\u00e4ralt! <strong>14\u201326aastaseid<\/strong> noori ootavad kaks \u00e4gedat lavastust, kohtumised teatritegijatega ja hilis\u00f5htune ringk\u00e4ik.<\/p>\n\n\n\n<p>Lavastuste ja ringk\u00e4igu piletid <strong>l\u00e4hevad m\u00fc\u00fcki 11. aprillil kl 12<\/strong>. Pileteid saab osta Draamateatri kodulehelt, <a href=\"https:\/\/www.piletimaailm.com\/organizers\/7\">Piletimaailmast <\/a>ning teatri kassast (P\u00e4rnu mnt 5). Noortepilet maksab 20 eurot, ringk\u00e4igu pilet 2 eurot. <\/p>\n\n\n\n<p>NB! Teatri\u00f5htule p\u00e4\u00e4semiseks palume kaasa v\u00f5tta isikut t\u00f5endav dokument, sest kontrollime vanust.<\/p>\n\n\n\n<p><strong>\u2192 kl 18 kohtumine lavastajate Ene-Liis Semperi ning Tiit Ojasooga<\/strong><\/p>\n\n\n\n<p>Kuningas Ubu lavastajad, kujunduse autorid Ene-Liis Semper ja Tiit Ojasoo teevad sissejuhatuse &#8211; miks oli vaja just seda materjali ja just noorte n\u00e4itlejatega lavastada, mida tasub etendust vaadates t\u00e4hele panna ja mida nad ise kogu protsessist on kaasa v\u00f5tnud.<\/p>\n\n\n\n<p><strong>\u2192 kl 19 suures saalis <a href=\"https:\/\/www.draamateater.ee\/lavastus\/kuningas-ubu\/\" type=\"lavastus\" id=\"33856\">\u201eKuningas Ubu\u201c<\/a><\/strong><\/p>\n\n\n\n<p>\u201eKuningas Ubu\u201c teema on ebamugav, isegi meeleheitlik \u2013 inimese l\u00f5putu ja rahuldamatu n\u00e4lg k\u00f5ige j\u00e4rele. Laval on palju f\u00fc\u00fcsilisust ja toorest noort energiat, aga sellist noort energiat, mis seisab v\u00e4ga selgelt vastu allaandmisele! Nagu on \u00f6elnud \u00fcks osalistest: \u201eMinu meelest see, et noored on laval, on ainu\u00f5ige, sest see on ju meie tulevik, millest me r\u00e4\u00e4gime. Kui seda teeksid vanemad n\u00e4itlejad, siis see k\u00fcsimus ei oleks nii valus. Kui aga noored sellest r\u00e4\u00e4givad, siis t\u00f5ele n\u00e4kku vaadates \u2013 nemad peavadki ju tulevikus kogu selle s\u2026.a tegelema.\u201c<\/p>\n\n\n\n<p>16. juuni etendus on lavaka viimase kursuse tudengite kooliaja t\u00e4iesti viimane etendus! Seega on p\u00f5hjust arvata, et senise saja viiek\u00fcmnega m\u00e4ngimise asemel n\u00e4eb saja kaheksak\u00fcmnega m\u00e4ngimist. V\u00e4hemalt. \u00c4ra j\u00e4\u00e4 ilma!<\/p>\n\n\n\n<p><strong>\u2192 kl 19 v\u00e4ikses saalis <a href=\"https:\/\/www.draamateater.ee\/lavastus\/prima-facie\/\" type=\"lavastus\" id=\"34438\">\u201ePrima facie\u201c<\/a><\/strong><\/p>\n\n\n\n<p>\u201ePrima facie\u201c kohta on lavastaja \u00f6elnud, et selle tekst \u201epakatab adrenaliinist, kisub kaasa \u2013 \u0161okeerib, intrigeerib, teeb hellalt pai ja siis toob j\u00e4lle maa peale tagasi.\u201c Kriminaalasjade advokaat Tessa (Marian Eplik) jagab oma lugu traumast ja \u00f5igluse otsimisest. Eduka advokaadina on ta alati osanud \u00f5iguss\u00fcsteemi enda kliendi huvides kasutada, aga ise kuriteo ohvriks langedes avaneb talle kogu s\u00fcsteem hoopis teise nurga alt.<\/p>\n\n\n\n<p><strong>\u2192 u kl 21 v\u00e4ikses saalis kohtumine \u201ePrima facie\u201c<\/strong> <strong>trupiga<\/strong>: Marian Eplik ja lavastaja Ott Raidmets.<\/p>\n\n\n\n<p><strong>\u2192 kl 22 ringk\u00e4ik lavatagustes ruumides<\/strong> (piiratud arv kohti! Osta pilet teatri kodulehelt v\u00f5i Piletimaailmast)<\/p>\n\n\n\n<p>Hilis\u00f5htune ringk\u00e4ik viib kohtadesse, kuhu tavaliselt publik ei p\u00e4\u00e4se. Kui publik on lahkunud, siis tegutsevad teatrimajas \u2026 Kes siis veel tegutsevad? Tule ja saa rohkem teada \u00f6ise ning p\u00e4evase teatrielu kohta!<\/p>\n\n\n\n<p><\/p>\n\n\n\n<h2 class=\"wp-block-heading\">Meedia<\/h2>\n\n\n\n<div class=\"wp-block-media-text is-stacked-on-mobile\"><figure class=\"wp-block-media-text__media\"><img loading=\"lazy\" decoding=\"async\" width=\"2512\" height=\"1675\" src=\"https:\/\/www.draamateater.ee\/wp-content\/uploads\/2026\/04\/Klassijuhatajata-teatris_Noorelt-teatrisse-26.03.2026_foto-Kalev-Lilleorg-1-2512x1675.jpg\" alt=\"\" class=\"wp-image-36001 size-full\" srcset=\"https:\/\/www.draamateater.ee\/wp-content\/uploads\/2026\/04\/Klassijuhatajata-teatris_Noorelt-teatrisse-26.03.2026_foto-Kalev-Lilleorg-1-2512x1675.jpg 2512w, https:\/\/www.draamateater.ee\/wp-content\/uploads\/2026\/04\/Klassijuhatajata-teatris_Noorelt-teatrisse-26.03.2026_foto-Kalev-Lilleorg-1-1256x837.jpg 1256w, https:\/\/www.draamateater.ee\/wp-content\/uploads\/2026\/04\/Klassijuhatajata-teatris_Noorelt-teatrisse-26.03.2026_foto-Kalev-Lilleorg-1-640x427.jpg 640w, https:\/\/www.draamateater.ee\/wp-content\/uploads\/2026\/04\/Klassijuhatajata-teatris_Noorelt-teatrisse-26.03.2026_foto-Kalev-Lilleorg-1-768x512.jpg 768w, https:\/\/www.draamateater.ee\/wp-content\/uploads\/2026\/04\/Klassijuhatajata-teatris_Noorelt-teatrisse-26.03.2026_foto-Kalev-Lilleorg-1-1536x1024.jpg 1536w, https:\/\/www.draamateater.ee\/wp-content\/uploads\/2026\/04\/Klassijuhatajata-teatris_Noorelt-teatrisse-26.03.2026_foto-Kalev-Lilleorg-1-2048x1365.jpg 2048w\" sizes=\"auto, (max-width: 2512px) 100vw, 2512px\" \/><\/figure><div class=\"wp-block-media-text__content\">\n<p><a href=\"https:\/\/www.draamateater.ee\/blogi\/ukskord-noorteohtul-kahe-noore-teatrikogemused-ja-muljed\">\u201e\u00dckskord noorte\u00f5htul: kahe noore teatrikogemused ja muljed\u201c \u2192 Heli Valgev\u00e4li ja Oskar Hazlehurst jagavad esimese NT!-\u00f5htu muljeid<\/a><\/p>\n<\/div><\/div>\n\n\n\n<div class=\"wp-block-media-text is-stacked-on-mobile\"><figure class=\"wp-block-media-text__media\"><a href=\"https:\/\/jupiter.err.ee\/1609913278\/noored-teatris\"><img loading=\"lazy\" decoding=\"async\" width=\"2512\" height=\"1413\" src=\"https:\/\/www.draamateater.ee\/wp-content\/uploads\/2026\/01\/Oliver-Reimann_Hendrik-Toompere-jr_Grete-Lobu_Ringvaade-15.01.2026-2512x1413.jpg\" alt=\"\" class=\"wp-image-35042 size-full\" srcset=\"https:\/\/www.draamateater.ee\/wp-content\/uploads\/2026\/01\/Oliver-Reimann_Hendrik-Toompere-jr_Grete-Lobu_Ringvaade-15.01.2026-2512x1413.jpg 2512w, https:\/\/www.draamateater.ee\/wp-content\/uploads\/2026\/01\/Oliver-Reimann_Hendrik-Toompere-jr_Grete-Lobu_Ringvaade-15.01.2026-1256x707.jpg 1256w, https:\/\/www.draamateater.ee\/wp-content\/uploads\/2026\/01\/Oliver-Reimann_Hendrik-Toompere-jr_Grete-Lobu_Ringvaade-15.01.2026-640x360.jpg 640w, https:\/\/www.draamateater.ee\/wp-content\/uploads\/2026\/01\/Oliver-Reimann_Hendrik-Toompere-jr_Grete-Lobu_Ringvaade-15.01.2026-768x432.jpg 768w, https:\/\/www.draamateater.ee\/wp-content\/uploads\/2026\/01\/Oliver-Reimann_Hendrik-Toompere-jr_Grete-Lobu_Ringvaade-15.01.2026-1536x864.jpg 1536w, https:\/\/www.draamateater.ee\/wp-content\/uploads\/2026\/01\/Oliver-Reimann_Hendrik-Toompere-jr_Grete-Lobu_Ringvaade-15.01.2026-2048x1152.jpg 2048w\" sizes=\"auto, (max-width: 2512px) 100vw, 2512px\" \/><\/a><\/figure><div class=\"wp-block-media-text__content\">\n<p><a href=\"https:\/\/jupiter.err.ee\/1609913278\/noored-teatris\" class=\"ek-link\">Hendrik Toompere jr ja <strong>\u201e<\/strong>Noorelt teatrisse teatri\u00f5htu\u201c eestvedaja Oliver Reimann k\u00e4isid Ringvaates r\u00e4\u00e4kimas, miks on sellist teatri\u00f5htut vaja. \u2192<\/a><\/p>\n\n\n\n<p><em>Foto: Ringvaade, ERR<\/em><\/p>\n<\/div><\/div>\n\n\n\n<p><\/p>\n\n\n\n<div class=\"wp-block-media-text is-stacked-on-mobile\"><figure class=\"wp-block-media-text__media\"><a href=\"https:\/\/r2.err.ee\/1609912766\/christopher-rajaveer-ja-oliver-reimann-draamateatri-projektist-noorelt-teatrisse\/er\"><img loading=\"lazy\" decoding=\"async\" width=\"778\" height=\"469\" src=\"https:\/\/www.draamateater.ee\/wp-content\/uploads\/2026\/01\/Christopher-Rajaveer_Oliver-Reimann_R2-Hommik_16.01.2026.jpg\" alt=\"\" class=\"wp-image-35044 size-full\" srcset=\"https:\/\/www.draamateater.ee\/wp-content\/uploads\/2026\/01\/Christopher-Rajaveer_Oliver-Reimann_R2-Hommik_16.01.2026.jpg 778w, https:\/\/www.draamateater.ee\/wp-content\/uploads\/2026\/01\/Christopher-Rajaveer_Oliver-Reimann_R2-Hommik_16.01.2026-640x386.jpg 640w, https:\/\/www.draamateater.ee\/wp-content\/uploads\/2026\/01\/Christopher-Rajaveer_Oliver-Reimann_R2-Hommik_16.01.2026-768x463.jpg 768w\" sizes=\"auto, (max-width: 778px) 100vw, 778px\" \/><\/a><\/figure><div class=\"wp-block-media-text__content\">\n<p><a href=\"https:\/\/r2.err.ee\/1609912766\/christopher-rajaveer-ja-oliver-reimann-draamateatri-projektist-noorelt-teatrisse\/er\" class=\"ek-link\">Christopher Rajaveer ja Oliver Reimann saates <strong>\u201e<\/strong>R2 Hommik!\u201c noori teatrisse kutsumas. \u2192<\/a><\/p>\n\n\n\n<p><em>Foto: R2, ERR<\/em><\/p>\n<\/div><\/div>\n\n\n\n<p><\/p>\n\n\n\n<div class=\"wp-block-media-text is-stacked-on-mobile\"><figure class=\"wp-block-media-text__media\"><img loading=\"lazy\" decoding=\"async\" width=\"1400\" height=\"933\" src=\"https:\/\/www.draamateater.ee\/wp-content\/uploads\/2026\/02\/Noorelt-teatrisse-Saba_24.01.2026_foto-Kreete-Kitse-6.jpg\" alt=\"\" class=\"wp-image-35203 size-full\" srcset=\"https:\/\/www.draamateater.ee\/wp-content\/uploads\/2026\/02\/Noorelt-teatrisse-Saba_24.01.2026_foto-Kreete-Kitse-6.jpg 1400w, https:\/\/www.draamateater.ee\/wp-content\/uploads\/2026\/02\/Noorelt-teatrisse-Saba_24.01.2026_foto-Kreete-Kitse-6-1256x837.jpg 1256w, https:\/\/www.draamateater.ee\/wp-content\/uploads\/2026\/02\/Noorelt-teatrisse-Saba_24.01.2026_foto-Kreete-Kitse-6-640x427.jpg 640w, https:\/\/www.draamateater.ee\/wp-content\/uploads\/2026\/02\/Noorelt-teatrisse-Saba_24.01.2026_foto-Kreete-Kitse-6-768x512.jpg 768w\" sizes=\"auto, (max-width: 1400px) 100vw, 1400px\" \/><\/figure><div class=\"wp-block-media-text__content\">\n<p><a href=\"https:\/\/www.sirp.ee\/pohjustest-miks-noored-teatris-ei-kai-puudust-ei-ole\/\" class=\"ek-link\">\u201eP\u00f5hjustest, miks noored teatris ei k\u00e4i, puudust ei ole\u201c \u2192 vestlusringis Eleriin Miilman, Getter Marii Kalvik, Anni Olm, Oliver Reimann, Oliver Issak<\/a><\/p>\n\n\n\n<p>Aktsioon \u201eSaba\u201c, 24.01.2026 (foto: Kreete Kitse)<\/p>\n<\/div><\/div>\n","protected":false},"excerpt":{"rendered":"<p>16. juunil on kogu Eesti Draamateater taas noorte p\u00e4ralt! 14\u201326aastaseid noori ootavad kaks \u00e4gedat lavastust, kohtumised teatritegijatega ja hilis\u00f5htune ringk\u00e4ik. Lavastuste ja ringk\u00e4igu piletid l\u00e4hevad m\u00fc\u00fcki 11. aprillil kl 12. Pileteid saab osta Draamateatri kodulehelt, Piletimaailmast ning teatri kassast (P\u00e4rnu mnt 5). Noortepilet maksab 20 eurot, ringk\u00e4igu pilet 2 eurot. NB! Teatri\u00f5htule p\u00e4\u00e4semiseks palume kaasa [&hellip;]<\/p>\n","protected":false},"author":7,"featured_media":0,"parent":0,"menu_order":0,"comment_status":"closed","ping_status":"closed","template":"","meta":{"_acf_changed":false,"footnotes":""},"class_list":["post-35031","page","type-page","status-publish","hentry"],"acf":[],"yoast_head":"<!-- This site is optimized with the Yoast SEO plugin v27.5 - https:\/\/yoast.com\/product\/yoast-seo-wordpress\/ -->\n<title>Noorelt teatrisse! - Draamateater<\/title>\n<meta name=\"description\" content=\"&quot;Noorelt teatrisse!&quot; teatri\u00f5htu on m\u00f5eldud 14-26aastastele (k.a) noortele. Soodsama piletiga v\u00e4ga head teatrit vaatama!\" \/>\n<meta name=\"robots\" content=\"index, follow, max-snippet:-1, max-image-preview:large, max-video-preview:-1\" \/>\n<link rel=\"canonical\" href=\"https:\/\/www.draamateater.ee\/en\/noorelt-teatrisse\/\" \/>\n<meta property=\"og:locale\" content=\"en_US\" \/>\n<meta property=\"og:type\" content=\"article\" \/>\n<meta property=\"og:title\" content=\"16. juunil Draamateatris ainult noored!\" \/>\n<meta property=\"og:description\" content=\"&quot;Kuningas Ubu&quot; + &quot;Prima facie&quot; + kohtumised teatritegijatega ja hilis\u00f5htune ringk\u00e4ik.\" \/>\n<meta property=\"og:url\" content=\"https:\/\/www.draamateater.ee\/en\/noorelt-teatrisse\/\" \/>\n<meta property=\"og:site_name\" content=\"Draamateater\" \/>\n<meta property=\"article:publisher\" content=\"https:\/\/www.facebook.com\/draamateater\/\" \/>\n<meta property=\"article:modified_time\" content=\"2026-04-28T15:10:14+00:00\" \/>\n<meta property=\"og:image\" content=\"https:\/\/www.draamateater.ee\/wp-content\/uploads\/2026\/04\/Noorelt-teatrisse_Eesti-Draamateater_2026-scaled.jpg\" \/>\n\t<meta property=\"og:image:width\" content=\"2560\" \/>\n\t<meta property=\"og:image:height\" content=\"1707\" \/>\n\t<meta property=\"og:image:type\" content=\"image\/jpeg\" \/>\n<meta name=\"twitter:card\" content=\"summary_large_image\" \/>\n<meta name=\"twitter:title\" content=\"16. juunil Draamateatris ainult noored!\" \/>\n<meta name=\"twitter:description\" content=\"&quot;Kuningas Ubu&quot; + &quot;Prima facie&quot; + kohtumised teatritegijatega ja hilis\u00f5htune ringk\u00e4ik.\" \/>\n<meta name=\"twitter:image\" content=\"https:\/\/www.draamateater.ee\/wp-content\/uploads\/2026\/04\/Noorelt-teatrisse_Eesti-Draamateater_2026-scaled.jpg\" \/>\n<meta name=\"twitter:label1\" content=\"Est. reading time\" \/>\n\t<meta name=\"twitter:data1\" content=\"4 minutes\" \/>\n<script type=\"application\/ld+json\" class=\"yoast-schema-graph\">{\"@context\":\"https:\\\/\\\/schema.org\",\"@graph\":[{\"@type\":\"WebPage\",\"@id\":\"https:\\\/\\\/www.draamateater.ee\\\/en\\\/noorelt-teatrisse\\\/\",\"url\":\"https:\\\/\\\/www.draamateater.ee\\\/en\\\/noorelt-teatrisse\\\/\",\"name\":\"Noorelt teatrisse! - Draamateater\",\"isPartOf\":{\"@id\":\"https:\\\/\\\/www.draamateater.ee\\\/en\\\/#website\"},\"primaryImageOfPage\":{\"@id\":\"https:\\\/\\\/www.draamateater.ee\\\/en\\\/noorelt-teatrisse\\\/#primaryimage\"},\"image\":{\"@id\":\"https:\\\/\\\/www.draamateater.ee\\\/en\\\/noorelt-teatrisse\\\/#primaryimage\"},\"thumbnailUrl\":\"https:\\\/\\\/www.draamateater.ee\\\/wp-content\\\/uploads\\\/2026\\\/01\\\/Noorelt-teatrisse_Eesti-Draamateater_riba-2512x1116.jpg\",\"datePublished\":\"2026-01-16T11:45:49+00:00\",\"dateModified\":\"2026-04-28T15:10:14+00:00\",\"description\":\"\\\"Noorelt teatrisse!\\\" teatri\u00f5htu on m\u00f5eldud 14-26aastastele (k.a) noortele. Soodsama piletiga v\u00e4ga head teatrit vaatama!\",\"breadcrumb\":{\"@id\":\"https:\\\/\\\/www.draamateater.ee\\\/en\\\/noorelt-teatrisse\\\/#breadcrumb\"},\"inLanguage\":\"en-US\",\"potentialAction\":[{\"@type\":\"ReadAction\",\"target\":[\"https:\\\/\\\/www.draamateater.ee\\\/en\\\/noorelt-teatrisse\\\/\"]}]},{\"@type\":\"ImageObject\",\"inLanguage\":\"en-US\",\"@id\":\"https:\\\/\\\/www.draamateater.ee\\\/en\\\/noorelt-teatrisse\\\/#primaryimage\",\"url\":\"https:\\\/\\\/www.draamateater.ee\\\/wp-content\\\/uploads\\\/2026\\\/01\\\/Noorelt-teatrisse_Eesti-Draamateater_riba-2512x1116.jpg\",\"contentUrl\":\"https:\\\/\\\/www.draamateater.ee\\\/wp-content\\\/uploads\\\/2026\\\/01\\\/Noorelt-teatrisse_Eesti-Draamateater_riba-2512x1116.jpg\"},{\"@type\":\"BreadcrumbList\",\"@id\":\"https:\\\/\\\/www.draamateater.ee\\\/en\\\/noorelt-teatrisse\\\/#breadcrumb\",\"itemListElement\":[{\"@type\":\"ListItem\",\"position\":1,\"name\":\"Home\",\"item\":\"https:\\\/\\\/www.draamateater.ee\\\/en\\\/avaleht\\\/?lang=en\"},{\"@type\":\"ListItem\",\"position\":2,\"name\":\"Noorelt teatrisse!\"}]},{\"@type\":\"WebSite\",\"@id\":\"https:\\\/\\\/www.draamateater.ee\\\/en\\\/#website\",\"url\":\"https:\\\/\\\/www.draamateater.ee\\\/en\\\/\",\"name\":\"Draamateater\",\"description\":\"\",\"potentialAction\":[{\"@type\":\"SearchAction\",\"target\":{\"@type\":\"EntryPoint\",\"urlTemplate\":\"https:\\\/\\\/www.draamateater.ee\\\/en\\\/?s={search_term_string}\"},\"query-input\":{\"@type\":\"PropertyValueSpecification\",\"valueRequired\":true,\"valueName\":\"search_term_string\"}}],\"inLanguage\":\"en-US\"}]}<\/script>\n<!-- \/ Yoast SEO plugin. -->","yoast_head_json":{"title":"Noorelt teatrisse! - Draamateater","description":"\"Noorelt teatrisse!\" teatri\u00f5htu on m\u00f5eldud 14-26aastastele (k.a) noortele. Soodsama piletiga v\u00e4ga head teatrit vaatama!","robots":{"index":"index","follow":"follow","max-snippet":"max-snippet:-1","max-image-preview":"max-image-preview:large","max-video-preview":"max-video-preview:-1"},"canonical":"https:\/\/www.draamateater.ee\/en\/noorelt-teatrisse\/","og_locale":"en_US","og_type":"article","og_title":"16. juunil Draamateatris ainult noored!","og_description":"\"Kuningas Ubu\" + \"Prima facie\" + kohtumised teatritegijatega ja hilis\u00f5htune ringk\u00e4ik.","og_url":"https:\/\/www.draamateater.ee\/en\/noorelt-teatrisse\/","og_site_name":"Draamateater","article_publisher":"https:\/\/www.facebook.com\/draamateater\/","article_modified_time":"2026-04-28T15:10:14+00:00","og_image":[{"width":2560,"height":1707,"url":"https:\/\/www.draamateater.ee\/wp-content\/uploads\/2026\/04\/Noorelt-teatrisse_Eesti-Draamateater_2026-scaled.jpg","type":"image\/jpeg"}],"twitter_card":"summary_large_image","twitter_title":"16. juunil Draamateatris ainult noored!","twitter_description":"\"Kuningas Ubu\" + \"Prima facie\" + kohtumised teatritegijatega ja hilis\u00f5htune ringk\u00e4ik.","twitter_image":"https:\/\/www.draamateater.ee\/wp-content\/uploads\/2026\/04\/Noorelt-teatrisse_Eesti-Draamateater_2026-scaled.jpg","twitter_misc":{"Est. reading time":"4 minutes"},"schema":{"@context":"https:\/\/schema.org","@graph":[{"@type":"WebPage","@id":"https:\/\/www.draamateater.ee\/en\/noorelt-teatrisse\/","url":"https:\/\/www.draamateater.ee\/en\/noorelt-teatrisse\/","name":"Noorelt teatrisse! - Draamateater","isPartOf":{"@id":"https:\/\/www.draamateater.ee\/en\/#website"},"primaryImageOfPage":{"@id":"https:\/\/www.draamateater.ee\/en\/noorelt-teatrisse\/#primaryimage"},"image":{"@id":"https:\/\/www.draamateater.ee\/en\/noorelt-teatrisse\/#primaryimage"},"thumbnailUrl":"https:\/\/www.draamateater.ee\/wp-content\/uploads\/2026\/01\/Noorelt-teatrisse_Eesti-Draamateater_riba-2512x1116.jpg","datePublished":"2026-01-16T11:45:49+00:00","dateModified":"2026-04-28T15:10:14+00:00","description":"\"Noorelt teatrisse!\" teatri\u00f5htu on m\u00f5eldud 14-26aastastele (k.a) noortele. Soodsama piletiga v\u00e4ga head teatrit vaatama!","breadcrumb":{"@id":"https:\/\/www.draamateater.ee\/en\/noorelt-teatrisse\/#breadcrumb"},"inLanguage":"en-US","potentialAction":[{"@type":"ReadAction","target":["https:\/\/www.draamateater.ee\/en\/noorelt-teatrisse\/"]}]},{"@type":"ImageObject","inLanguage":"en-US","@id":"https:\/\/www.draamateater.ee\/en\/noorelt-teatrisse\/#primaryimage","url":"https:\/\/www.draamateater.ee\/wp-content\/uploads\/2026\/01\/Noorelt-teatrisse_Eesti-Draamateater_riba-2512x1116.jpg","contentUrl":"https:\/\/www.draamateater.ee\/wp-content\/uploads\/2026\/01\/Noorelt-teatrisse_Eesti-Draamateater_riba-2512x1116.jpg"},{"@type":"BreadcrumbList","@id":"https:\/\/www.draamateater.ee\/en\/noorelt-teatrisse\/#breadcrumb","itemListElement":[{"@type":"ListItem","position":1,"name":"Home","item":"https:\/\/www.draamateater.ee\/en\/avaleht\/?lang=en"},{"@type":"ListItem","position":2,"name":"Noorelt teatrisse!"}]},{"@type":"WebSite","@id":"https:\/\/www.draamateater.ee\/en\/#website","url":"https:\/\/www.draamateater.ee\/en\/","name":"Draamateater","description":"","potentialAction":[{"@type":"SearchAction","target":{"@type":"EntryPoint","urlTemplate":"https:\/\/www.draamateater.ee\/en\/?s={search_term_string}"},"query-input":{"@type":"PropertyValueSpecification","valueRequired":true,"valueName":"search_term_string"}}],"inLanguage":"en-US"}]}},"_links":{"self":[{"href":"https:\/\/www.draamateater.ee\/en\/wp-json\/wp\/v2\/pages\/35031","targetHints":{"allow":["GET"]}}],"collection":[{"href":"https:\/\/www.draamateater.ee\/en\/wp-json\/wp\/v2\/pages"}],"about":[{"href":"https:\/\/www.draamateater.ee\/en\/wp-json\/wp\/v2\/types\/page"}],"author":[{"embeddable":true,"href":"https:\/\/www.draamateater.ee\/en\/wp-json\/wp\/v2\/users\/7"}],"replies":[{"embeddable":true,"href":"https:\/\/www.draamateater.ee\/en\/wp-json\/wp\/v2\/comments?post=35031"}],"version-history":[{"count":14,"href":"https:\/\/www.draamateater.ee\/en\/wp-json\/wp\/v2\/pages\/35031\/revisions"}],"predecessor-version":[{"id":36004,"href":"https:\/\/www.draamateater.ee\/en\/wp-json\/wp\/v2\/pages\/35031\/revisions\/36004"}],"wp:attachment":[{"href":"https:\/\/www.draamateater.ee\/en\/wp-json\/wp\/v2\/media?parent=35031"}],"curies":[{"name":"wp","href":"https:\/\/api.w.org\/{rel}","templated":true}]}}