{"id":9198,"date":"2020-09-13T10:44:17","date_gmt":"2020-09-13T07:44:17","guid":{"rendered":"https:\/\/www.draamateater.ee\/?page_id=9198"},"modified":"2024-03-21T14:57:23","modified_gmt":"2024-03-21T11:57:23","slug":"1920-1940","status":"publish","type":"page","link":"https:\/\/www.draamateater.ee\/en\/ajalugu\/1920-1940\/","title":{"rendered":"1920\u20131940"},"content":{"rendered":"\n<p><strong>Draamastuudiost Draamateatriks<\/strong><\/p>\n\n\n\n<p>Draamateater kasvas v\u00e4lja Eesti esimesest teatrikoolist. 1920. a asutas Paul Sepp erastuudio, millest sai Draamastuudio teatrikool ja selle I lennu l\u00f5petajad l\u00f5idki 1924. aastal Draamastuudio Teatri. Eesti esimene teatriharidusega trupp seadis k\u00f5rged kunstilised sihid, kuid algusaeg oli keeruline. Teatri b\u00fcroo, proovisaal ja dekoratsioonit\u00f6\u00f6koda tegutsesid Otto Aloe korteris, etendusteks \u00fc\u00fcriti kaunist ja kaasaegset, kuid kallist Saksa Teatrit (valminud 1910). Pingsalt otsiti oma kohta Eesti teatripildis ja sobivat t\u00f6\u00f6korraldust. 1927. a sai teatrijuhiks Leo Kalmet, kellest kujunes Draamateatri \u00fclesehitaja ja pikaaegne juht (1927\u20131944). <br><br>Eneseleidmise lavastuseks sai Hugo Raudsepa \u201eMikum\u00e4rdi\u201d 1929. a \u2013 ligi 200 etendust (tollases kontekstis erakordselt palju!) andsid majandusliku kindluse ning selge suuna algup\u00e4randite poole, eesti dramaturgiast (Hugo Raudsepp, August Kitzberg, Eduard Vilde, Henrik Visnapuu) sai repertuaari selgroog. Dramatiseeringute kaudu j\u00f5udis lavale Anton Hansen Tammsaare, Oskar Lutsu, August Gailiti, August M\u00e4lgu jt proosa, \u201eT\u00f5de ja \u00f5igus\u201c esmakordselt 1932. a. Tehti suuri vaba\u00f5hulavastusi. T\u00e4htsad olid klassika- ja lastelavastused, 1936. pandi alus Eesti kutselisele nukuteatrile. <br><br>Teatris lavastasid ja m\u00e4ngisid Paul Sepp, Rudolf Engelberg, Leo Kalmet, Hilda Gleser, Kaarli Aluoja, Johannes Kaljola, Ly Lasner, Felix Moor, Aili Engelberg, Arno Suurorg, Ado H\u00f5imre, Aino Tamm, Ruts Bauman, Aleksander Teetsov, Ruut Tarmo, Mari M\u00f6ldre, Andres S\u00e4rev, August Sunne, Voldemar Alev, Lisl Lindau, Eduard T\u00fcrk, Salme Reek jt. Viljakad teatrikunstnikud olid Henrik Olvi, Olga Oboljaninova- Kr\u00fcmmer, Peet Aren, Aleksander Tuurand, P\u00e4\u00e4ren Raudvee, Aleksander M\u00f6ldroo.<br><br>Algup\u00e4randitele keskendumine, professionaalne p\u00fcsitrupp, k\u00f5rge kunstiline tase, j\u00e4rjepidevate suurte ringreisidega loodud \u00fcleriigiline haare ja Draamastuudio teatrikooli sulgemine \u00e4rgitasid teatri nime muutma: 1937. aastal v\u00f5eti nimeks Eesti Draamateater. 1939. aastal omandati Saksa Teatri hoone. Maja keldrikorrusel tegutses populaarne restoran Draamakelder.<br><br>Draamateatri algusega seostub teatrilooline kurioosum: 1960\u20131980ndatel aastatel arvati teatri algust aastast 1916. Tallinnas tegutses 1916\u20131924 teater, mis l\u00fchikest aega kandis nime Eesti Draamateater. Nn vana Draamateater l\u00f5petas aga tegevuse just siis, kui alustas uus, praegune Eesti Draamateater. Asutajad pidasid selle teatri s\u00fcnnidaatumiks nimelt Sepa stuudio algusaastat ja seda ajaarvamist j\u00e4rgib ka praegune teatripere.<\/p>\n\n\n\n<p>Lavastusi: Dickensi \u201eKilk koldel\u201d (Paul Sepp, 1922), Strindbergi \u201eTontide sonaat\u201d (Paul Sepp, 1923), Goldoni \u201eKahe isanda teener\u201d (Paul Sepp, 1924), Mohri \u201eImprovisatsioonid juunis\u201d (Rudolf Engelberg, 1924), Kaiseri \u201eGaas II\u201d (Priit P\u00f5ldroos, 1924), Lunat\u0161arski \u201eV\u00f5imuhullustus\u201d (Paul Sepp, 1926), Kitzbergi \u201eLibahunt\u201d (Rudolf Engelberg, 1926), Dominiki \u201eVarjude s\u00fcmfoonia\u201d (Hilda Gleser, 1927), Kitzbergi \u201eNeetud talu\u201d (Leo Kalmet, 1927), T\u0161umat\u0161enko \u201eLulli pillimees\u201d (Kaarli Aluoja, 1927), Sophoklese \u201eAntigone\u201d (vaba\u00f5huetendus, Paul Sepp, 1928), Raudsepa \u201eMikum\u00e4rdi\u201d (Ruut Tarmo 1929), Nicholsi \u201eIiri roos\u201d (Paul Sepp, 1930), Tammsaare ja S\u00e4revi \u201eVargam\u00e4e\u201d (Kaarli Aluoja, 1932), Burnetti ja S\u00e4revi \u201eV\u00e4ike lord Fauntleroy\u201d (Leo Kalmet, 1933), Kivi ja Tuglase \u201eSeitse venda\u201d (Kaarli Aluoja, 1934), Raudsepa \u201eRoosad prillid\u201d (Ruut Tarmo, 1934), Tammsaare ja S\u00e4revi \u201eH\u00e4rra Mauruse I j\u00e4rgu koolis\u201d (Andres S\u00e4rev, 1935), Gailiti ja S\u00e4revi \u201eToomas Nipernaadi\u201d (Andres S\u00e4rev, 1936), Tammsaare \u201eKuningal on k\u00fclm\u201d (Ruut Tarmo, 1936), Moli\u00e8re\u2019i \u201eEbahaige\u201d (Paul Sepp, 1936), Dumas\u2019 \u201eDaam kameeliatega\u201c (August Sunne, 1937), \u010capeki \u201eValge taud\u201d (Ruut Tarmo, 1938), Linnakoski \u201eLaul tulipunasest lillest\u201c (Leo Kalmet, 1939), Tammsaare \u201eJuudit\u201d (Ruut Tarmo, 1939), Kirklandi \u201eTubakatee\u201c (Leo Kalmet, 1939).<\/p>\n\n\n\n<figure class=\"wp-block-gallery has-nested-images columns-default wp-block-gallery-1 is-layout-flex wp-block-gallery-is-layout-flex\">\n<figure class=\"wp-block-image size-large\"><img loading=\"lazy\" decoding=\"async\" width=\"800\" height=\"471\" data-id=\"9386\" src=\"https:\/\/www.draamateater.ee\/wp-content\/uploads\/2020\/10\/1.-Bertha-\u2013-Ella-Lill-Kaleb-Plummer-\u2013-Felix-Moor-Tackleton-\u2013-Ilmar-Nerep.-Dickensi-\u201eKilk-koldel-1922.jpg\" alt=\"\" class=\"wp-image-9386\" srcset=\"https:\/\/www.draamateater.ee\/wp-content\/uploads\/2020\/10\/1.-Bertha-\u2013-Ella-Lill-Kaleb-Plummer-\u2013-Felix-Moor-Tackleton-\u2013-Ilmar-Nerep.-Dickensi-\u201eKilk-koldel-1922.jpg 800w, https:\/\/www.draamateater.ee\/wp-content\/uploads\/2020\/10\/1.-Bertha-\u2013-Ella-Lill-Kaleb-Plummer-\u2013-Felix-Moor-Tackleton-\u2013-Ilmar-Nerep.-Dickensi-\u201eKilk-koldel-1922-640x377.jpg 640w, https:\/\/www.draamateater.ee\/wp-content\/uploads\/2020\/10\/1.-Bertha-\u2013-Ella-Lill-Kaleb-Plummer-\u2013-Felix-Moor-Tackleton-\u2013-Ilmar-Nerep.-Dickensi-\u201eKilk-koldel-1922-768x452.jpg 768w\" sizes=\"auto, (max-width: 800px) 100vw, 800px\" \/><figcaption class=\"wp-element-caption\">Ella Lill, Felix Moor, Ilmar Nerep. Dickensi \u201eKilk koldel\u201d (1922)<\/figcaption><\/figure>\n\n\n\n<figure class=\"wp-block-image size-large\"><img loading=\"lazy\" decoding=\"async\" width=\"800\" height=\"512\" data-id=\"9388\" src=\"https:\/\/www.draamateater.ee\/wp-content\/uploads\/2020\/10\/2.-I-Kollakuju-\u2013-Rudolf-Engelberg.-Kaiseri-\u201eGaas-II-1925.jpg\" alt=\"\" class=\"wp-image-9388\" srcset=\"https:\/\/www.draamateater.ee\/wp-content\/uploads\/2020\/10\/2.-I-Kollakuju-\u2013-Rudolf-Engelberg.-Kaiseri-\u201eGaas-II-1925.jpg 800w, https:\/\/www.draamateater.ee\/wp-content\/uploads\/2020\/10\/2.-I-Kollakuju-\u2013-Rudolf-Engelberg.-Kaiseri-\u201eGaas-II-1925-640x410.jpg 640w, https:\/\/www.draamateater.ee\/wp-content\/uploads\/2020\/10\/2.-I-Kollakuju-\u2013-Rudolf-Engelberg.-Kaiseri-\u201eGaas-II-1925-768x492.jpg 768w\" sizes=\"auto, (max-width: 800px) 100vw, 800px\" \/><figcaption class=\"wp-element-caption\">Rudolf Engelberg. Kaiseri \u201eGaas II\u201d (1925)<\/figcaption><\/figure>\n\n\n\n<figure class=\"wp-block-image size-medium\"><img loading=\"lazy\" decoding=\"async\" width=\"1256\" height=\"605\" data-id=\"9390\" src=\"https:\/\/www.draamateater.ee\/wp-content\/uploads\/2020\/10\/3.-Hugo-Raudsepa-\u201eMikumardi-1929-1256x605.jpg\" alt=\"\" class=\"wp-image-9390\" srcset=\"https:\/\/www.draamateater.ee\/wp-content\/uploads\/2020\/10\/3.-Hugo-Raudsepa-\u201eMikumardi-1929-1256x605.jpg 1256w, https:\/\/www.draamateater.ee\/wp-content\/uploads\/2020\/10\/3.-Hugo-Raudsepa-\u201eMikumardi-1929-640x308.jpg 640w, https:\/\/www.draamateater.ee\/wp-content\/uploads\/2020\/10\/3.-Hugo-Raudsepa-\u201eMikumardi-1929-768x370.jpg 768w, https:\/\/www.draamateater.ee\/wp-content\/uploads\/2020\/10\/3.-Hugo-Raudsepa-\u201eMikumardi-1929-1536x740.jpg 1536w, https:\/\/www.draamateater.ee\/wp-content\/uploads\/2020\/10\/3.-Hugo-Raudsepa-\u201eMikumardi-1929-2048x987.jpg 2048w\" sizes=\"auto, (max-width: 1256px) 100vw, 1256px\" \/><figcaption class=\"wp-element-caption\">Hugo Raudsepa \u201eMikum\u00e4rdi\u201c (1929)<\/figcaption><\/figure>\n\n\n\n<figure class=\"wp-block-image size-large\"><img loading=\"lazy\" decoding=\"async\" width=\"542\" height=\"800\" data-id=\"9392\" src=\"https:\/\/www.draamateater.ee\/wp-content\/uploads\/2020\/10\/4.-Joosep-\u2013-Kaarli-Aluoja-Liisi-\u2013-Lisl-Lindau.-Tammsaare-ja-Sarevi-\u201eVargamae-1932.jpg\" alt=\"\" class=\"wp-image-9392\" srcset=\"https:\/\/www.draamateater.ee\/wp-content\/uploads\/2020\/10\/4.-Joosep-\u2013-Kaarli-Aluoja-Liisi-\u2013-Lisl-Lindau.-Tammsaare-ja-Sarevi-\u201eVargamae-1932.jpg 542w, https:\/\/www.draamateater.ee\/wp-content\/uploads\/2020\/10\/4.-Joosep-\u2013-Kaarli-Aluoja-Liisi-\u2013-Lisl-Lindau.-Tammsaare-ja-Sarevi-\u201eVargamae-1932-434x640.jpg 434w\" sizes=\"auto, (max-width: 542px) 100vw, 542px\" \/><figcaption class=\"wp-element-caption\">Joosep \u2013 Kaarli Aluoja, Liisi \u2013 Lisl Lindau. Tammsaare ja S\u00e4revi \u201eVargam\u00e4e\u201c (1932)<\/figcaption><\/figure>\n\n\n\n<figure class=\"wp-block-image size-large\"><img loading=\"lazy\" decoding=\"async\" width=\"488\" height=\"800\" data-id=\"9394\" src=\"https:\/\/www.draamateater.ee\/wp-content\/uploads\/2020\/10\/5.-Delila-\u2013-Maria-Turk.-Wedekindi-\u201eSimson-1932.jpg\" alt=\"\" class=\"wp-image-9394\" srcset=\"https:\/\/www.draamateater.ee\/wp-content\/uploads\/2020\/10\/5.-Delila-\u2013-Maria-Turk.-Wedekindi-\u201eSimson-1932.jpg 488w, https:\/\/www.draamateater.ee\/wp-content\/uploads\/2020\/10\/5.-Delila-\u2013-Maria-Turk.-Wedekindi-\u201eSimson-1932-390x640.jpg 390w\" sizes=\"auto, (max-width: 488px) 100vw, 488px\" \/><figcaption class=\"wp-element-caption\">Delila \u2013 Maria T\u00fcrk. Wedekindi \u201eSimson\u201d (1932)<\/figcaption><\/figure>\n\n\n\n<figure class=\"wp-block-image size-large\"><img loading=\"lazy\" decoding=\"async\" width=\"509\" height=\"800\" data-id=\"9396\" src=\"https:\/\/www.draamateater.ee\/wp-content\/uploads\/2020\/10\/6.-Benjamin-Goldnagel-\u2013-Paaren-Raudvee-Anni-\u2013-Aili-Engelberg.-Visnapuu-\u201eMadaam-Sohk-ja-Pojad-1933.jpg\" alt=\"\" class=\"wp-image-9396\" srcset=\"https:\/\/www.draamateater.ee\/wp-content\/uploads\/2020\/10\/6.-Benjamin-Goldnagel-\u2013-Paaren-Raudvee-Anni-\u2013-Aili-Engelberg.-Visnapuu-\u201eMadaam-Sohk-ja-Pojad-1933.jpg 509w, https:\/\/www.draamateater.ee\/wp-content\/uploads\/2020\/10\/6.-Benjamin-Goldnagel-\u2013-Paaren-Raudvee-Anni-\u2013-Aili-Engelberg.-Visnapuu-\u201eMadaam-Sohk-ja-Pojad-1933-407x640.jpg 407w\" sizes=\"auto, (max-width: 509px) 100vw, 509px\" \/><figcaption class=\"wp-element-caption\">P\u00e4\u00e4ren Raudvee, Aili Engelberg. Visnapuu \u201eMadaam Sohk ja Pojad\u201c (1933)<\/figcaption><\/figure>\n\n\n\n<figure class=\"wp-block-image size-large\"><img loading=\"lazy\" decoding=\"async\" width=\"580\" height=\"800\" data-id=\"9398\" src=\"https:\/\/www.draamateater.ee\/wp-content\/uploads\/2020\/10\/7.-Indrek-\u2013-Enn-Toona-Maurus-\u2013-Eduard-Turk.-Tammsaare-\u201eHarra-Mauruse-I-jargu-koolis-1935.jpg\" alt=\"\" class=\"wp-image-9398\" srcset=\"https:\/\/www.draamateater.ee\/wp-content\/uploads\/2020\/10\/7.-Indrek-\u2013-Enn-Toona-Maurus-\u2013-Eduard-Turk.-Tammsaare-\u201eHarra-Mauruse-I-jargu-koolis-1935.jpg 580w, https:\/\/www.draamateater.ee\/wp-content\/uploads\/2020\/10\/7.-Indrek-\u2013-Enn-Toona-Maurus-\u2013-Eduard-Turk.-Tammsaare-\u201eHarra-Mauruse-I-jargu-koolis-1935-464x640.jpg 464w\" sizes=\"auto, (max-width: 580px) 100vw, 580px\" \/><figcaption class=\"wp-element-caption\">Indrek \u2013 Enn Toona, Maurus \u2013 Eduard T\u00fcrk. Tammsaare \u201eH\u00e4rra Mauruse I j\u00e4rgu koolis\u201c (1935)<\/figcaption><\/figure>\n\n\n\n<figure class=\"wp-block-image size-large\"><img loading=\"lazy\" decoding=\"async\" width=\"485\" height=\"800\" data-id=\"9400\" src=\"https:\/\/www.draamateater.ee\/wp-content\/uploads\/2020\/10\/8.-Kadri-Parvi-\u2013-Mari-Moldre.-Gailiti-\u201eToomas-Nipernaadi.-Draamateater-1936.jpg\" alt=\"\" class=\"wp-image-9400\" srcset=\"https:\/\/www.draamateater.ee\/wp-content\/uploads\/2020\/10\/8.-Kadri-Parvi-\u2013-Mari-Moldre.-Gailiti-\u201eToomas-Nipernaadi.-Draamateater-1936.jpg 485w, https:\/\/www.draamateater.ee\/wp-content\/uploads\/2020\/10\/8.-Kadri-Parvi-\u2013-Mari-Moldre.-Gailiti-\u201eToomas-Nipernaadi.-Draamateater-1936-388x640.jpg 388w\" sizes=\"auto, (max-width: 485px) 100vw, 485px\" \/><figcaption class=\"wp-element-caption\">Kadri Parvi \u2013 Mari M\u00f6ldre. Gailiti \u201eToomas Nipernaadi\u201c (1936)<\/figcaption><\/figure>\n\n\n\n<figure class=\"wp-block-image size-large\"><img loading=\"lazy\" decoding=\"async\" width=\"800\" height=\"557\" data-id=\"9402\" src=\"https:\/\/www.draamateater.ee\/wp-content\/uploads\/2020\/10\/9.-Aladin-\u2013-Voldemar-Alev.-Muinasjutu-jargi-H.-Anto-\u201eAladini-imelamp-1936.jpg\" alt=\"\" class=\"wp-image-9402\" srcset=\"https:\/\/www.draamateater.ee\/wp-content\/uploads\/2020\/10\/9.-Aladin-\u2013-Voldemar-Alev.-Muinasjutu-jargi-H.-Anto-\u201eAladini-imelamp-1936.jpg 800w, https:\/\/www.draamateater.ee\/wp-content\/uploads\/2020\/10\/9.-Aladin-\u2013-Voldemar-Alev.-Muinasjutu-jargi-H.-Anto-\u201eAladini-imelamp-1936-640x446.jpg 640w, https:\/\/www.draamateater.ee\/wp-content\/uploads\/2020\/10\/9.-Aladin-\u2013-Voldemar-Alev.-Muinasjutu-jargi-H.-Anto-\u201eAladini-imelamp-1936-768x535.jpg 768w\" sizes=\"auto, (max-width: 800px) 100vw, 800px\" \/><figcaption class=\"wp-element-caption\">Aladin \u2013 Voldemar Alev. Muinasjutu j\u00e4rgi H. Anto \u201eAladini imelamp\u201d (1936)<\/figcaption><\/figure>\n\n\n\n<figure class=\"wp-block-image size-large\"><img loading=\"lazy\" decoding=\"async\" width=\"800\" height=\"501\" data-id=\"9404\" src=\"https:\/\/www.draamateater.ee\/wp-content\/uploads\/2020\/10\/10.-Goran-Petersson-\u2013-August-Sunne-Eerik-XIV-\u2013-Ruut-Tarmo.-Strindbergi-\u201eTalupoegade-kuningas-1938.jpg\" alt=\"\" class=\"wp-image-9404\" srcset=\"https:\/\/www.draamateater.ee\/wp-content\/uploads\/2020\/10\/10.-Goran-Petersson-\u2013-August-Sunne-Eerik-XIV-\u2013-Ruut-Tarmo.-Strindbergi-\u201eTalupoegade-kuningas-1938.jpg 800w, https:\/\/www.draamateater.ee\/wp-content\/uploads\/2020\/10\/10.-Goran-Petersson-\u2013-August-Sunne-Eerik-XIV-\u2013-Ruut-Tarmo.-Strindbergi-\u201eTalupoegade-kuningas-1938-640x401.jpg 640w, https:\/\/www.draamateater.ee\/wp-content\/uploads\/2020\/10\/10.-Goran-Petersson-\u2013-August-Sunne-Eerik-XIV-\u2013-Ruut-Tarmo.-Strindbergi-\u201eTalupoegade-kuningas-1938-768x481.jpg 768w\" sizes=\"auto, (max-width: 800px) 100vw, 800px\" \/><figcaption class=\"wp-element-caption\">G\u00f6ran Petersson \u2013 August Sunne, Eerik XIV \u2013 Ruut Tarmo. Strindbergi \u201eTalupoegade kuningas\u201d (1938)<\/figcaption><\/figure>\n\n\n\n<figure class=\"wp-block-image size-large\"><img loading=\"lazy\" decoding=\"async\" width=\"800\" height=\"619\" data-id=\"9406\" src=\"https:\/\/www.draamateater.ee\/wp-content\/uploads\/2020\/10\/11.-Hobbs-\u2013-Johannes-Kaljola-Cedrik-\u2013-Salme-Reek.-Burnetti-ja-Sarevi-\u201eVaike-lord-Fauntleroy-1938.jpg\" alt=\"\" class=\"wp-image-9406\" srcset=\"https:\/\/www.draamateater.ee\/wp-content\/uploads\/2020\/10\/11.-Hobbs-\u2013-Johannes-Kaljola-Cedrik-\u2013-Salme-Reek.-Burnetti-ja-Sarevi-\u201eVaike-lord-Fauntleroy-1938.jpg 800w, https:\/\/www.draamateater.ee\/wp-content\/uploads\/2020\/10\/11.-Hobbs-\u2013-Johannes-Kaljola-Cedrik-\u2013-Salme-Reek.-Burnetti-ja-Sarevi-\u201eVaike-lord-Fauntleroy-1938-640x495.jpg 640w, https:\/\/www.draamateater.ee\/wp-content\/uploads\/2020\/10\/11.-Hobbs-\u2013-Johannes-Kaljola-Cedrik-\u2013-Salme-Reek.-Burnetti-ja-Sarevi-\u201eVaike-lord-Fauntleroy-1938-768x594.jpg 768w\" sizes=\"auto, (max-width: 800px) 100vw, 800px\" \/><figcaption class=\"wp-element-caption\">Hobbs \u2013 Johannes Kaljola, Cedrik \u2013 Salme Reek. Burnetti ja S\u00e4revi \u201eV\u00e4ike lord Fauntleroy\u201d (1938)<\/figcaption><\/figure>\n\n\n\n<figure class=\"wp-block-image size-large\"><img loading=\"lazy\" decoding=\"async\" width=\"567\" height=\"800\" data-id=\"9408\" src=\"https:\/\/www.draamateater.ee\/wp-content\/uploads\/2020\/10\/12.-Marssal-\u2013-Franz-Malmsten.-Capeki-\u201eValge-taud-1938.jpg\" alt=\"\" class=\"wp-image-9408\" srcset=\"https:\/\/www.draamateater.ee\/wp-content\/uploads\/2020\/10\/12.-Marssal-\u2013-Franz-Malmsten.-Capeki-\u201eValge-taud-1938.jpg 567w, https:\/\/www.draamateater.ee\/wp-content\/uploads\/2020\/10\/12.-Marssal-\u2013-Franz-Malmsten.-Capeki-\u201eValge-taud-1938-454x640.jpg 454w\" sizes=\"auto, (max-width: 567px) 100vw, 567px\" \/><figcaption class=\"wp-element-caption\">Marssal \u2013 Franz Malmsten. \u010capeki \u201eValge taud\u201d (1938)<\/figcaption><\/figure>\n\n\n\n<figure class=\"wp-block-image size-large\"><img loading=\"lazy\" decoding=\"async\" width=\"527\" height=\"800\" data-id=\"9410\" src=\"https:\/\/www.draamateater.ee\/wp-content\/uploads\/2020\/10\/13.-Ada-\u2013-Aino-Talvi.-Caldwelli-ja-Kirklandi-\u201eTubakatee-1939.jpg\" alt=\"\" class=\"wp-image-9410\" srcset=\"https:\/\/www.draamateater.ee\/wp-content\/uploads\/2020\/10\/13.-Ada-\u2013-Aino-Talvi.-Caldwelli-ja-Kirklandi-\u201eTubakatee-1939.jpg 527w, https:\/\/www.draamateater.ee\/wp-content\/uploads\/2020\/10\/13.-Ada-\u2013-Aino-Talvi.-Caldwelli-ja-Kirklandi-\u201eTubakatee-1939-422x640.jpg 422w\" sizes=\"auto, (max-width: 527px) 100vw, 527px\" \/><figcaption class=\"wp-element-caption\">Ada \u2013 Aino Talvi. Caldwelli ja Kirklandi \u201eTubakatee\u201d (1939)<\/figcaption><\/figure>\n\n\n\n<figure class=\"wp-block-image size-large\"><img loading=\"lazy\" decoding=\"async\" width=\"800\" height=\"482\" data-id=\"9412\" src=\"https:\/\/www.draamateater.ee\/wp-content\/uploads\/2020\/10\/14.-Juudit-\u2013-Ly-Lasner-Olovernes-\u2013-Ruut-Tarmo.-Tammsaare-\u201eJuudit-1939.jpg\" alt=\"\" class=\"wp-image-9412\" srcset=\"https:\/\/www.draamateater.ee\/wp-content\/uploads\/2020\/10\/14.-Juudit-\u2013-Ly-Lasner-Olovernes-\u2013-Ruut-Tarmo.-Tammsaare-\u201eJuudit-1939.jpg 800w, https:\/\/www.draamateater.ee\/wp-content\/uploads\/2020\/10\/14.-Juudit-\u2013-Ly-Lasner-Olovernes-\u2013-Ruut-Tarmo.-Tammsaare-\u201eJuudit-1939-640x386.jpg 640w, https:\/\/www.draamateater.ee\/wp-content\/uploads\/2020\/10\/14.-Juudit-\u2013-Ly-Lasner-Olovernes-\u2013-Ruut-Tarmo.-Tammsaare-\u201eJuudit-1939-768x463.jpg 768w\" sizes=\"auto, (max-width: 800px) 100vw, 800px\" \/><figcaption class=\"wp-element-caption\">Juudit \u2013 Ly Lasner, Olovernes \u2013 Ruut Tarmo. Tammsaare \u201eJuudit\u201c (1939)<\/figcaption><\/figure>\n\n\n\n<figure class=\"wp-block-image size-large\"><img loading=\"lazy\" decoding=\"async\" width=\"545\" height=\"800\" data-id=\"9414\" src=\"https:\/\/www.draamateater.ee\/wp-content\/uploads\/2020\/10\/15.-Cesare-Borgia-\u2013-Oskar-Polla.-Nowaczynski-\u201eTseesar-ja-inimene-1940.jpg\" alt=\"\" class=\"wp-image-9414\" srcset=\"https:\/\/www.draamateater.ee\/wp-content\/uploads\/2020\/10\/15.-Cesare-Borgia-\u2013-Oskar-Polla.-Nowaczynski-\u201eTseesar-ja-inimene-1940.jpg 545w, https:\/\/www.draamateater.ee\/wp-content\/uploads\/2020\/10\/15.-Cesare-Borgia-\u2013-Oskar-Polla.-Nowaczynski-\u201eTseesar-ja-inimene-1940-436x640.jpg 436w\" sizes=\"auto, (max-width: 545px) 100vw, 545px\" \/><figcaption class=\"wp-element-caption\">Cesare Borgia \u2013 Oskar P\u00f5lla. Nowaczynski \u201eTseesar ja inimene\u201c (1940)<\/figcaption><\/figure>\n<figcaption class=\"blocks-gallery-caption wp-element-caption\">Lavastusi 1922\u20131940<\/figcaption><\/figure>\n","protected":false},"excerpt":{"rendered":"<p>Draamastuudiost Draamateatriks Draamateater kasvas v\u00e4lja Eesti esimesest teatrikoolist. 1920. a asutas Paul Sepp erastuudio, millest sai Draamastuudio teatrikool ja selle I lennu l\u00f5petajad l\u00f5idki 1924. aastal Draamastuudio Teatri. Eesti esimene teatriharidusega trupp seadis k\u00f5rged kunstilised sihid, kuid algusaeg oli keeruline. Teatri b\u00fcroo, proovisaal ja dekoratsioonit\u00f6\u00f6koda tegutsesid Otto Aloe korteris, etendusteks \u00fc\u00fcriti kaunist ja kaasaegset, kuid [&hellip;]<\/p>\n","protected":false},"author":5,"featured_media":0,"parent":2381,"menu_order":25,"comment_status":"closed","ping_status":"closed","template":"","meta":{"_acf_changed":false,"footnotes":""},"class_list":["post-9198","page","type-page","status-publish","hentry"],"acf":[],"yoast_head":"<!-- This site is optimized with the Yoast SEO plugin v27.4 - https:\/\/yoast.com\/product\/yoast-seo-wordpress\/ -->\n<title>1920\u20131940 - Draamateater<\/title>\n<meta name=\"description\" content=\"Draamastuudiost Draamateatrist. Draamateater kasvas v\u00e4lja Eesti esimesest teatrikoolist. \u00dclevaade 1920-1940. aastatest.\" \/>\n<meta name=\"robots\" content=\"index, follow, max-snippet:-1, max-image-preview:large, max-video-preview:-1\" \/>\n<link rel=\"canonical\" href=\"https:\/\/www.draamateater.ee\/en\/ajalugu\/1920-1940\/\" \/>\n<meta property=\"og:locale\" content=\"en_US\" \/>\n<meta property=\"og:type\" content=\"article\" \/>\n<meta property=\"og:title\" content=\"1920\u20131940 - Draamateater\" \/>\n<meta property=\"og:description\" content=\"Draamastuudiost Draamateatrist. Draamateater kasvas v\u00e4lja Eesti esimesest teatrikoolist. \u00dclevaade 1920-1940. aastatest.\" \/>\n<meta property=\"og:url\" content=\"https:\/\/www.draamateater.ee\/en\/ajalugu\/1920-1940\/\" \/>\n<meta property=\"og:site_name\" content=\"Draamateater\" \/>\n<meta property=\"article:publisher\" content=\"https:\/\/www.facebook.com\/draamateater\/\" \/>\n<meta property=\"article:modified_time\" content=\"2024-03-21T11:57:23+00:00\" \/>\n<meta name=\"twitter:card\" content=\"summary_large_image\" \/>\n<meta name=\"twitter:label1\" content=\"Est. reading time\" \/>\n\t<meta name=\"twitter:data1\" content=\"7 minutes\" \/>\n<script type=\"application\/ld+json\" class=\"yoast-schema-graph\">{\"@context\":\"https:\\\/\\\/schema.org\",\"@graph\":[{\"@type\":\"WebPage\",\"@id\":\"https:\\\/\\\/www.draamateater.ee\\\/en\\\/ajalugu\\\/1920-1940\\\/\",\"url\":\"https:\\\/\\\/www.draamateater.ee\\\/en\\\/ajalugu\\\/1920-1940\\\/\",\"name\":\"1920\u20131940 - Draamateater\",\"isPartOf\":{\"@id\":\"https:\\\/\\\/www.draamateater.ee\\\/en\\\/#website\"},\"datePublished\":\"2020-09-13T07:44:17+00:00\",\"dateModified\":\"2024-03-21T11:57:23+00:00\",\"description\":\"Draamastuudiost Draamateatrist. Draamateater kasvas v\u00e4lja Eesti esimesest teatrikoolist. \u00dclevaade 1920-1940. aastatest.\",\"breadcrumb\":{\"@id\":\"https:\\\/\\\/www.draamateater.ee\\\/en\\\/ajalugu\\\/1920-1940\\\/#breadcrumb\"},\"inLanguage\":\"en-US\",\"potentialAction\":[{\"@type\":\"ReadAction\",\"target\":[\"https:\\\/\\\/www.draamateater.ee\\\/en\\\/ajalugu\\\/1920-1940\\\/\"]}]},{\"@type\":\"BreadcrumbList\",\"@id\":\"https:\\\/\\\/www.draamateater.ee\\\/en\\\/ajalugu\\\/1920-1940\\\/#breadcrumb\",\"itemListElement\":[{\"@type\":\"ListItem\",\"position\":1,\"name\":\"Home\",\"item\":\"https:\\\/\\\/www.draamateater.ee\\\/en\\\/avaleht\\\/?lang=en\"},{\"@type\":\"ListItem\",\"position\":2,\"name\":\"Ajalugu\",\"item\":\"https:\\\/\\\/www.draamateater.ee\\\/en\\\/ajalugu\\\/\"},{\"@type\":\"ListItem\",\"position\":3,\"name\":\"1920\u20131940\"}]},{\"@type\":\"WebSite\",\"@id\":\"https:\\\/\\\/www.draamateater.ee\\\/en\\\/#website\",\"url\":\"https:\\\/\\\/www.draamateater.ee\\\/en\\\/\",\"name\":\"Draamateater\",\"description\":\"\",\"potentialAction\":[{\"@type\":\"SearchAction\",\"target\":{\"@type\":\"EntryPoint\",\"urlTemplate\":\"https:\\\/\\\/www.draamateater.ee\\\/en\\\/?s={search_term_string}\"},\"query-input\":{\"@type\":\"PropertyValueSpecification\",\"valueRequired\":true,\"valueName\":\"search_term_string\"}}],\"inLanguage\":\"en-US\"}]}<\/script>\n<!-- \/ Yoast SEO plugin. -->","yoast_head_json":{"title":"1920\u20131940 - Draamateater","description":"Draamastuudiost Draamateatrist. Draamateater kasvas v\u00e4lja Eesti esimesest teatrikoolist. \u00dclevaade 1920-1940. aastatest.","robots":{"index":"index","follow":"follow","max-snippet":"max-snippet:-1","max-image-preview":"max-image-preview:large","max-video-preview":"max-video-preview:-1"},"canonical":"https:\/\/www.draamateater.ee\/en\/ajalugu\/1920-1940\/","og_locale":"en_US","og_type":"article","og_title":"1920\u20131940 - Draamateater","og_description":"Draamastuudiost Draamateatrist. Draamateater kasvas v\u00e4lja Eesti esimesest teatrikoolist. \u00dclevaade 1920-1940. aastatest.","og_url":"https:\/\/www.draamateater.ee\/en\/ajalugu\/1920-1940\/","og_site_name":"Draamateater","article_publisher":"https:\/\/www.facebook.com\/draamateater\/","article_modified_time":"2024-03-21T11:57:23+00:00","twitter_card":"summary_large_image","twitter_misc":{"Est. reading time":"7 minutes"},"schema":{"@context":"https:\/\/schema.org","@graph":[{"@type":"WebPage","@id":"https:\/\/www.draamateater.ee\/en\/ajalugu\/1920-1940\/","url":"https:\/\/www.draamateater.ee\/en\/ajalugu\/1920-1940\/","name":"1920\u20131940 - Draamateater","isPartOf":{"@id":"https:\/\/www.draamateater.ee\/en\/#website"},"datePublished":"2020-09-13T07:44:17+00:00","dateModified":"2024-03-21T11:57:23+00:00","description":"Draamastuudiost Draamateatrist. Draamateater kasvas v\u00e4lja Eesti esimesest teatrikoolist. \u00dclevaade 1920-1940. aastatest.","breadcrumb":{"@id":"https:\/\/www.draamateater.ee\/en\/ajalugu\/1920-1940\/#breadcrumb"},"inLanguage":"en-US","potentialAction":[{"@type":"ReadAction","target":["https:\/\/www.draamateater.ee\/en\/ajalugu\/1920-1940\/"]}]},{"@type":"BreadcrumbList","@id":"https:\/\/www.draamateater.ee\/en\/ajalugu\/1920-1940\/#breadcrumb","itemListElement":[{"@type":"ListItem","position":1,"name":"Home","item":"https:\/\/www.draamateater.ee\/en\/avaleht\/?lang=en"},{"@type":"ListItem","position":2,"name":"Ajalugu","item":"https:\/\/www.draamateater.ee\/en\/ajalugu\/"},{"@type":"ListItem","position":3,"name":"1920\u20131940"}]},{"@type":"WebSite","@id":"https:\/\/www.draamateater.ee\/en\/#website","url":"https:\/\/www.draamateater.ee\/en\/","name":"Draamateater","description":"","potentialAction":[{"@type":"SearchAction","target":{"@type":"EntryPoint","urlTemplate":"https:\/\/www.draamateater.ee\/en\/?s={search_term_string}"},"query-input":{"@type":"PropertyValueSpecification","valueRequired":true,"valueName":"search_term_string"}}],"inLanguage":"en-US"}]}},"_links":{"self":[{"href":"https:\/\/www.draamateater.ee\/en\/wp-json\/wp\/v2\/pages\/9198","targetHints":{"allow":["GET"]}}],"collection":[{"href":"https:\/\/www.draamateater.ee\/en\/wp-json\/wp\/v2\/pages"}],"about":[{"href":"https:\/\/www.draamateater.ee\/en\/wp-json\/wp\/v2\/types\/page"}],"author":[{"embeddable":true,"href":"https:\/\/www.draamateater.ee\/en\/wp-json\/wp\/v2\/users\/5"}],"replies":[{"embeddable":true,"href":"https:\/\/www.draamateater.ee\/en\/wp-json\/wp\/v2\/comments?post=9198"}],"version-history":[{"count":5,"href":"https:\/\/www.draamateater.ee\/en\/wp-json\/wp\/v2\/pages\/9198\/revisions"}],"predecessor-version":[{"id":30283,"href":"https:\/\/www.draamateater.ee\/en\/wp-json\/wp\/v2\/pages\/9198\/revisions\/30283"}],"up":[{"embeddable":true,"href":"https:\/\/www.draamateater.ee\/en\/wp-json\/wp\/v2\/pages\/2381"}],"wp:attachment":[{"href":"https:\/\/www.draamateater.ee\/en\/wp-json\/wp\/v2\/media?parent=9198"}],"curies":[{"name":"wp","href":"https:\/\/api.w.org\/{rel}","templated":true}]}}