{"id":9206,"date":"2020-08-13T10:49:16","date_gmt":"2020-08-13T07:49:16","guid":{"rendered":"https:\/\/www.draamateater.ee\/?page_id=9206"},"modified":"2024-03-21T15:35:46","modified_gmt":"2024-03-21T12:35:46","slug":"1940-1952","status":"publish","type":"page","link":"https:\/\/www.draamateater.ee\/en\/ajalugu\/1940-1952\/","title":{"rendered":"1940\u20131952"},"content":{"rendered":"\n<h2 class=\"wp-block-heading\">S\u00f5da ja segadus<\/h2>\n\n\n\n<p>1940. a teatrid natsionaliseeriti, ideoloogiline surve muutis repertuaari, kuid trupp ja \u00fcldine t\u00f6\u00f6korraldus p\u00fcsis \u00fcldjoontes endisena. Saksa okupatsiooni algul kerkis oht, et teatrimaja antakse Saksa rindeteatrile, kuid Leo Kalmeti otsusel hakati eesti n\u00e4itlejatega tegema saksakeelseid kom\u00f6\u00f6dialavastusi (\u00fcheks p\u00f5hin\u00e4itlejaks Signe Pinna, lavastajaks Voldemar Mettus) ja maja j\u00e4i Draamateatrile alles. Kui 9. m\u00e4rtsil 1944 sai n\u00f5ukogude lennuki pommitabamusest r\u00e4ngalt kannatada Estonia (taastati 1940ndatel), p\u00e4\u00e4ses k\u00e4eulatuse kaugusel asuv Draamateater v\u00e4ikeste vigastustega. S\u00f5ja l\u00f5puks oli Eestis mitu teatrit purustatud ja Draamateatrist saanud vanim s\u00e4ilinud teatrihoone, paljud teatritegelased hukkunud v\u00f5i p\u00f5genenud \u2013 s\u00fcmboolselt t\u00e4histasid autentsena s\u00e4ilinud teatrimaja ja paljude endiste n\u00e4itlejatega j\u00e4tkav trupp publiku jaoks vaimset ja kultuurilist j\u00e4rjepidevust katkenud iseseisvusega.<\/p>\n\n\n\n<p>P\u00e4rast s\u00f5da vahetati ideoloogilistel ettek\u00e4\u00e4netel j\u00e4rjest teatrijuhte, liideti erinevaid teatreid. 1940ndatel ja 1950ndate algul t\u00e4ienes n\u00e4itetrupp kogenud n\u00e4itlejatega, nagu Linda Tubin, Katrin V\u00e4lbe jt, samuti k\u00f5rgharidusega noorte n\u00e4itlejatega, nagu 1941. a Konservatooriumi Lavakunstikoolist Ellen Liiger, Voldemar Panso jt, p\u00e4rast s\u00f5da Eesti Riiklikust Teatriinstituudist Eino Baskin, J\u00fcri J\u00e4rvet, Inna Taarna, Linda Rummo jt. 1949. a muudeti Estonia muusikateatriks ja sealne suur tugev draamatrupp toodi Draamateatrisse, liitusid Hugo Laur, Kaarel Karm, Ants Eskola, Aino Talvi jt. <\/p>\n\n\n\n<p>S\u00f5jaj\u00e4rgne vaesus ja ideoloogiline n\u00f5iajaht ahistas nii teatri tegijaid kui ka vaatajaid. Repertuaari oldi sunnitud v\u00f5tma vene ja eesti n\u00f5ukogude autorite r\u00e4meideoloogilisi teoseid, kuid tugevat sidet publikuga ning kunstilist taset hoidsid humanistliku s\u00f5numiga klassika- ja lastelavastused. Lasteteatrile p\u00fchendusid Ferdinand Veike, Lo Tui, Ants Kivir\u00e4hk, Aleksander M\u00e4gi, Olaf Paes\u00fcld, Salme Reek jt. Lavastasid Leo Kalmet, August Sunne, Priit P\u00f5ldroos, Andres S\u00e4rev, Ants Lauter jt, kunstnikena tegutsesid Peeter Linzbach, Uno Martin, Hugo Mitt, Leida Klaus jt.<br>Hoonele tehti m\u00f5ned v\u00e4iksemad, \u00fcldilmega h\u00e4sti sobituvad juurdeehitused. Mitme nimemuutuse j\u00e4rel sai teatrist Tallinna Riiklik Draamateater.<\/p>\n\n\n\n<h2 class=\"wp-block-heading\">Lavastusi 1940\u20131952<\/h2>\n\n\n\n<p>A. Bulgakovi \u201eUus maja\u201d (August Sunne, 1940), Kitzbergi \u201eLibahunt\u201d (Leo Kalmet, 1941), Gorki \u201eP\u00f5hjas\u201d (Leo Kalmet, 1941), Lagerl\u00f6fi \u201eG\u00f6sta Berling\u201d (Leo Kalmet, 1942), Visnapuu \u201eRaha lauale\u201d (Alfred Mering, 1943), Ibseni \u201eNora\u201d (Leo Kalmet, 1943), Raudsepa \u201eVaheliku vapustused\u201d (Leo Kalmet, 1943), Kitzbergi \u201eKauka jumal\u201d (Alfred Mering, 1944), Shaw\u2019 \u201ePygmalion\u201d (Alfred Mering, 1944), Leonovi \u201eVallutusretk\u201d (Leo Kalmet,1945), Sheridani \u201eSeltsidaam\u201d (Priit P\u00f5ldroos, 1946), S\u00fctiste \u201eRistikoerad\u201d (Leo Kalmet, 1947), Pogodini \u201eKremli kellad\u201d (Priit P\u00f5ldroos, 1947), Jakobsoni \u201eV\u00f5itlus rindejooneta\u201d (Leo Kalmet, 1947), Simonovi \u201eP\u00e4evad ja \u00f6\u00f6d\u201d (Priit P\u00f5ldroos, 1948), Katajevi \u201ePolgu poeg\u201d (Oskar P\u00f5lla, 1948), Vilde \u201ePisuh\u00e4nd\u201d (Priit P\u00f5ldroos, 1948), Gogoli \u201eRevident\u201d (Ants Lauter, 1949), Suhhovo-Kob\u00f5lini \u201eKret\u0161inski pulm\u201d (Leo Kalmet, 1949), Pogodini \u201eInimene relvaga\u201d (Priit P\u00f5ldroos, 1949), Shakespeare\u2019i \u201eHamlet\u201d (Andres S\u00e4rev, 1949), Katajevi \u201eValendab \u00fcksik puri\u201d (Oskar P\u00f5lla, 1949).<\/p>\n\n\n\n<figure class=\"wp-block-gallery has-nested-images columns-3 wp-block-gallery-1 is-layout-flex wp-block-gallery-is-layout-flex\">\n<figure data-wp-context=\"{&quot;imageId&quot;:&quot;69ec8d74c2bff&quot;}\" data-wp-interactive=\"core\/image\" data-wp-key=\"69ec8d74c2bff\" class=\"wp-block-image size-full wp-lightbox-container\"><img loading=\"lazy\" decoding=\"async\" width=\"482\" height=\"800\" data-wp-class--hide=\"state.isContentHidden\" data-wp-class--show=\"state.isContentVisible\" data-wp-init=\"callbacks.setButtonStyles\" data-wp-on--click=\"actions.showLightbox\" data-wp-on--load=\"callbacks.setButtonStyles\" data-wp-on-window--resize=\"callbacks.setButtonStyles\" data-id=\"9419\" src=\"https:\/\/www.draamateater.ee\/wp-content\/uploads\/2020\/10\/1.-Vanaema-\u2013-Anna-Tamm-Margus-\u2013-Voldemar-Alev.-Kitzbergi-\u201eLibahunt-1941.jpg\" alt=\"\" class=\"wp-image-9419\" srcset=\"https:\/\/www.draamateater.ee\/wp-content\/uploads\/2020\/10\/1.-Vanaema-\u2013-Anna-Tamm-Margus-\u2013-Voldemar-Alev.-Kitzbergi-\u201eLibahunt-1941.jpg 482w, https:\/\/www.draamateater.ee\/wp-content\/uploads\/2020\/10\/1.-Vanaema-\u2013-Anna-Tamm-Margus-\u2013-Voldemar-Alev.-Kitzbergi-\u201eLibahunt-1941-386x640.jpg 386w\" sizes=\"auto, (max-width: 482px) 100vw, 482px\" \/><button\n\t\t\tclass=\"lightbox-trigger\"\n\t\t\ttype=\"button\"\n\t\t\taria-haspopup=\"dialog\"\n\t\t\taria-label=\"Enlarge\"\n\t\t\tdata-wp-init=\"callbacks.initTriggerButton\"\n\t\t\tdata-wp-on--click=\"actions.showLightbox\"\n\t\t\tdata-wp-style--right=\"state.imageButtonRight\"\n\t\t\tdata-wp-style--top=\"state.imageButtonTop\"\n\t\t>\n\t\t\t<svg xmlns=\"http:\/\/www.w3.org\/2000\/svg\" width=\"12\" height=\"12\" fill=\"none\" viewBox=\"0 0 12 12\">\n\t\t\t\t<path fill=\"#fff\" d=\"M2 0a2 2 0 0 0-2 2v2h1.5V2a.5.5 0 0 1 .5-.5h2V0H2Zm2 10.5H2a.5.5 0 0 1-.5-.5V8H0v2a2 2 0 0 0 2 2h2v-1.5ZM8 12v-1.5h2a.5.5 0 0 0 .5-.5V8H12v2a2 2 0 0 1-2 2H8Zm2-12a2 2 0 0 1 2 2v2h-1.5V2a.5.5 0 0 0-.5-.5H8V0h2Z\" \/>\n\t\t\t<\/svg>\n\t\t<\/button><figcaption class=\"wp-element-caption\">Vanaema \u2013 Anna Tamm, Margus \u2013 Voldemar Alev. Kitzbergi \u201eLibahunt\u201c (1941)<\/figcaption><\/figure>\n\n\n\n<figure class=\"wp-block-image size-full\"><img loading=\"lazy\" decoding=\"async\" width=\"491\" height=\"800\" data-id=\"9421\" src=\"https:\/\/www.draamateater.ee\/wp-content\/uploads\/2020\/10\/2.-Mathilde-\u2013-Signe-Pinna-Sander-\u2013-Olev-Eskola.-Vilde-\u201eDer-Schrat-Pisuhand-saksa-keeles-1942.jpg\" alt=\"\" class=\"wp-image-9421\" srcset=\"https:\/\/www.draamateater.ee\/wp-content\/uploads\/2020\/10\/2.-Mathilde-\u2013-Signe-Pinna-Sander-\u2013-Olev-Eskola.-Vilde-\u201eDer-Schrat-Pisuhand-saksa-keeles-1942.jpg 491w, https:\/\/www.draamateater.ee\/wp-content\/uploads\/2020\/10\/2.-Mathilde-\u2013-Signe-Pinna-Sander-\u2013-Olev-Eskola.-Vilde-\u201eDer-Schrat-Pisuhand-saksa-keeles-1942-393x640.jpg 393w\" sizes=\"auto, (max-width: 491px) 100vw, 491px\" \/><figcaption class=\"wp-element-caption\">Mathilde \u2013 Signe Pinna, Sander \u2013 Olev Eskola. Vilde \u201eDer Schrat [Pisuh\u00e4nd]\u201d (saksa k., 1942)<\/figcaption><\/figure>\n\n\n\n<figure class=\"wp-block-image size-full\"><img loading=\"lazy\" decoding=\"async\" width=\"527\" height=\"800\" data-id=\"9425\" src=\"https:\/\/www.draamateater.ee\/wp-content\/uploads\/2020\/10\/4.-Nora-\u2013-Aino-Talvi-Helmer-\u2013-Juhan-Jurgo.-Ibseni-\u201eNora-1943.jpg\" alt=\"\" class=\"wp-image-9425\" srcset=\"https:\/\/www.draamateater.ee\/wp-content\/uploads\/2020\/10\/4.-Nora-\u2013-Aino-Talvi-Helmer-\u2013-Juhan-Jurgo.-Ibseni-\u201eNora-1943.jpg 527w, https:\/\/www.draamateater.ee\/wp-content\/uploads\/2020\/10\/4.-Nora-\u2013-Aino-Talvi-Helmer-\u2013-Juhan-Jurgo.-Ibseni-\u201eNora-1943-422x640.jpg 422w\" sizes=\"auto, (max-width: 527px) 100vw, 527px\" \/><figcaption class=\"wp-element-caption\">Nora \u2013 Aino Talvi, Helmer \u2013 Juhan J\u00fcrgo. Ibseni \u201eNora\u201c (1943)<\/figcaption><\/figure>\n\n\n\n<figure class=\"wp-block-image size-full\"><img loading=\"lazy\" decoding=\"async\" width=\"170\" height=\"250\" data-id=\"9423\" src=\"https:\/\/www.draamateater.ee\/wp-content\/uploads\/2020\/10\/3.-Kroot-\u2013-Erna-Korjus-Mari-\u2013-Lo-Tui.-Tammsaare-ja-Sarevi-\u201eVargamae.-Draamateater-1942.png\" alt=\"\" class=\"wp-image-9423\"\/><figcaption class=\"wp-element-caption\">Kr\u00f5\u00f5t \u2013 Erna Korjus, Mari \u2013 Lo Tui. Tammsaare ja S\u00e4revi \u201eVargam\u00e4e\u201d. (1942)<\/figcaption><\/figure>\n\n\n\n<figure class=\"wp-block-image size-full\"><img loading=\"lazy\" decoding=\"async\" width=\"702\" height=\"800\" data-id=\"9427\" src=\"https:\/\/www.draamateater.ee\/wp-content\/uploads\/2020\/10\/5.-Polja-\u2013-Ellen-Liiger-Tsvetajeva-\u2013-Lilli-Laoniidu.-Gorki-\u201eVaikekodanlased-1945.jpg\" alt=\"\" class=\"wp-image-9427\" srcset=\"https:\/\/www.draamateater.ee\/wp-content\/uploads\/2020\/10\/5.-Polja-\u2013-Ellen-Liiger-Tsvetajeva-\u2013-Lilli-Laoniidu.-Gorki-\u201eVaikekodanlased-1945.jpg 702w, https:\/\/www.draamateater.ee\/wp-content\/uploads\/2020\/10\/5.-Polja-\u2013-Ellen-Liiger-Tsvetajeva-\u2013-Lilli-Laoniidu.-Gorki-\u201eVaikekodanlased-1945-562x640.jpg 562w\" sizes=\"auto, (max-width: 702px) 100vw, 702px\" \/><figcaption class=\"wp-element-caption\">Polja \u2013 Ellen Liiger, Tsvetajeva \u2013 Lilli Laoniidu. Gorki \u201eV\u00e4ikekodanlased\u201c (1945)<\/figcaption><\/figure>\n\n\n\n<figure class=\"wp-block-image size-full\"><img loading=\"lazy\" decoding=\"async\" width=\"568\" height=\"800\" data-id=\"9429\" src=\"https:\/\/www.draamateater.ee\/wp-content\/uploads\/2020\/10\/6.-Gulam-Vesirov-\u2013-Voldemar-Panso-Fatma-Hanum-\u2013-Olli-Ungvere.-Kroni-\u201eSugavuurimine-1947.jpg\" alt=\"\" class=\"wp-image-9429\" srcset=\"https:\/\/www.draamateater.ee\/wp-content\/uploads\/2020\/10\/6.-Gulam-Vesirov-\u2013-Voldemar-Panso-Fatma-Hanum-\u2013-Olli-Ungvere.-Kroni-\u201eSugavuurimine-1947.jpg 568w, https:\/\/www.draamateater.ee\/wp-content\/uploads\/2020\/10\/6.-Gulam-Vesirov-\u2013-Voldemar-Panso-Fatma-Hanum-\u2013-Olli-Ungvere.-Kroni-\u201eSugavuurimine-1947-454x640.jpg 454w\" sizes=\"auto, (max-width: 568px) 100vw, 568px\" \/><figcaption class=\"wp-element-caption\">Gulam Vesirov \u2013 Voldemar Panso, Fatma Hanum \u2013 Olli Ungvere. Kroni \u201eS\u00fcgavuurimine\u201c (1947)<\/figcaption><\/figure>\n\n\n\n<figure class=\"wp-block-image size-full\"><img loading=\"lazy\" decoding=\"async\" width=\"800\" height=\"544\" data-id=\"9431\" src=\"https:\/\/www.draamateater.ee\/wp-content\/uploads\/2020\/10\/7.-Polkovnik-Skalozub-\u2013-Aado-Hoimre-Pavel-Moltsalin-\u2013-Arno-Suurorg.-Gribojedovi-\u201eHada-moistuse-parast-1948.jpg\" alt=\"\" class=\"wp-image-9431\" srcset=\"https:\/\/www.draamateater.ee\/wp-content\/uploads\/2020\/10\/7.-Polkovnik-Skalozub-\u2013-Aado-Hoimre-Pavel-Moltsalin-\u2013-Arno-Suurorg.-Gribojedovi-\u201eHada-moistuse-parast-1948.jpg 800w, https:\/\/www.draamateater.ee\/wp-content\/uploads\/2020\/10\/7.-Polkovnik-Skalozub-\u2013-Aado-Hoimre-Pavel-Moltsalin-\u2013-Arno-Suurorg.-Gribojedovi-\u201eHada-moistuse-parast-1948-640x435.jpg 640w, https:\/\/www.draamateater.ee\/wp-content\/uploads\/2020\/10\/7.-Polkovnik-Skalozub-\u2013-Aado-Hoimre-Pavel-Moltsalin-\u2013-Arno-Suurorg.-Gribojedovi-\u201eHada-moistuse-parast-1948-768x522.jpg 768w\" sizes=\"auto, (max-width: 800px) 100vw, 800px\" \/><figcaption class=\"wp-element-caption\">Polkovnik Skalozub \u2013 Aado H\u00f5imre, Pavel Molt\u0161alin \u2013 Arno Suurorg. Gribojedovi \u201eH\u00e4da m\u00f5istuse p\u00e4rast\u201c (1948)<\/figcaption><\/figure>\n\n\n\n<figure class=\"wp-block-image size-full\"><img loading=\"lazy\" decoding=\"async\" width=\"800\" height=\"597\" data-id=\"9433\" src=\"https:\/\/www.draamateater.ee\/wp-content\/uploads\/2020\/10\/8.-Dobtsinski-\u2013-Aleksander-Magi-Bobtsinski-\u2013-Johannes-Kaljola.-Gogoli-\u201eRevident-1949.jpg\" alt=\"\" class=\"wp-image-9433\" srcset=\"https:\/\/www.draamateater.ee\/wp-content\/uploads\/2020\/10\/8.-Dobtsinski-\u2013-Aleksander-Magi-Bobtsinski-\u2013-Johannes-Kaljola.-Gogoli-\u201eRevident-1949.jpg 800w, https:\/\/www.draamateater.ee\/wp-content\/uploads\/2020\/10\/8.-Dobtsinski-\u2013-Aleksander-Magi-Bobtsinski-\u2013-Johannes-Kaljola.-Gogoli-\u201eRevident-1949-640x478.jpg 640w, https:\/\/www.draamateater.ee\/wp-content\/uploads\/2020\/10\/8.-Dobtsinski-\u2013-Aleksander-Magi-Bobtsinski-\u2013-Johannes-Kaljola.-Gogoli-\u201eRevident-1949-768x573.jpg 768w\" sizes=\"auto, (max-width: 800px) 100vw, 800px\" \/><figcaption class=\"wp-element-caption\">Dobt\u0161inski \u2013 Aleksander M\u00e4gi, Bobt\u0161inski \u2013 Johannes Kaljola. Gogoli \u201eRevident\u201d (1949)<\/figcaption><\/figure>\n\n\n\n<figure class=\"wp-block-image size-full\"><img loading=\"lazy\" decoding=\"async\" width=\"800\" height=\"589\" data-id=\"9435\" src=\"https:\/\/www.draamateater.ee\/wp-content\/uploads\/2020\/10\/9.-Gavrik-\u2013-Salme-Reek-Petja-\u2013-Ellen-Liiger.-Katajevi-\u201eValendab-uksik-puri-1949.jpg\" alt=\"\" class=\"wp-image-9435\" srcset=\"https:\/\/www.draamateater.ee\/wp-content\/uploads\/2020\/10\/9.-Gavrik-\u2013-Salme-Reek-Petja-\u2013-Ellen-Liiger.-Katajevi-\u201eValendab-uksik-puri-1949.jpg 800w, https:\/\/www.draamateater.ee\/wp-content\/uploads\/2020\/10\/9.-Gavrik-\u2013-Salme-Reek-Petja-\u2013-Ellen-Liiger.-Katajevi-\u201eValendab-uksik-puri-1949-640x471.jpg 640w, https:\/\/www.draamateater.ee\/wp-content\/uploads\/2020\/10\/9.-Gavrik-\u2013-Salme-Reek-Petja-\u2013-Ellen-Liiger.-Katajevi-\u201eValendab-uksik-puri-1949-768x565.jpg 768w\" sizes=\"auto, (max-width: 800px) 100vw, 800px\" \/><figcaption class=\"wp-element-caption\">Gavrik \u2013 Salme Reek, Petja \u2013 Ellen Liiger. Katajevi \u201eValendab \u00fcksik puri\u201d (1949)<\/figcaption><\/figure>\n\n\n\n<figure class=\"wp-block-image size-full\"><img loading=\"lazy\" decoding=\"async\" width=\"800\" height=\"735\" data-id=\"9437\" src=\"https:\/\/www.draamateater.ee\/wp-content\/uploads\/2020\/10\/10.-Ferdinand-Veike-volupeegli-valvuri-Bukiga.-Turovski-\u201eVolupeegel-1949.jpg\" alt=\"\" class=\"wp-image-9437\" srcset=\"https:\/\/www.draamateater.ee\/wp-content\/uploads\/2020\/10\/10.-Ferdinand-Veike-volupeegli-valvuri-Bukiga.-Turovski-\u201eVolupeegel-1949.jpg 800w, https:\/\/www.draamateater.ee\/wp-content\/uploads\/2020\/10\/10.-Ferdinand-Veike-volupeegli-valvuri-Bukiga.-Turovski-\u201eVolupeegel-1949-640x588.jpg 640w, https:\/\/www.draamateater.ee\/wp-content\/uploads\/2020\/10\/10.-Ferdinand-Veike-volupeegli-valvuri-Bukiga.-Turovski-\u201eVolupeegel-1949-768x706.jpg 768w\" sizes=\"auto, (max-width: 800px) 100vw, 800px\" \/><figcaption class=\"wp-element-caption\">Ferdinand Veike v\u00f5lupeegli valvuri Bukiga. Turovski \u201eV\u00f5lupeegel\u201d (1949)<\/figcaption><\/figure>\n\n\n\n<figure class=\"wp-block-image size-full\"><img loading=\"lazy\" decoding=\"async\" width=\"800\" height=\"618\" data-id=\"9439\" src=\"https:\/\/www.draamateater.ee\/wp-content\/uploads\/2020\/10\/11.-Raspljujev-\u2013-Ruut-Tarmo-Kretsinski-\u2013-Ants-Eskola.-Suhhovo-Kobolini-\u201eKretsinski-pulm-1949.jpg\" alt=\"\" class=\"wp-image-9439\" srcset=\"https:\/\/www.draamateater.ee\/wp-content\/uploads\/2020\/10\/11.-Raspljujev-\u2013-Ruut-Tarmo-Kretsinski-\u2013-Ants-Eskola.-Suhhovo-Kobolini-\u201eKretsinski-pulm-1949.jpg 800w, https:\/\/www.draamateater.ee\/wp-content\/uploads\/2020\/10\/11.-Raspljujev-\u2013-Ruut-Tarmo-Kretsinski-\u2013-Ants-Eskola.-Suhhovo-Kobolini-\u201eKretsinski-pulm-1949-640x494.jpg 640w, https:\/\/www.draamateater.ee\/wp-content\/uploads\/2020\/10\/11.-Raspljujev-\u2013-Ruut-Tarmo-Kretsinski-\u2013-Ants-Eskola.-Suhhovo-Kobolini-\u201eKretsinski-pulm-1949-768x593.jpg 768w\" sizes=\"auto, (max-width: 800px) 100vw, 800px\" \/><figcaption class=\"wp-element-caption\">Raspljujev \u2013 Ruut Tarmo, Kret\u0161inski \u2013 Ants Eskola. Suhhovo-Kob\u00f5lini \u201eKret\u0161inski pulm\u201d (1949)<\/figcaption><\/figure>\n\n\n\n<figure class=\"wp-block-image size-full\"><img loading=\"lazy\" decoding=\"async\" width=\"800\" height=\"624\" data-id=\"9441\" src=\"https:\/\/www.draamateater.ee\/wp-content\/uploads\/2020\/10\/12.-535743-Kozo-Korpes-\u2013-Priit-Raudkivi-Bayan-Slu-\u2013-Inna-Taarna.-Musrepovi-\u201eLaul-armastusest-1951.jpg\" alt=\"\" class=\"wp-image-9441\" srcset=\"https:\/\/www.draamateater.ee\/wp-content\/uploads\/2020\/10\/12.-535743-Kozo-Korpes-\u2013-Priit-Raudkivi-Bayan-Slu-\u2013-Inna-Taarna.-Musrepovi-\u201eLaul-armastusest-1951.jpg 800w, https:\/\/www.draamateater.ee\/wp-content\/uploads\/2020\/10\/12.-535743-Kozo-Korpes-\u2013-Priit-Raudkivi-Bayan-Slu-\u2013-Inna-Taarna.-Musrepovi-\u201eLaul-armastusest-1951-640x499.jpg 640w, https:\/\/www.draamateater.ee\/wp-content\/uploads\/2020\/10\/12.-535743-Kozo-Korpes-\u2013-Priit-Raudkivi-Bayan-Slu-\u2013-Inna-Taarna.-Musrepovi-\u201eLaul-armastusest-1951-768x599.jpg 768w\" sizes=\"auto, (max-width: 800px) 100vw, 800px\" \/><figcaption class=\"wp-element-caption\">Koz\u00f5-Korpe\u0161 \u2013 Priit Raudkivi, Bayan Slu \u2013 Inna Taarna. M\u00fcsrepovi \u201eLaul armastusest\u201c (1951)<\/figcaption><\/figure>\n\n\n\n<figure class=\"wp-block-image size-full\"><img loading=\"lazy\" decoding=\"async\" width=\"800\" height=\"502\" data-id=\"9443\" src=\"https:\/\/www.draamateater.ee\/wp-content\/uploads\/2020\/10\/13.-535748-Prostakov-\u2013-Franz-Malmsten-Proua-Prostakova-\u2013-Linda-Tubin-Mitrofan-\u2013-Eino-Baskin.-Fonvizini-\u201eAbarik-1952.jpg\" alt=\"\" class=\"wp-image-9443\" srcset=\"https:\/\/www.draamateater.ee\/wp-content\/uploads\/2020\/10\/13.-535748-Prostakov-\u2013-Franz-Malmsten-Proua-Prostakova-\u2013-Linda-Tubin-Mitrofan-\u2013-Eino-Baskin.-Fonvizini-\u201eAbarik-1952.jpg 800w, https:\/\/www.draamateater.ee\/wp-content\/uploads\/2020\/10\/13.-535748-Prostakov-\u2013-Franz-Malmsten-Proua-Prostakova-\u2013-Linda-Tubin-Mitrofan-\u2013-Eino-Baskin.-Fonvizini-\u201eAbarik-1952-640x402.jpg 640w, https:\/\/www.draamateater.ee\/wp-content\/uploads\/2020\/10\/13.-535748-Prostakov-\u2013-Franz-Malmsten-Proua-Prostakova-\u2013-Linda-Tubin-Mitrofan-\u2013-Eino-Baskin.-Fonvizini-\u201eAbarik-1952-768x482.jpg 768w\" sizes=\"auto, (max-width: 800px) 100vw, 800px\" \/><figcaption class=\"wp-element-caption\">Prostakov \u2013 Franz Malmsten, Proua Prostakova \u2013 Linda Tubin, Mitrofan \u2013 Eino Baskin. Fonvizini \u201e\u00c4barik\u201c (1952)<\/figcaption><\/figure>\n<\/figure>\n","protected":false},"excerpt":{"rendered":"<p>S\u00f5da ja segadus 1940. a teatrid natsionaliseeriti, ideoloogiline surve muutis repertuaari, kuid trupp ja \u00fcldine t\u00f6\u00f6korraldus p\u00fcsis \u00fcldjoontes endisena. Saksa okupatsiooni algul kerkis oht, et teatrimaja antakse Saksa rindeteatrile, kuid Leo Kalmeti otsusel hakati eesti n\u00e4itlejatega tegema saksakeelseid kom\u00f6\u00f6dialavastusi (\u00fcheks p\u00f5hin\u00e4itlejaks Signe Pinna, lavastajaks Voldemar Mettus) ja maja j\u00e4i Draamateatrile alles. Kui 9. m\u00e4rtsil 1944 [&hellip;]<\/p>\n","protected":false},"author":5,"featured_media":0,"parent":2381,"menu_order":26,"comment_status":"closed","ping_status":"closed","template":"","meta":{"_acf_changed":false,"footnotes":""},"class_list":["post-9206","page","type-page","status-publish","hentry"],"acf":[],"yoast_head":"<!-- This site is optimized with the Yoast SEO plugin v27.4 - https:\/\/yoast.com\/product\/yoast-seo-wordpress\/ -->\n<title>1940\u20131952 - Draamateater<\/title>\n<meta name=\"description\" content=\"Draamateatri ajaloo \u00fclevaade 1940-1952. aastatel.\" \/>\n<meta name=\"robots\" content=\"index, follow, max-snippet:-1, max-image-preview:large, max-video-preview:-1\" \/>\n<link rel=\"canonical\" href=\"https:\/\/www.draamateater.ee\/en\/ajalugu\/1940-1952\/\" \/>\n<meta property=\"og:locale\" content=\"en_US\" \/>\n<meta property=\"og:type\" content=\"article\" \/>\n<meta property=\"og:title\" content=\"1940\u20131952 - Draamateater\" \/>\n<meta property=\"og:description\" content=\"Draamateatri ajaloo \u00fclevaade 1940-1952. aastatel.\" \/>\n<meta property=\"og:url\" content=\"https:\/\/www.draamateater.ee\/en\/ajalugu\/1940-1952\/\" \/>\n<meta property=\"og:site_name\" content=\"Draamateater\" \/>\n<meta property=\"article:publisher\" content=\"https:\/\/www.facebook.com\/draamateater\/\" \/>\n<meta property=\"article:modified_time\" content=\"2024-03-21T12:35:46+00:00\" \/>\n<meta name=\"twitter:card\" content=\"summary_large_image\" \/>\n<meta name=\"twitter:label1\" content=\"Est. reading time\" \/>\n\t<meta name=\"twitter:data1\" content=\"6 minutes\" \/>\n<script type=\"application\/ld+json\" class=\"yoast-schema-graph\">{\"@context\":\"https:\\\/\\\/schema.org\",\"@graph\":[{\"@type\":\"WebPage\",\"@id\":\"https:\\\/\\\/www.draamateater.ee\\\/en\\\/ajalugu\\\/1940-1952\\\/\",\"url\":\"https:\\\/\\\/www.draamateater.ee\\\/en\\\/ajalugu\\\/1940-1952\\\/\",\"name\":\"1940\u20131952 - Draamateater\",\"isPartOf\":{\"@id\":\"https:\\\/\\\/www.draamateater.ee\\\/en\\\/#website\"},\"datePublished\":\"2020-08-13T07:49:16+00:00\",\"dateModified\":\"2024-03-21T12:35:46+00:00\",\"description\":\"Draamateatri ajaloo \u00fclevaade 1940-1952. aastatel.\",\"breadcrumb\":{\"@id\":\"https:\\\/\\\/www.draamateater.ee\\\/en\\\/ajalugu\\\/1940-1952\\\/#breadcrumb\"},\"inLanguage\":\"en-US\",\"potentialAction\":[{\"@type\":\"ReadAction\",\"target\":[\"https:\\\/\\\/www.draamateater.ee\\\/en\\\/ajalugu\\\/1940-1952\\\/\"]}]},{\"@type\":\"BreadcrumbList\",\"@id\":\"https:\\\/\\\/www.draamateater.ee\\\/en\\\/ajalugu\\\/1940-1952\\\/#breadcrumb\",\"itemListElement\":[{\"@type\":\"ListItem\",\"position\":1,\"name\":\"Home\",\"item\":\"https:\\\/\\\/www.draamateater.ee\\\/en\\\/avaleht\\\/?lang=en\"},{\"@type\":\"ListItem\",\"position\":2,\"name\":\"Ajalugu\",\"item\":\"https:\\\/\\\/www.draamateater.ee\\\/en\\\/ajalugu\\\/\"},{\"@type\":\"ListItem\",\"position\":3,\"name\":\"1940\u20131952\"}]},{\"@type\":\"WebSite\",\"@id\":\"https:\\\/\\\/www.draamateater.ee\\\/en\\\/#website\",\"url\":\"https:\\\/\\\/www.draamateater.ee\\\/en\\\/\",\"name\":\"Draamateater\",\"description\":\"\",\"potentialAction\":[{\"@type\":\"SearchAction\",\"target\":{\"@type\":\"EntryPoint\",\"urlTemplate\":\"https:\\\/\\\/www.draamateater.ee\\\/en\\\/?s={search_term_string}\"},\"query-input\":{\"@type\":\"PropertyValueSpecification\",\"valueRequired\":true,\"valueName\":\"search_term_string\"}}],\"inLanguage\":\"en-US\"}]}<\/script>\n<!-- \/ Yoast SEO plugin. -->","yoast_head_json":{"title":"1940\u20131952 - Draamateater","description":"Draamateatri ajaloo \u00fclevaade 1940-1952. aastatel.","robots":{"index":"index","follow":"follow","max-snippet":"max-snippet:-1","max-image-preview":"max-image-preview:large","max-video-preview":"max-video-preview:-1"},"canonical":"https:\/\/www.draamateater.ee\/en\/ajalugu\/1940-1952\/","og_locale":"en_US","og_type":"article","og_title":"1940\u20131952 - Draamateater","og_description":"Draamateatri ajaloo \u00fclevaade 1940-1952. aastatel.","og_url":"https:\/\/www.draamateater.ee\/en\/ajalugu\/1940-1952\/","og_site_name":"Draamateater","article_publisher":"https:\/\/www.facebook.com\/draamateater\/","article_modified_time":"2024-03-21T12:35:46+00:00","twitter_card":"summary_large_image","twitter_misc":{"Est. reading time":"6 minutes"},"schema":{"@context":"https:\/\/schema.org","@graph":[{"@type":"WebPage","@id":"https:\/\/www.draamateater.ee\/en\/ajalugu\/1940-1952\/","url":"https:\/\/www.draamateater.ee\/en\/ajalugu\/1940-1952\/","name":"1940\u20131952 - Draamateater","isPartOf":{"@id":"https:\/\/www.draamateater.ee\/en\/#website"},"datePublished":"2020-08-13T07:49:16+00:00","dateModified":"2024-03-21T12:35:46+00:00","description":"Draamateatri ajaloo \u00fclevaade 1940-1952. aastatel.","breadcrumb":{"@id":"https:\/\/www.draamateater.ee\/en\/ajalugu\/1940-1952\/#breadcrumb"},"inLanguage":"en-US","potentialAction":[{"@type":"ReadAction","target":["https:\/\/www.draamateater.ee\/en\/ajalugu\/1940-1952\/"]}]},{"@type":"BreadcrumbList","@id":"https:\/\/www.draamateater.ee\/en\/ajalugu\/1940-1952\/#breadcrumb","itemListElement":[{"@type":"ListItem","position":1,"name":"Home","item":"https:\/\/www.draamateater.ee\/en\/avaleht\/?lang=en"},{"@type":"ListItem","position":2,"name":"Ajalugu","item":"https:\/\/www.draamateater.ee\/en\/ajalugu\/"},{"@type":"ListItem","position":3,"name":"1940\u20131952"}]},{"@type":"WebSite","@id":"https:\/\/www.draamateater.ee\/en\/#website","url":"https:\/\/www.draamateater.ee\/en\/","name":"Draamateater","description":"","potentialAction":[{"@type":"SearchAction","target":{"@type":"EntryPoint","urlTemplate":"https:\/\/www.draamateater.ee\/en\/?s={search_term_string}"},"query-input":{"@type":"PropertyValueSpecification","valueRequired":true,"valueName":"search_term_string"}}],"inLanguage":"en-US"}]}},"_links":{"self":[{"href":"https:\/\/www.draamateater.ee\/en\/wp-json\/wp\/v2\/pages\/9206","targetHints":{"allow":["GET"]}}],"collection":[{"href":"https:\/\/www.draamateater.ee\/en\/wp-json\/wp\/v2\/pages"}],"about":[{"href":"https:\/\/www.draamateater.ee\/en\/wp-json\/wp\/v2\/types\/page"}],"author":[{"embeddable":true,"href":"https:\/\/www.draamateater.ee\/en\/wp-json\/wp\/v2\/users\/5"}],"replies":[{"embeddable":true,"href":"https:\/\/www.draamateater.ee\/en\/wp-json\/wp\/v2\/comments?post=9206"}],"version-history":[{"count":11,"href":"https:\/\/www.draamateater.ee\/en\/wp-json\/wp\/v2\/pages\/9206\/revisions"}],"predecessor-version":[{"id":30293,"href":"https:\/\/www.draamateater.ee\/en\/wp-json\/wp\/v2\/pages\/9206\/revisions\/30293"}],"up":[{"embeddable":true,"href":"https:\/\/www.draamateater.ee\/en\/wp-json\/wp\/v2\/pages\/2381"}],"wp:attachment":[{"href":"https:\/\/www.draamateater.ee\/en\/wp-json\/wp\/v2\/media?parent=9206"}],"curies":[{"name":"wp","href":"https:\/\/api.w.org\/{rel}","templated":true}]}}