{"id":9220,"date":"2020-05-13T10:54:51","date_gmt":"2020-05-13T07:54:51","guid":{"rendered":"https:\/\/www.draamateater.ee\/?page_id=9220"},"modified":"2022-06-02T10:38:56","modified_gmt":"2022-06-02T07:38:56","slug":"1989-2000","status":"publish","type":"page","link":"https:\/\/www.draamateater.ee\/en\/ajalugu\/1989-2000\/","title":{"rendered":"1989\u20132000"},"content":{"rendered":"\n<h2 class=\"wp-block-heading\">Taas iseseisvus<\/h2>\n\n\n\n<p>Esimesel v\u00f5imalusel taastati teatri ajalooline nimi: 1989. aastast alates on see j\u00e4lle Eesti Draamateater.<br><br>1990ndate kiiresti muutuvas \u00fchiskonnas korraldas teatri tegevust \u00fcldjuht Margus Allikmaa. Eestis muutus kultuuri ja teatri roll, muutusid vaba aja veetmise v\u00f5imalused ja harjumused. Teater otsis taas oma kohta, kontakti publikuga, ja taas p\u00f6\u00f6rduti otsustavalt kaasaegsete eesti autorite poole: Priit Pedajase lavastustega algas Madis K\u00f5ivu n\u00e4idendite massiivne saabumine eesti teatrisse, Mati Undi lavastusega algas Andrus Kivir\u00e4hki pikk viljakas koost\u00f6\u00f6 Draamateatriga. Publiku arvu langedes toodi v\u00e4lja rohkem uusi lavastusi, esietendusi oli m\u00f5nel hooajal \u00fcle 20 (tavap\u00e4rase k\u00fcmmekonna asemel). Innukalt kasutati avanenud v\u00f5imalust lavastada kaasaegset v\u00e4lisdramaturgiat. Mati Unt lavastas ja dramatiseeris nii Eesti ja maailmaklassikat kui ka v\u00e4hem tuntud kaasaegset maailmakirjandust. Kujunes v\u00e4ga mitmekesine repertuaar, teatris t\u00f6\u00f6tasid kunstiliselt eriilmelised lavastajaid, nagu Mikk Mikiver, Priit Pedajas, Mati Unt, Evald Hermak\u00fcla, Juhan Viiding, Merle Karusoo, Ivo Eensalu, Hendrik Toompere, Ain Prosa, Katri Kaasik-Aaslav, Georg Malvius, kujundusi tegid Aime Unt, Vadim Fomit\u0161ev, Pille J\u00e4nes, Mati Unt, Lilja Blumenfeld, Riina Vanhanen, Ervin \u00d5unapuu jt. Trupiga liitusid Aarne \u00dcksk\u00fcla, \u00dclle Kaljuste, Guido Kangur, Kaie Mihkelson, Taavi Eelmaa, Mait Malmsten, Elina Reinold, Ivo Uukkivi, Maria Avdjushko, T\u00f5nu Kark, Sulev Luik, Laine M\u00e4gi, Taavi Teplenkov, Tiit Sukk, Jan Uusp\u00f5ld, Harriet Toompere jt. K\u00fcmnendi l\u00f5pul olid kunstilisteks juhtideks Priit Pedajas ja Merle Karusoo.<\/p>\n\n\n\n<p>Lavastusi: Becketti \u201e\u00d5nnelikud p\u00e4evad\u201d (Juhan Viiding ja r\u00fchmat\u00f6\u00f6, 1989), Moli\u00e8re\u2019i \u201eKodanlasest aadlimees\u201d (Lembit Peterson, 1990), Woodi \u201ePiparkoogimehike\u201d (Ivo Eensalu, 1991), K\u00f5ivu \u201eKokkusaamine\u201d (Priit Pedajas, 1991), K\u00f5ivu \u201eTagasitulek isa juurde\u201d (Priit Pedajas, 1993), Ibseni \u201eHedda Gabler\u201d (Katri Kaasik-Aaslav, 1993), Aho \u201eRaudtee\u201d (Evald Hermak\u00fcla, 1993), O\u2019Neilli \u201ePikk p\u00e4evatee kaob \u00f6\u00f6sse\u201d (Mikk Mikiver, 1994), Puigi \u201e\u00c4mbliknaise suudlus\u201d (Georg Malvius, 1994), K\u00f5ivu \u201eFilosoofip\u00e4ev\u201d (Priit Pedajas, 1994), Mameti \u201eOleanna\u201d (Mati Unt, 1995), Ridley \u201eMaailmak\u00f5iksuse kiireim kell\u201d (Hendrik Toompere, 1995), Kruusvalli \u201eHullumeelne professor, tema eluk\u00e4ik\u201d (Mikk Mikiver, 1996), Karusoo \u201eKured l\u00e4inud, kurjad ilmad\u201d (Merle Karusoo, 1997), Albee \u201eKolm pikka naist\u201d (Priit Pedajas, 1997), Dickensi ja Edgari \u201eNicholas Nickleby elu ja seiklused\u201c (Georg Malvius 1997), Lindgreni ja Pedajase \u201eMao tee kalju peal\u201d (Priit Pedajas, 1998), Hwangi \u201eM Butterfly\u201d (Mati Unt, 1998), Reza \u201eKunst\u201d (Hendrik Toompere, 1998), Shakespeare\u2019i \u201eKuningas Richard Kolmanda trag\u00f6\u00f6dia\u201d (Mati Unt, 1998), Karusoo \u201eK\u00fc\u00fcdipoisid\u201d (Merle Karusoo, 1998), Widmeri \u201eTopp Dogs\u201d (Ain Prosa, 1999).<\/p>\n","protected":false},"excerpt":{"rendered":"<p>Taas iseseisvus Esimesel v\u00f5imalusel taastati teatri ajalooline nimi: 1989. aastast alates on see j\u00e4lle Eesti Draamateater. 1990ndate kiiresti muutuvas \u00fchiskonnas korraldas teatri tegevust \u00fcldjuht Margus Allikmaa. Eestis muutus kultuuri ja teatri roll, muutusid vaba aja veetmise v\u00f5imalused ja harjumused. Teater otsis taas oma kohta, kontakti publikuga, ja taas p\u00f6\u00f6rduti otsustavalt kaasaegsete eesti autorite poole: Priit [&hellip;]<\/p>\n","protected":false},"author":5,"featured_media":0,"parent":2381,"menu_order":29,"comment_status":"closed","ping_status":"closed","template":"","meta":{"_acf_changed":false,"footnotes":""},"class_list":["post-9220","page","type-page","status-publish","hentry"],"acf":[],"yoast_head":"<!-- This site is optimized with the Yoast SEO plugin v27.4 - https:\/\/yoast.com\/product\/yoast-seo-wordpress\/ -->\n<title>1989\u20132000 - Draamateater<\/title>\n<meta name=\"description\" content=\"Esimesel v\u00f5imalusel taastati teatri ajalooline nimi: 1989. aastast alates on see j\u00e4lle Eesti Draamateater. \u00dclevaade 1989-2000.\" \/>\n<meta name=\"robots\" content=\"index, follow, max-snippet:-1, max-image-preview:large, max-video-preview:-1\" \/>\n<link rel=\"canonical\" href=\"https:\/\/www.draamateater.ee\/en\/ajalugu\/1989-2000\/\" \/>\n<meta property=\"og:locale\" content=\"en_US\" \/>\n<meta property=\"og:type\" content=\"article\" \/>\n<meta property=\"og:title\" content=\"1989\u20132000 - Draamateater\" \/>\n<meta property=\"og:description\" content=\"Esimesel v\u00f5imalusel taastati teatri ajalooline nimi: 1989. aastast alates on see j\u00e4lle Eesti Draamateater. \u00dclevaade 1989-2000.\" \/>\n<meta property=\"og:url\" content=\"https:\/\/www.draamateater.ee\/en\/ajalugu\/1989-2000\/\" \/>\n<meta property=\"og:site_name\" content=\"Draamateater\" \/>\n<meta property=\"article:publisher\" content=\"https:\/\/www.facebook.com\/draamateater\/\" \/>\n<meta property=\"article:modified_time\" content=\"2022-06-02T07:38:56+00:00\" \/>\n<meta name=\"twitter:card\" content=\"summary_large_image\" \/>\n<meta name=\"twitter:label1\" content=\"Est. reading time\" \/>\n\t<meta name=\"twitter:data1\" content=\"2 minutes\" \/>\n<script type=\"application\/ld+json\" class=\"yoast-schema-graph\">{\"@context\":\"https:\\\/\\\/schema.org\",\"@graph\":[{\"@type\":\"WebPage\",\"@id\":\"https:\\\/\\\/www.draamateater.ee\\\/en\\\/ajalugu\\\/1989-2000\\\/\",\"url\":\"https:\\\/\\\/www.draamateater.ee\\\/en\\\/ajalugu\\\/1989-2000\\\/\",\"name\":\"1989\u20132000 - Draamateater\",\"isPartOf\":{\"@id\":\"https:\\\/\\\/www.draamateater.ee\\\/en\\\/#website\"},\"datePublished\":\"2020-05-13T07:54:51+00:00\",\"dateModified\":\"2022-06-02T07:38:56+00:00\",\"description\":\"Esimesel v\u00f5imalusel taastati teatri ajalooline nimi: 1989. aastast alates on see j\u00e4lle Eesti Draamateater. \u00dclevaade 1989-2000.\",\"breadcrumb\":{\"@id\":\"https:\\\/\\\/www.draamateater.ee\\\/en\\\/ajalugu\\\/1989-2000\\\/#breadcrumb\"},\"inLanguage\":\"en-US\",\"potentialAction\":[{\"@type\":\"ReadAction\",\"target\":[\"https:\\\/\\\/www.draamateater.ee\\\/en\\\/ajalugu\\\/1989-2000\\\/\"]}]},{\"@type\":\"BreadcrumbList\",\"@id\":\"https:\\\/\\\/www.draamateater.ee\\\/en\\\/ajalugu\\\/1989-2000\\\/#breadcrumb\",\"itemListElement\":[{\"@type\":\"ListItem\",\"position\":1,\"name\":\"Home\",\"item\":\"https:\\\/\\\/www.draamateater.ee\\\/en\\\/avaleht\\\/?lang=en\"},{\"@type\":\"ListItem\",\"position\":2,\"name\":\"Ajalugu\",\"item\":\"https:\\\/\\\/www.draamateater.ee\\\/en\\\/ajalugu\\\/\"},{\"@type\":\"ListItem\",\"position\":3,\"name\":\"1989\u20132000\"}]},{\"@type\":\"WebSite\",\"@id\":\"https:\\\/\\\/www.draamateater.ee\\\/en\\\/#website\",\"url\":\"https:\\\/\\\/www.draamateater.ee\\\/en\\\/\",\"name\":\"Draamateater\",\"description\":\"\",\"potentialAction\":[{\"@type\":\"SearchAction\",\"target\":{\"@type\":\"EntryPoint\",\"urlTemplate\":\"https:\\\/\\\/www.draamateater.ee\\\/en\\\/?s={search_term_string}\"},\"query-input\":{\"@type\":\"PropertyValueSpecification\",\"valueRequired\":true,\"valueName\":\"search_term_string\"}}],\"inLanguage\":\"en-US\"}]}<\/script>\n<!-- \/ Yoast SEO plugin. -->","yoast_head_json":{"title":"1989\u20132000 - Draamateater","description":"Esimesel v\u00f5imalusel taastati teatri ajalooline nimi: 1989. aastast alates on see j\u00e4lle Eesti Draamateater. \u00dclevaade 1989-2000.","robots":{"index":"index","follow":"follow","max-snippet":"max-snippet:-1","max-image-preview":"max-image-preview:large","max-video-preview":"max-video-preview:-1"},"canonical":"https:\/\/www.draamateater.ee\/en\/ajalugu\/1989-2000\/","og_locale":"en_US","og_type":"article","og_title":"1989\u20132000 - Draamateater","og_description":"Esimesel v\u00f5imalusel taastati teatri ajalooline nimi: 1989. aastast alates on see j\u00e4lle Eesti Draamateater. \u00dclevaade 1989-2000.","og_url":"https:\/\/www.draamateater.ee\/en\/ajalugu\/1989-2000\/","og_site_name":"Draamateater","article_publisher":"https:\/\/www.facebook.com\/draamateater\/","article_modified_time":"2022-06-02T07:38:56+00:00","twitter_card":"summary_large_image","twitter_misc":{"Est. reading time":"2 minutes"},"schema":{"@context":"https:\/\/schema.org","@graph":[{"@type":"WebPage","@id":"https:\/\/www.draamateater.ee\/en\/ajalugu\/1989-2000\/","url":"https:\/\/www.draamateater.ee\/en\/ajalugu\/1989-2000\/","name":"1989\u20132000 - Draamateater","isPartOf":{"@id":"https:\/\/www.draamateater.ee\/en\/#website"},"datePublished":"2020-05-13T07:54:51+00:00","dateModified":"2022-06-02T07:38:56+00:00","description":"Esimesel v\u00f5imalusel taastati teatri ajalooline nimi: 1989. aastast alates on see j\u00e4lle Eesti Draamateater. \u00dclevaade 1989-2000.","breadcrumb":{"@id":"https:\/\/www.draamateater.ee\/en\/ajalugu\/1989-2000\/#breadcrumb"},"inLanguage":"en-US","potentialAction":[{"@type":"ReadAction","target":["https:\/\/www.draamateater.ee\/en\/ajalugu\/1989-2000\/"]}]},{"@type":"BreadcrumbList","@id":"https:\/\/www.draamateater.ee\/en\/ajalugu\/1989-2000\/#breadcrumb","itemListElement":[{"@type":"ListItem","position":1,"name":"Home","item":"https:\/\/www.draamateater.ee\/en\/avaleht\/?lang=en"},{"@type":"ListItem","position":2,"name":"Ajalugu","item":"https:\/\/www.draamateater.ee\/en\/ajalugu\/"},{"@type":"ListItem","position":3,"name":"1989\u20132000"}]},{"@type":"WebSite","@id":"https:\/\/www.draamateater.ee\/en\/#website","url":"https:\/\/www.draamateater.ee\/en\/","name":"Draamateater","description":"","potentialAction":[{"@type":"SearchAction","target":{"@type":"EntryPoint","urlTemplate":"https:\/\/www.draamateater.ee\/en\/?s={search_term_string}"},"query-input":{"@type":"PropertyValueSpecification","valueRequired":true,"valueName":"search_term_string"}}],"inLanguage":"en-US"}]}},"_links":{"self":[{"href":"https:\/\/www.draamateater.ee\/en\/wp-json\/wp\/v2\/pages\/9220","targetHints":{"allow":["GET"]}}],"collection":[{"href":"https:\/\/www.draamateater.ee\/en\/wp-json\/wp\/v2\/pages"}],"about":[{"href":"https:\/\/www.draamateater.ee\/en\/wp-json\/wp\/v2\/types\/page"}],"author":[{"embeddable":true,"href":"https:\/\/www.draamateater.ee\/en\/wp-json\/wp\/v2\/users\/5"}],"replies":[{"embeddable":true,"href":"https:\/\/www.draamateater.ee\/en\/wp-json\/wp\/v2\/comments?post=9220"}],"version-history":[{"count":4,"href":"https:\/\/www.draamateater.ee\/en\/wp-json\/wp\/v2\/pages\/9220\/revisions"}],"predecessor-version":[{"id":22119,"href":"https:\/\/www.draamateater.ee\/en\/wp-json\/wp\/v2\/pages\/9220\/revisions\/22119"}],"up":[{"embeddable":true,"href":"https:\/\/www.draamateater.ee\/en\/wp-json\/wp\/v2\/pages\/2381"}],"wp:attachment":[{"href":"https:\/\/www.draamateater.ee\/en\/wp-json\/wp\/v2\/media?parent=9220"}],"curies":[{"name":"wp","href":"https:\/\/api.w.org\/{rel}","templated":true}]}}