{"id":9964,"date":"2020-10-28T15:24:36","date_gmt":"2020-10-28T12:24:36","guid":{"rendered":"https:\/\/www.draamateater.ee\/?page_id=9964"},"modified":"2024-11-04T18:50:43","modified_gmt":"2024-11-04T15:50:43","slug":"uldine","status":"publish","type":"page","link":"https:\/\/www.draamateater.ee\/en\/ajalugu\/uldine\/","title":{"rendered":"Sissejuhatus"},"content":{"rendered":"\n<figure class=\"wp-block-image size-large\"><img loading=\"lazy\" decoding=\"async\" width=\"2048\" height=\"1277\" src=\"https:\/\/www.draamateater.ee\/wp-content\/uploads\/2020\/02\/1910-1.jpg\" alt=\"\" class=\"wp-image-5715\" srcset=\"https:\/\/www.draamateater.ee\/wp-content\/uploads\/2020\/02\/1910-1.jpg 2048w, https:\/\/www.draamateater.ee\/wp-content\/uploads\/2020\/02\/1910-1-1920x1197.jpg 1920w, https:\/\/www.draamateater.ee\/wp-content\/uploads\/2020\/02\/1910-1-640x399.jpg 640w, https:\/\/www.draamateater.ee\/wp-content\/uploads\/2020\/02\/1910-1-768x479.jpg 768w, https:\/\/www.draamateater.ee\/wp-content\/uploads\/2020\/02\/1910-1-1536x958.jpg 1536w\" sizes=\"auto, (max-width: 2048px) 100vw, 2048px\" \/><\/figure>\n\n\n\n<p>Eesti Draamateater kasvas v\u00e4lja koolist. Aastal 1920 alustas tegevust Eesti esimene teatrikool, Paul Sepa erastuudio. Selle baasil tekkinud Draamastuudio teatrikooli esimese lennu l\u00f5petajad asutasid 1924. aastal Draamastuudio Teatri, mis 1937 sai nimeks Eesti Draamateater. Aja jooksul on teater kandnud ka teisi nimesid, n\u00f5ukogude ajal oli ta Tallinna Riiklik Draamateater, Eesti Vabariigi iseseisvuse taastamise aegu saadi tagasi Eesti Draamateatri nimi (1989). Eesti Draamateater sisuliselt t\u00e4itnud Eesti rahvusteatri rolli. J\u00e4rjepidevalt on tehtud koost\u00f6\u00f6d kaasaegsete eesti autoritega. Algaastatest t\u00e4naseni on p\u00f6\u00f6ratud suurt t\u00e4helepanu maailmaklassikale ning eri maade uuele dramaturgiale.<\/p>\n\n\n\n<p>Teater on algusest peale tegutsenud Tallinna kesklinnas asuvas kaunis, art nouveau stiilis Saksa teatri majas, mis on Eesti k\u00f5ige vanem s\u00e4ilinud teatrimaja (valmis 1910, mitmed vanemad teatrihooned h\u00e4visid II maailmas\u00f5jas).<\/p>\n\n\n\n<p>Eesti Draamateater on Eesti suurim s\u00f5nateater, siin on 37 n\u00e4itlejaga p\u00fcsitrupp ja \u00fcks koosseisuline lavastaja. Igal hooajal on teatris k\u00fcmmekond esietendust ja jooksvas repertuaaris \u00fcle 20 lavastuse, aasta jooksul annab Eesti Draamateater \u00fcle 500 etenduse ja neid vaatab \u00fcle 100 000 vaataja.<\/p>\n","protected":false},"excerpt":{"rendered":"<p>Eesti Draamateater kasvas v\u00e4lja koolist. Aastal 1920 alustas tegevust Eesti esimene teatrikool, Paul Sepa erastuudio. Selle baasil tekkinud Draamastuudio teatrikooli esimese lennu l\u00f5petajad asutasid 1924. aastal Draamastuudio Teatri, mis 1937 sai nimeks Eesti Draamateater. Aja jooksul on teater kandnud ka teisi nimesid, n\u00f5ukogude ajal oli ta Tallinna Riiklik Draamateater, Eesti Vabariigi iseseisvuse taastamise aegu saadi [&hellip;]<\/p>\n","protected":false},"author":3,"featured_media":0,"parent":2381,"menu_order":24,"comment_status":"closed","ping_status":"closed","template":"","meta":{"_acf_changed":false,"footnotes":""},"class_list":["post-9964","page","type-page","status-publish","hentry"],"acf":[],"yoast_head":"<!-- This site is optimized with the Yoast SEO plugin v27.4 - https:\/\/yoast.com\/product\/yoast-seo-wordpress\/ -->\n<title>Sissejuhatus - Draamateater<\/title>\n<meta name=\"description\" content=\"Sissejuhatus Draamateatri ajaloosse. Draamateatri ajalugu ulatub 1920. aastasse. Draamateater on Eesti suurim s\u00f5nateater.\" \/>\n<meta name=\"robots\" content=\"index, follow, max-snippet:-1, max-image-preview:large, max-video-preview:-1\" \/>\n<link rel=\"canonical\" href=\"https:\/\/www.draamateater.ee\/en\/ajalugu\/uldine\/\" \/>\n<meta property=\"og:locale\" content=\"en_US\" \/>\n<meta property=\"og:type\" content=\"article\" \/>\n<meta property=\"og:title\" content=\"Ajalugu\" \/>\n<meta property=\"og:description\" content=\"Sissejuhatus Draamateatri ajaloosse.\" \/>\n<meta property=\"og:url\" content=\"https:\/\/www.draamateater.ee\/en\/ajalugu\/uldine\/\" \/>\n<meta property=\"og:site_name\" content=\"Draamateater\" \/>\n<meta property=\"article:publisher\" content=\"https:\/\/www.facebook.com\/draamateater\/\" \/>\n<meta property=\"article:modified_time\" content=\"2024-11-04T15:50:43+00:00\" \/>\n<meta property=\"og:image\" content=\"https:\/\/www.draamateater.ee\/wp-content\/uploads\/2020\/02\/1910-1.jpg\" \/>\n\t<meta property=\"og:image:width\" content=\"2048\" \/>\n\t<meta property=\"og:image:height\" content=\"1277\" \/>\n\t<meta property=\"og:image:type\" content=\"image\/jpeg\" \/>\n<meta name=\"twitter:card\" content=\"summary_large_image\" \/>\n<meta name=\"twitter:label1\" content=\"Est. reading time\" \/>\n\t<meta name=\"twitter:data1\" content=\"2 minutes\" \/>\n<script type=\"application\/ld+json\" class=\"yoast-schema-graph\">{\"@context\":\"https:\\\/\\\/schema.org\",\"@graph\":[{\"@type\":\"WebPage\",\"@id\":\"https:\\\/\\\/www.draamateater.ee\\\/en\\\/ajalugu\\\/uldine\\\/\",\"url\":\"https:\\\/\\\/www.draamateater.ee\\\/en\\\/ajalugu\\\/uldine\\\/\",\"name\":\"Sissejuhatus - Draamateater\",\"isPartOf\":{\"@id\":\"https:\\\/\\\/www.draamateater.ee\\\/en\\\/#website\"},\"primaryImageOfPage\":{\"@id\":\"https:\\\/\\\/www.draamateater.ee\\\/en\\\/ajalugu\\\/uldine\\\/#primaryimage\"},\"image\":{\"@id\":\"https:\\\/\\\/www.draamateater.ee\\\/en\\\/ajalugu\\\/uldine\\\/#primaryimage\"},\"thumbnailUrl\":\"https:\\\/\\\/www.draamateater.ee\\\/wp-content\\\/uploads\\\/2020\\\/02\\\/1910-1.jpg\",\"datePublished\":\"2020-10-28T12:24:36+00:00\",\"dateModified\":\"2024-11-04T15:50:43+00:00\",\"description\":\"Sissejuhatus Draamateatri ajaloosse. Draamateatri ajalugu ulatub 1920. aastasse. Draamateater on Eesti suurim s\u00f5nateater.\",\"breadcrumb\":{\"@id\":\"https:\\\/\\\/www.draamateater.ee\\\/en\\\/ajalugu\\\/uldine\\\/#breadcrumb\"},\"inLanguage\":\"en-US\",\"potentialAction\":[{\"@type\":\"ReadAction\",\"target\":[\"https:\\\/\\\/www.draamateater.ee\\\/en\\\/ajalugu\\\/uldine\\\/\"]}]},{\"@type\":\"ImageObject\",\"inLanguage\":\"en-US\",\"@id\":\"https:\\\/\\\/www.draamateater.ee\\\/en\\\/ajalugu\\\/uldine\\\/#primaryimage\",\"url\":\"https:\\\/\\\/www.draamateater.ee\\\/wp-content\\\/uploads\\\/2020\\\/02\\\/1910-1.jpg\",\"contentUrl\":\"https:\\\/\\\/www.draamateater.ee\\\/wp-content\\\/uploads\\\/2020\\\/02\\\/1910-1.jpg\"},{\"@type\":\"BreadcrumbList\",\"@id\":\"https:\\\/\\\/www.draamateater.ee\\\/en\\\/ajalugu\\\/uldine\\\/#breadcrumb\",\"itemListElement\":[{\"@type\":\"ListItem\",\"position\":1,\"name\":\"Home\",\"item\":\"https:\\\/\\\/www.draamateater.ee\\\/en\\\/avaleht\\\/?lang=en\"},{\"@type\":\"ListItem\",\"position\":2,\"name\":\"Ajalugu\",\"item\":\"https:\\\/\\\/www.draamateater.ee\\\/en\\\/ajalugu\\\/\"},{\"@type\":\"ListItem\",\"position\":3,\"name\":\"Sissejuhatus\"}]},{\"@type\":\"WebSite\",\"@id\":\"https:\\\/\\\/www.draamateater.ee\\\/en\\\/#website\",\"url\":\"https:\\\/\\\/www.draamateater.ee\\\/en\\\/\",\"name\":\"Draamateater\",\"description\":\"\",\"potentialAction\":[{\"@type\":\"SearchAction\",\"target\":{\"@type\":\"EntryPoint\",\"urlTemplate\":\"https:\\\/\\\/www.draamateater.ee\\\/en\\\/?s={search_term_string}\"},\"query-input\":{\"@type\":\"PropertyValueSpecification\",\"valueRequired\":true,\"valueName\":\"search_term_string\"}}],\"inLanguage\":\"en-US\"}]}<\/script>\n<!-- \/ Yoast SEO plugin. -->","yoast_head_json":{"title":"Sissejuhatus - Draamateater","description":"Sissejuhatus Draamateatri ajaloosse. Draamateatri ajalugu ulatub 1920. aastasse. Draamateater on Eesti suurim s\u00f5nateater.","robots":{"index":"index","follow":"follow","max-snippet":"max-snippet:-1","max-image-preview":"max-image-preview:large","max-video-preview":"max-video-preview:-1"},"canonical":"https:\/\/www.draamateater.ee\/en\/ajalugu\/uldine\/","og_locale":"en_US","og_type":"article","og_title":"Ajalugu","og_description":"Sissejuhatus Draamateatri ajaloosse.","og_url":"https:\/\/www.draamateater.ee\/en\/ajalugu\/uldine\/","og_site_name":"Draamateater","article_publisher":"https:\/\/www.facebook.com\/draamateater\/","article_modified_time":"2024-11-04T15:50:43+00:00","og_image":[{"width":2048,"height":1277,"url":"https:\/\/www.draamateater.ee\/wp-content\/uploads\/2020\/02\/1910-1.jpg","type":"image\/jpeg"}],"twitter_card":"summary_large_image","twitter_misc":{"Est. reading time":"2 minutes"},"schema":{"@context":"https:\/\/schema.org","@graph":[{"@type":"WebPage","@id":"https:\/\/www.draamateater.ee\/en\/ajalugu\/uldine\/","url":"https:\/\/www.draamateater.ee\/en\/ajalugu\/uldine\/","name":"Sissejuhatus - Draamateater","isPartOf":{"@id":"https:\/\/www.draamateater.ee\/en\/#website"},"primaryImageOfPage":{"@id":"https:\/\/www.draamateater.ee\/en\/ajalugu\/uldine\/#primaryimage"},"image":{"@id":"https:\/\/www.draamateater.ee\/en\/ajalugu\/uldine\/#primaryimage"},"thumbnailUrl":"https:\/\/www.draamateater.ee\/wp-content\/uploads\/2020\/02\/1910-1.jpg","datePublished":"2020-10-28T12:24:36+00:00","dateModified":"2024-11-04T15:50:43+00:00","description":"Sissejuhatus Draamateatri ajaloosse. Draamateatri ajalugu ulatub 1920. aastasse. Draamateater on Eesti suurim s\u00f5nateater.","breadcrumb":{"@id":"https:\/\/www.draamateater.ee\/en\/ajalugu\/uldine\/#breadcrumb"},"inLanguage":"en-US","potentialAction":[{"@type":"ReadAction","target":["https:\/\/www.draamateater.ee\/en\/ajalugu\/uldine\/"]}]},{"@type":"ImageObject","inLanguage":"en-US","@id":"https:\/\/www.draamateater.ee\/en\/ajalugu\/uldine\/#primaryimage","url":"https:\/\/www.draamateater.ee\/wp-content\/uploads\/2020\/02\/1910-1.jpg","contentUrl":"https:\/\/www.draamateater.ee\/wp-content\/uploads\/2020\/02\/1910-1.jpg"},{"@type":"BreadcrumbList","@id":"https:\/\/www.draamateater.ee\/en\/ajalugu\/uldine\/#breadcrumb","itemListElement":[{"@type":"ListItem","position":1,"name":"Home","item":"https:\/\/www.draamateater.ee\/en\/avaleht\/?lang=en"},{"@type":"ListItem","position":2,"name":"Ajalugu","item":"https:\/\/www.draamateater.ee\/en\/ajalugu\/"},{"@type":"ListItem","position":3,"name":"Sissejuhatus"}]},{"@type":"WebSite","@id":"https:\/\/www.draamateater.ee\/en\/#website","url":"https:\/\/www.draamateater.ee\/en\/","name":"Draamateater","description":"","potentialAction":[{"@type":"SearchAction","target":{"@type":"EntryPoint","urlTemplate":"https:\/\/www.draamateater.ee\/en\/?s={search_term_string}"},"query-input":{"@type":"PropertyValueSpecification","valueRequired":true,"valueName":"search_term_string"}}],"inLanguage":"en-US"}]}},"_links":{"self":[{"href":"https:\/\/www.draamateater.ee\/en\/wp-json\/wp\/v2\/pages\/9964","targetHints":{"allow":["GET"]}}],"collection":[{"href":"https:\/\/www.draamateater.ee\/en\/wp-json\/wp\/v2\/pages"}],"about":[{"href":"https:\/\/www.draamateater.ee\/en\/wp-json\/wp\/v2\/types\/page"}],"author":[{"embeddable":true,"href":"https:\/\/www.draamateater.ee\/en\/wp-json\/wp\/v2\/users\/3"}],"replies":[{"embeddable":true,"href":"https:\/\/www.draamateater.ee\/en\/wp-json\/wp\/v2\/comments?post=9964"}],"version-history":[{"count":3,"href":"https:\/\/www.draamateater.ee\/en\/wp-json\/wp\/v2\/pages\/9964\/revisions"}],"predecessor-version":[{"id":32329,"href":"https:\/\/www.draamateater.ee\/en\/wp-json\/wp\/v2\/pages\/9964\/revisions\/32329"}],"up":[{"embeddable":true,"href":"https:\/\/www.draamateater.ee\/en\/wp-json\/wp\/v2\/pages\/2381"}],"wp:attachment":[{"href":"https:\/\/www.draamateater.ee\/en\/wp-json\/wp\/v2\/media?parent=9964"}],"curies":[{"name":"wp","href":"https:\/\/api.w.org\/{rel}","templated":true}]}}